{"id":7926,"date":"2025-03-19T18:01:50","date_gmt":"2025-03-19T18:01:50","guid":{"rendered":"https:\/\/portugalhunting.com\/?page_id=7926"},"modified":"2025-03-19T19:36:41","modified_gmt":"2025-03-19T19:36:41","slug":"infoes-sudafrica","status":"publish","type":"page","link":"https:\/\/portugalhunting.com\/fr\/infoes-sudafrica\/","title":{"rendered":"SUD AFRICA PH"},"content":{"rendered":"\t\t<div data-elementor-type=\"wp-page\" data-elementor-id=\"7926\" class=\"elementor elementor-7926\" data-elementor-settings=\"[]\">\n\t\t\t\t\t\t<div class=\"elementor-inner\">\n\t\t\t\t\t\t\t<div class=\"elementor-section-wrap\">\n\t\t\t\t\t\t\t<section class=\"elementor-section elementor-top-section elementor-element elementor-element-279358c elementor-section-boxed elementor-section-height-default elementor-section-height-default\" data-id=\"279358c\" data-element_type=\"section\">\n\t\t\t\t\t\t<div class=\"elementor-container elementor-column-gap-default\">\n\t\t\t\t\t\t\t<div class=\"elementor-row\">\n\t\t\t\t\t<div class=\"elementor-column elementor-col-100 elementor-top-column elementor-element elementor-element-a22c79e\" data-id=\"a22c79e\" data-element_type=\"column\">\n\t\t\t<div class=\"elementor-column-wrap elementor-element-populated\">\n\t\t\t\t\t\t\t<div class=\"elementor-widget-wrap\">\n\t\t\t\t\t\t<div class=\"elementor-element elementor-element-e25f8c6 elementor-widget elementor-widget-heading\" data-id=\"e25f8c6\" data-element_type=\"widget\" data-widget_type=\"heading.default\">\n\t\t\t\t<div class=\"elementor-widget-container\">\n\t\t\t<h2 class=\"elementor-heading-title elementor-size-default\">SUD AFRICA<\/h2>\t\t<\/div>\n\t\t\t\t<\/div>\n\t\t\t\t\t\t<\/div>\n\t\t\t\t\t<\/div>\n\t\t<\/div>\n\t\t\t\t\t\t\t\t<\/div>\n\t\t\t\t\t<\/div>\n\t\t<\/section>\n\t\t\t\t<section class=\"elementor-section elementor-top-section elementor-element elementor-element-9d7f99b elementor-section-boxed elementor-section-height-default elementor-section-height-default\" data-id=\"9d7f99b\" data-element_type=\"section\">\n\t\t\t\t\t\t<div class=\"elementor-container elementor-column-gap-default\">\n\t\t\t\t\t\t\t<div class=\"elementor-row\">\n\t\t\t\t\t<div class=\"elementor-column elementor-col-50 elementor-top-column elementor-element elementor-element-a531910\" data-id=\"a531910\" data-element_type=\"column\">\n\t\t\t<div class=\"elementor-column-wrap elementor-element-populated\">\n\t\t\t\t\t\t\t<div class=\"elementor-widget-wrap\">\n\t\t\t\t\t\t<div class=\"elementor-element elementor-element-204dee4 elementor-widget elementor-widget-text-editor\" data-id=\"204dee4\" data-element_type=\"widget\" data-widget_type=\"text-editor.default\">\n\t\t\t\t<div class=\"elementor-widget-container\">\n\t\t\t\t\t<div class=\"elementor-text-editor elementor-clearfix\"><p>Nuestro albergue est\u00e1 construido a orillas del r\u00edo Limpopo, con una gran cantidad de ant\u00edlopes acu\u00e1ticos para ver en el bosque ribere\u00f1o. Este majestuoso animal fue la inspiraci\u00f3n para nuestro nombre que en suajili se llama Dumukwa. Est\u00e1 situado en la frontera m\u00e1s septentrional del estado sudafricano de Limpopo. Provincia y le ofrece m\u00e1s de 200.000 acres de terreno de caza de primera calidad. Podr\u00e1s acechar una gran cantidad de 52 especies de caza diferentes con profesionales de la caza altamente capacitados. La provincia m\u00e1s septentrional de Sud\u00e1frica, Limpopo, limita con Mozambique, Zimbabue y Botsuana, lo que la convierte en la entrada ideal a \u00c1frica. Esta provincia, que lleva el nombre del gran r\u00edo Limpopo que fl uye a lo largo de su frontera norte, es rica en vida silvestre, paisajes espectaculares y una gran cantidad de tesoros hist\u00f3ricos y culturales. Ubicado a la sombra de los \u00e1rboles aut\u00f3ctonos del r\u00edo Limpopo, en las orillas del majestuoso r\u00edo Limpopo, se encuentra nuestro oasis, Dumukwa Lodge. Adoptamos un ambiente informal y familiar con \u00e9nfasis en la vida informal y relajada al aire libre y ofrecemos alojamiento de lujo para familiares, amigos o grupos peque\u00f1os. Se pueden alojar hasta 14 hu\u00e9spedes en 7 lujosos chalets, decorados con un dise\u00f1o africano contempor\u00e1neo y con muebles de lujo que crean una elegancia que contrasta perfectamente con la agreste naturaleza africana.<\/p><\/div>\n\t\t\t\t<\/div>\n\t\t\t\t<\/div>\n\t\t\t\t\t\t<\/div>\n\t\t\t\t\t<\/div>\n\t\t<\/div>\n\t\t\t\t<div class=\"elementor-column elementor-col-50 elementor-top-column elementor-element elementor-element-3ce865d\" data-id=\"3ce865d\" data-element_type=\"column\">\n\t\t\t<div class=\"elementor-column-wrap elementor-element-populated\">\n\t\t\t\t\t\t\t<div class=\"elementor-widget-wrap\">\n\t\t\t\t\t\t<div class=\"elementor-element elementor-element-b58b7d8 elementor-widget elementor-widget-image\" data-id=\"b58b7d8\" data-element_type=\"widget\" data-widget_type=\"image.default\">\n\t\t\t\t<div class=\"elementor-widget-container\">\n\t\t\t\t\t<div class=\"elementor-image\">\n\t\t\t\t\t\t\t\t\t\t<img width=\"732\" height=\"1024\" src=\"https:\/\/portugalhunting.com\/wp-content\/uploads\/2025\/03\/mapa-732x1024.png\" class=\"attachment-large size-large\" alt=\"\" loading=\"lazy\" srcset=\"https:\/\/portugalhunting.com\/wp-content\/uploads\/2025\/03\/mapa-732x1024.png 732w, https:\/\/portugalhunting.com\/wp-content\/uploads\/2025\/03\/mapa-215x300.png 215w, https:\/\/portugalhunting.com\/wp-content\/uploads\/2025\/03\/mapa-768x1074.png 768w, https:\/\/portugalhunting.com\/wp-content\/uploads\/2025\/03\/mapa-1098x1536.png 1098w, https:\/\/portugalhunting.com\/wp-content\/uploads\/2025\/03\/mapa-1464x2048.png 1464w\" sizes=\"(max-width: 732px) 100vw, 732px\" \/>\t\t\t\t\t\t\t\t\t\t\t<\/div>\n\t\t\t\t<\/div>\n\t\t\t\t<\/div>\n\t\t\t\t\t\t<\/div>\n\t\t\t\t\t<\/div>\n\t\t<\/div>\n\t\t\t\t\t\t\t\t<\/div>\n\t\t\t\t\t<\/div>\n\t\t<\/section>\n\t\t\t\t<section class=\"elementor-section elementor-top-section elementor-element elementor-element-7629ca3 elementor-section-boxed elementor-section-height-default elementor-section-height-default\" data-id=\"7629ca3\" data-element_type=\"section\">\n\t\t\t\t\t\t<div class=\"elementor-container elementor-column-gap-default\">\n\t\t\t\t\t\t\t<div class=\"elementor-row\">\n\t\t\t\t\t<div class=\"elementor-column elementor-col-100 elementor-top-column elementor-element elementor-element-1b5b4df\" data-id=\"1b5b4df\" data-element_type=\"column\">\n\t\t\t<div class=\"elementor-column-wrap elementor-element-populated\">\n\t\t\t\t\t\t\t<div class=\"elementor-widget-wrap\">\n\t\t\t\t\t\t<div class=\"elementor-element elementor-element-7b15af8 elementor-widget elementor-widget-image-gallery\" data-id=\"7b15af8\" data-element_type=\"widget\" data-widget_type=\"image-gallery.default\">\n\t\t\t\t<div class=\"elementor-widget-container\">\n\t\t\t\t\t<div class=\"elementor-image-gallery\">\n\t\t\t\n\t\t<style type=\"text\/css\">\n\t\t\t#gallery-1 {\n\t\t\t\tmargin: auto;\n\t\t\t}\n\t\t\t#gallery-1 .gallery-item {\n\t\t\t\tfloat: left;\n\t\t\t\tmargin-top: 10px;\n\t\t\t\ttext-align: center;\n\t\t\t\twidth: 25%;\n\t\t\t}\n\t\t\t#gallery-1 img {\n\t\t\t\tborder: 2px solid #cfcfcf;\n\t\t\t}\n\t\t\t#gallery-1 .gallery-caption {\n\t\t\t\tmargin-left: 0;\n\t\t\t}\n\t\t\t\/* see gallery_shortcode() in wp-includes\/media.php *\/\n\t\t<\/style>\n\t\t<div id='gallery-1' class='gallery galleryid-7926 gallery-columns-4 gallery-size-thumbnail'><dl class='gallery-item'>\n\t\t\t<dt class='gallery-icon landscape'>\n\t\t\t\t<a data-elementor-open-lightbox=\"yes\" data-elementor-lightbox-slideshow=\"7b15af8\" data-elementor-lightbox-title=\"CASA\" href=\"https:\/\/portugalhunting.com\/wp-content\/uploads\/2025\/03\/CASA.jpg\" rel=\"prettyPhoto[gallery-vtys]\"><img width=\"150\" height=\"150\" src=\"https:\/\/portugalhunting.com\/wp-content\/uploads\/2025\/03\/CASA-150x150.jpg\" class=\"attachment-thumbnail size-thumbnail\" alt=\"\" loading=\"lazy\" srcset=\"https:\/\/portugalhunting.com\/wp-content\/uploads\/2025\/03\/CASA-150x150.jpg 150w, https:\/\/portugalhunting.com\/wp-content\/uploads\/2025\/03\/CASA-100x100.jpg 100w, https:\/\/portugalhunting.com\/wp-content\/uploads\/2025\/03\/CASA-500x500.jpg 500w, https:\/\/portugalhunting.com\/wp-content\/uploads\/2025\/03\/CASA-350x350.jpg 350w\" sizes=\"(max-width: 150px) 100vw, 150px\" \/><\/a>\n\t\t\t<\/dt><\/dl><dl class='gallery-item'>\n\t\t\t<dt class='gallery-icon landscape'>\n\t\t\t\t<a data-elementor-open-lightbox=\"yes\" data-elementor-lightbox-slideshow=\"7b15af8\" data-elementor-lightbox-title=\"CASA5\" href=\"https:\/\/portugalhunting.com\/wp-content\/uploads\/2025\/03\/CASA5.jpg\" rel=\"prettyPhoto[gallery-vtys]\"><img width=\"150\" height=\"150\" src=\"https:\/\/portugalhunting.com\/wp-content\/uploads\/2025\/03\/CASA5-150x150.jpg\" class=\"attachment-thumbnail size-thumbnail\" alt=\"\" loading=\"lazy\" srcset=\"https:\/\/portugalhunting.com\/wp-content\/uploads\/2025\/03\/CASA5-150x150.jpg 150w, https:\/\/portugalhunting.com\/wp-content\/uploads\/2025\/03\/CASA5-100x100.jpg 100w, https:\/\/portugalhunting.com\/wp-content\/uploads\/2025\/03\/CASA5-500x500.jpg 500w, https:\/\/portugalhunting.com\/wp-content\/uploads\/2025\/03\/CASA5-350x350.jpg 350w\" sizes=\"(max-width: 150px) 100vw, 150px\" \/><\/a>\n\t\t\t<\/dt><\/dl><dl class='gallery-item'>\n\t\t\t<dt class='gallery-icon landscape'>\n\t\t\t\t<a data-elementor-open-lightbox=\"yes\" data-elementor-lightbox-slideshow=\"7b15af8\" data-elementor-lightbox-title=\"CASA1\" href=\"https:\/\/portugalhunting.com\/wp-content\/uploads\/2025\/03\/CASA1.jpg\" rel=\"prettyPhoto[gallery-vtys]\"><img width=\"150\" height=\"150\" src=\"https:\/\/portugalhunting.com\/wp-content\/uploads\/2025\/03\/CASA1-150x150.jpg\" class=\"attachment-thumbnail size-thumbnail\" alt=\"\" loading=\"lazy\" srcset=\"https:\/\/portugalhunting.com\/wp-content\/uploads\/2025\/03\/CASA1-150x150.jpg 150w, https:\/\/portugalhunting.com\/wp-content\/uploads\/2025\/03\/CASA1-100x100.jpg 100w, https:\/\/portugalhunting.com\/wp-content\/uploads\/2025\/03\/CASA1-500x500.jpg 500w, https:\/\/portugalhunting.com\/wp-content\/uploads\/2025\/03\/CASA1-350x350.jpg 350w, https:\/\/portugalhunting.com\/wp-content\/uploads\/2025\/03\/CASA1-1000x1000.jpg 1000w\" sizes=\"(max-width: 150px) 100vw, 150px\" \/><\/a>\n\t\t\t<\/dt><\/dl><dl class='gallery-item'>\n\t\t\t<dt class='gallery-icon landscape'>\n\t\t\t\t<a data-elementor-open-lightbox=\"yes\" data-elementor-lightbox-slideshow=\"7b15af8\" data-elementor-lightbox-title=\"CASA3\" href=\"https:\/\/portugalhunting.com\/wp-content\/uploads\/2025\/03\/CASA3.jpg\" rel=\"prettyPhoto[gallery-vtys]\"><img width=\"150\" height=\"150\" src=\"https:\/\/portugalhunting.com\/wp-content\/uploads\/2025\/03\/CASA3-150x150.jpg\" class=\"attachment-thumbnail size-thumbnail\" alt=\"\" loading=\"lazy\" srcset=\"https:\/\/portugalhunting.com\/wp-content\/uploads\/2025\/03\/CASA3-150x150.jpg 150w, https:\/\/portugalhunting.com\/wp-content\/uploads\/2025\/03\/CASA3-100x100.jpg 100w, https:\/\/portugalhunting.com\/wp-content\/uploads\/2025\/03\/CASA3-500x500.jpg 500w, https:\/\/portugalhunting.com\/wp-content\/uploads\/2025\/03\/CASA3-350x350.jpg 350w, https:\/\/portugalhunting.com\/wp-content\/uploads\/2025\/03\/CASA3-1000x1000.jpg 1000w\" sizes=\"(max-width: 150px) 100vw, 150px\" \/><\/a>\n\t\t\t<\/dt><\/dl><br style=\"clear: both\" \/>\n\t\t<\/div>\n\t\t<\/div>\n\t\t\t\t<\/div>\n\t\t\t\t<\/div>\n\t\t\t\t\t\t<\/div>\n\t\t\t\t\t<\/div>\n\t\t<\/div>\n\t\t\t\t\t\t\t\t<\/div>\n\t\t\t\t\t<\/div>\n\t\t<\/section>\n\t\t\t\t<section class=\"elementor-section elementor-top-section elementor-element elementor-element-d37327c elementor-section-boxed elementor-section-height-default elementor-section-height-default\" data-id=\"d37327c\" data-element_type=\"section\">\n\t\t\t\t\t\t<div class=\"elementor-container elementor-column-gap-default\">\n\t\t\t\t\t\t\t<div class=\"elementor-row\">\n\t\t\t\t\t<div class=\"elementor-column elementor-col-100 elementor-top-column elementor-element elementor-element-54f3994\" data-id=\"54f3994\" data-element_type=\"column\">\n\t\t\t<div class=\"elementor-column-wrap elementor-element-populated\">\n\t\t\t\t\t\t\t<div class=\"elementor-widget-wrap\">\n\t\t\t\t\t\t<div class=\"elementor-element elementor-element-6200b41 elementor-widget elementor-widget-image\" data-id=\"6200b41\" data-element_type=\"widget\" data-widget_type=\"image.default\">\n\t\t\t\t<div class=\"elementor-widget-container\">\n\t\t\t\t\t<div class=\"elementor-image\">\n\t\t\t\t\t\t\t\t\t\t<img width=\"1024\" height=\"728\" src=\"https:\/\/portugalhunting.com\/wp-content\/uploads\/2025\/03\/Captura-de-ecra-2025-03-19-as-19.29.33-1024x728.png\" class=\"attachment-large size-large\" alt=\"\" loading=\"lazy\" srcset=\"https:\/\/portugalhunting.com\/wp-content\/uploads\/2025\/03\/Captura-de-ecra-2025-03-19-as-19.29.33-1024x728.png 1024w, https:\/\/portugalhunting.com\/wp-content\/uploads\/2025\/03\/Captura-de-ecra-2025-03-19-as-19.29.33-300x213.png 300w, https:\/\/portugalhunting.com\/wp-content\/uploads\/2025\/03\/Captura-de-ecra-2025-03-19-as-19.29.33-768x546.png 768w, https:\/\/portugalhunting.com\/wp-content\/uploads\/2025\/03\/Captura-de-ecra-2025-03-19-as-19.29.33-1536x1092.png 1536w, https:\/\/portugalhunting.com\/wp-content\/uploads\/2025\/03\/Captura-de-ecra-2025-03-19-as-19.29.33.png 2046w\" sizes=\"(max-width: 1024px) 100vw, 1024px\" \/>\t\t\t\t\t\t\t\t\t\t\t<\/div>\n\t\t\t\t<\/div>\n\t\t\t\t<\/div>\n\t\t\t\t\t\t<\/div>\n\t\t\t\t\t<\/div>\n\t\t<\/div>\n\t\t\t\t\t\t\t\t<\/div>\n\t\t\t\t\t<\/div>\n\t\t<\/section>\n\t\t\t\t<section class=\"elementor-section elementor-top-section elementor-element elementor-element-a3da785 elementor-section-boxed elementor-section-height-default elementor-section-height-default\" data-id=\"a3da785\" data-element_type=\"section\">\n\t\t\t\t\t\t<div class=\"elementor-container elementor-column-gap-default\">\n\t\t\t\t\t\t\t<div class=\"elementor-row\">\n\t\t\t\t\t<div class=\"elementor-column elementor-col-33 elementor-top-column elementor-element elementor-element-465b714\" data-id=\"465b714\" data-element_type=\"column\">\n\t\t\t<div class=\"elementor-column-wrap\">\n\t\t\t\t\t\t\t<div class=\"elementor-widget-wrap\">\n\t\t\t\t\t\t\t\t<\/div>\n\t\t\t\t\t<\/div>\n\t\t<\/div>\n\t\t\t\t<div class=\"elementor-column elementor-col-33 elementor-top-column elementor-element elementor-element-ca2d230\" data-id=\"ca2d230\" data-element_type=\"column\">\n\t\t\t<div class=\"elementor-column-wrap elementor-element-populated\">\n\t\t\t\t\t\t\t<div class=\"elementor-widget-wrap\">\n\t\t\t\t\t\t<div class=\"elementor-element elementor-element-d7e14f1 elementor-button-warning elementor-align-center elementor-widget elementor-widget-button\" data-id=\"d7e14f1\" data-element_type=\"widget\" data-widget_type=\"button.default\">\n\t\t\t\t<div class=\"elementor-widget-container\">\n\t\t\t\t\t<div class=\"elementor-button-wrapper\">\n\t\t\t<a href=\"https:\/\/portugalhunting.com\/wp-content\/uploads\/2025\/03\/Pacotes-especiais-2025-espanhol.pdf\" class=\"elementor-button-link elementor-button elementor-size-sm\" role=\"button\">\n\t\t\t\t\t\t<span class=\"elementor-button-content-wrapper\">\n\t\t\t\t\t\t<span class=\"elementor-button-text\">VER PAQUETES<\/span>\n\t\t<\/span>\n\t\t\t\t\t<\/a>\n\t\t<\/div>\n\t\t\t\t<\/div>\n\t\t\t\t<\/div>\n\t\t\t\t\t\t<\/div>\n\t\t\t\t\t<\/div>\n\t\t<\/div>\n\t\t\t\t<div class=\"elementor-column elementor-col-33 elementor-top-column elementor-element elementor-element-2723506\" data-id=\"2723506\" data-element_type=\"column\">\n\t\t\t<div class=\"elementor-column-wrap\">\n\t\t\t\t\t\t\t<div class=\"elementor-widget-wrap\">\n\t\t\t\t\t\t\t\t<\/div>\n\t\t\t\t\t<\/div>\n\t\t<\/div>\n\t\t\t\t\t\t\t\t<\/div>\n\t\t\t\t\t<\/div>\n\t\t<\/section>\n\t\t\t\t<section class=\"elementor-section elementor-top-section elementor-element elementor-element-a71cd8f elementor-section-boxed elementor-section-height-default elementor-section-height-default\" data-id=\"a71cd8f\" data-element_type=\"section\">\n\t\t\t\t\t\t<div class=\"elementor-container elementor-column-gap-default\">\n\t\t\t\t\t\t\t<div class=\"elementor-row\">\n\t\t\t\t\t<div class=\"elementor-column elementor-col-100 elementor-top-column elementor-element elementor-element-b127cca\" data-id=\"b127cca\" data-element_type=\"column\">\n\t\t\t<div class=\"elementor-column-wrap elementor-element-populated\">\n\t\t\t\t\t\t\t<div class=\"elementor-widget-wrap\">\n\t\t\t\t\t\t<div class=\"elementor-element elementor-element-df6ea72 elementor-widget elementor-widget-google_maps\" data-id=\"df6ea72\" data-element_type=\"widget\" data-widget_type=\"google_maps.default\">\n\t\t\t\t<div class=\"elementor-widget-container\">\n\t\t\t<div class=\"elementor-custom-embed\"><iframe frameborder=\"0\" scrolling=\"no\" marginheight=\"0\" marginwidth=\"0\" src=\"https:\/\/maps.google.com\/maps?q=Rio%20Limpopo%2C%20%C3%81frica%20&amp;t=m&amp;z=10&amp;output=embed&amp;iwloc=near\" title=\"Rio Limpopo, \u00c1frica \" aria-label=\"Rio Limpopo, \u00c1frica \"><\/iframe><\/div>\t\t<\/div>\n\t\t\t\t<\/div>\n\t\t\t\t\t\t<\/div>\n\t\t\t\t\t<\/div>\n\t\t<\/div>\n\t\t\t\t\t\t\t\t<\/div>\n\t\t\t\t\t<\/div>\n\t\t<\/section>\n\t\t\t\t\t\t<\/div>\n\t\t\t\t\t\t<\/div>\n\t\t\t\t\t<\/div>\n\t\t","protected":false},"excerpt":{"rendered":"<p>SUD AFRICA Nuestro albergue est\u00e1 construido a orillas del r\u00edo Limpopo, con una gran cantidad de ant\u00edlopes acu\u00e1ticos para ver en el bosque ribere\u00f1o. Este majestuoso animal fue la inspiraci\u00f3n&#8230;<\/p>\n","protected":false},"author":2,"featured_media":0,"parent":0,"menu_order":0,"comment_status":"closed","ping_status":"closed","template":"","meta":[],"_links":{"self":[{"href":"https:\/\/portugalhunting.com\/fr\/wp-json\/wp\/v2\/pages\/7926"}],"collection":[{"href":"https:\/\/portugalhunting.com\/fr\/wp-json\/wp\/v2\/pages"}],"about":[{"href":"https:\/\/portugalhunting.com\/fr\/wp-json\/wp\/v2\/types\/page"}],"author":[{"embeddable":true,"href":"https:\/\/portugalhunting.com\/fr\/wp-json\/wp\/v2\/users\/2"}],"replies":[{"embeddable":true,"href":"https:\/\/portugalhunting.com\/fr\/wp-json\/wp\/v2\/comments?post=7926"}],"version-history":[{"count":18,"href":"https:\/\/portugalhunting.com\/fr\/wp-json\/wp\/v2\/pages\/7926\/revisions"}],"predecessor-version":[{"id":7978,"href":"https:\/\/portugalhunting.com\/fr\/wp-json\/wp\/v2\/pages\/7926\/revisions\/7978"}],"wp:attachment":[{"href":"https:\/\/portugalhunting.com\/fr\/wp-json\/wp\/v2\/media?parent=7926"}],"curies":[{"name":"wp","href":"https:\/\/api.w.org\/{rel}","templated":true}]}}