{"id":7053,"date":"2021-01-08T10:20:57","date_gmt":"2021-01-08T10:20:57","guid":{"rendered":"https:\/\/portugalhunting.com\/?page_id=7053"},"modified":"2021-01-19T12:04:07","modified_gmt":"2021-01-19T12:04:07","slug":"cazaquistao","status":"publish","type":"page","link":"https:\/\/portugalhunting.com\/fr\/cazaquistao\/","title":{"rendered":"Cazaquist\u00e3o"},"content":{"rendered":"\t\t<div data-elementor-type=\"wp-page\" data-elementor-id=\"7053\" class=\"elementor elementor-7053\" data-elementor-settings=\"[]\">\n\t\t\t\t\t\t<div class=\"elementor-inner\">\n\t\t\t\t\t\t\t<div class=\"elementor-section-wrap\">\n\t\t\t\t\t\t\t<section class=\"elementor-section elementor-top-section elementor-element elementor-element-bcddd36 elementor-section-boxed elementor-section-height-default elementor-section-height-default\" data-id=\"bcddd36\" data-element_type=\"section\">\n\t\t\t\t\t\t<div class=\"elementor-container elementor-column-gap-default\">\n\t\t\t\t\t\t\t<div class=\"elementor-row\">\n\t\t\t\t\t<div class=\"elementor-column elementor-col-100 elementor-top-column elementor-element elementor-element-4fa499d\" data-id=\"4fa499d\" data-element_type=\"column\">\n\t\t\t<div class=\"elementor-column-wrap elementor-element-populated\">\n\t\t\t\t\t\t\t<div class=\"elementor-widget-wrap\">\n\t\t\t\t\t\t<div class=\"elementor-element elementor-element-3e7e24a elementor-widget elementor-widget-heading\" data-id=\"3e7e24a\" data-element_type=\"widget\" data-widget_type=\"heading.default\">\n\t\t\t\t<div class=\"elementor-widget-container\">\n\t\t\t<h2 class=\"elementor-heading-title elementor-size-default\">Cazaquist\u00e3o<\/h2>\t\t<\/div>\n\t\t\t\t<\/div>\n\t\t\t\t\t\t<\/div>\n\t\t\t\t\t<\/div>\n\t\t<\/div>\n\t\t\t\t\t\t\t\t<\/div>\n\t\t\t\t\t<\/div>\n\t\t<\/section>\n\t\t\t\t<section class=\"elementor-section elementor-top-section elementor-element elementor-element-ff2e709 elementor-section-boxed elementor-section-height-default elementor-section-height-default\" data-id=\"ff2e709\" data-element_type=\"section\">\n\t\t\t\t\t\t<div class=\"elementor-container elementor-column-gap-default\">\n\t\t\t\t\t\t\t<div class=\"elementor-row\">\n\t\t\t\t\t<div class=\"elementor-column elementor-col-100 elementor-top-column elementor-element elementor-element-694751e\" data-id=\"694751e\" data-element_type=\"column\">\n\t\t\t<div class=\"elementor-column-wrap elementor-element-populated\">\n\t\t\t\t\t\t\t<div class=\"elementor-widget-wrap\">\n\t\t\t\t\t\t<div class=\"elementor-element elementor-element-b238b2a elementor-widget elementor-widget-spacer\" data-id=\"b238b2a\" data-element_type=\"widget\" data-widget_type=\"spacer.default\">\n\t\t\t\t<div class=\"elementor-widget-container\">\n\t\t\t\t\t<div class=\"elementor-spacer\">\n\t\t\t<div class=\"elementor-spacer-inner\"><\/div>\n\t\t<\/div>\n\t\t\t\t<\/div>\n\t\t\t\t<\/div>\n\t\t\t\t\t\t<\/div>\n\t\t\t\t\t<\/div>\n\t\t<\/div>\n\t\t\t\t\t\t\t\t<\/div>\n\t\t\t\t\t<\/div>\n\t\t<\/section>\n\t\t\t\t<section class=\"elementor-section elementor-top-section elementor-element elementor-element-fa219d8 elementor-section-boxed elementor-section-height-default elementor-section-height-default\" data-id=\"fa219d8\" data-element_type=\"section\">\n\t\t\t\t\t\t<div class=\"elementor-container elementor-column-gap-default\">\n\t\t\t\t\t\t\t<div class=\"elementor-row\">\n\t\t\t\t\t<div class=\"elementor-column elementor-col-66 elementor-top-column elementor-element elementor-element-a83e425\" data-id=\"a83e425\" data-element_type=\"column\">\n\t\t\t<div class=\"elementor-column-wrap elementor-element-populated\">\n\t\t\t\t\t\t\t<div class=\"elementor-widget-wrap\">\n\t\t\t\t\t\t<div class=\"elementor-element elementor-element-0068bb7 elementor-widget elementor-widget-image-gallery\" data-id=\"0068bb7\" data-element_type=\"widget\" data-widget_type=\"image-gallery.default\">\n\t\t\t\t<div class=\"elementor-widget-container\">\n\t\t\t\t\t<div class=\"elementor-image-gallery\">\n\t\t\t\n\t\t<style type=\"text\/css\">\n\t\t\t#gallery-1 {\n\t\t\t\tmargin: auto;\n\t\t\t}\n\t\t\t#gallery-1 .gallery-item {\n\t\t\t\tfloat: left;\n\t\t\t\tmargin-top: 10px;\n\t\t\t\ttext-align: center;\n\t\t\t\twidth: 50%;\n\t\t\t}\n\t\t\t#gallery-1 img {\n\t\t\t\tborder: 2px solid #cfcfcf;\n\t\t\t}\n\t\t\t#gallery-1 .gallery-caption {\n\t\t\t\tmargin-left: 0;\n\t\t\t}\n\t\t\t\/* see gallery_shortcode() in wp-includes\/media.php *\/\n\t\t<\/style>\n\t\t<div id='gallery-1' class='gallery galleryid-7053 gallery-columns-2 gallery-size-medium'><dl class='gallery-item'>\n\t\t\t<dt class='gallery-icon landscape'>\n\t\t\t\t<a data-elementor-open-lightbox=\"yes\" data-elementor-lightbox-slideshow=\"0068bb7\" data-elementor-lightbox-title=\"maral_kazakhstan_01\" href=\"https:\/\/portugalhunting.com\/wp-content\/uploads\/2021\/01\/maral_kazakhstan_01.jpg\" rel=\"prettyPhoto[gallery-bgfD]\"><img width=\"300\" height=\"225\" src=\"https:\/\/portugalhunting.com\/wp-content\/uploads\/2021\/01\/maral_kazakhstan_01-300x225.jpg\" class=\"attachment-medium size-medium\" alt=\"\" loading=\"lazy\" aria-describedby=\"gallery-1-7307\" srcset=\"https:\/\/portugalhunting.com\/wp-content\/uploads\/2021\/01\/maral_kazakhstan_01-300x225.jpg 300w, https:\/\/portugalhunting.com\/wp-content\/uploads\/2021\/01\/maral_kazakhstan_01-768x576.jpg 768w, https:\/\/portugalhunting.com\/wp-content\/uploads\/2021\/01\/maral_kazakhstan_01.jpg 800w\" sizes=\"(max-width: 300px) 100vw, 300px\" \/><\/a>\n\t\t\t<\/dt>\n\t\t\t\t<dd class='wp-caption-text gallery-caption' id='gallery-1-7307'>\n\t\t\t\tMaral\n\t\t\t\t<\/dd><\/dl><dl class='gallery-item'>\n\t\t\t<dt class='gallery-icon landscape'>\n\t\t\t\t<a data-elementor-open-lightbox=\"yes\" data-elementor-lightbox-slideshow=\"0068bb7\" data-elementor-lightbox-title=\"maral_kazakhstan_02\" href=\"https:\/\/portugalhunting.com\/wp-content\/uploads\/2021\/01\/maral_kazakhstan_02.jpg\" rel=\"prettyPhoto[gallery-bgfD]\"><img width=\"300\" height=\"225\" src=\"https:\/\/portugalhunting.com\/wp-content\/uploads\/2021\/01\/maral_kazakhstan_02-300x225.jpg\" class=\"attachment-medium size-medium\" alt=\"\" loading=\"lazy\" aria-describedby=\"gallery-1-7308\" srcset=\"https:\/\/portugalhunting.com\/wp-content\/uploads\/2021\/01\/maral_kazakhstan_02-300x225.jpg 300w, https:\/\/portugalhunting.com\/wp-content\/uploads\/2021\/01\/maral_kazakhstan_02-768x576.jpg 768w, https:\/\/portugalhunting.com\/wp-content\/uploads\/2021\/01\/maral_kazakhstan_02.jpg 800w\" sizes=\"(max-width: 300px) 100vw, 300px\" \/><\/a>\n\t\t\t<\/dt>\n\t\t\t\t<dd class='wp-caption-text gallery-caption' id='gallery-1-7308'>\n\t\t\t\tMaral\n\t\t\t\t<\/dd><\/dl><br style=\"clear: both\" \/>\n\t\t<\/div>\n\t\t<\/div>\n\t\t\t\t<\/div>\n\t\t\t\t<\/div>\n\t\t\t\t\t\t<\/div>\n\t\t\t\t\t<\/div>\n\t\t<\/div>\n\t\t\t\t<div class=\"elementor-column elementor-col-33 elementor-top-column elementor-element elementor-element-697512f\" data-id=\"697512f\" data-element_type=\"column\">\n\t\t\t<div class=\"elementor-column-wrap elementor-element-populated\">\n\t\t\t\t\t\t\t<div class=\"elementor-widget-wrap\">\n\t\t\t\t\t\t<div class=\"elementor-element elementor-element-697ebdb elementor-widget elementor-widget-text-editor\" data-id=\"697ebdb\" data-element_type=\"widget\" data-widget_type=\"text-editor.default\">\n\t\t\t\t<div class=\"elementor-widget-container\">\n\t\t\t\t\t<div class=\"elementor-text-editor elementor-clearfix\"><p>O Cazaquist\u00e3o \u00e9 o local para encontrar o Veado Maral. Com hastes massivas \u00e9 em tudo semelhante ao Wapiti Norte Americano. As\u00a0 melhores \u00e1reas situam-se no Centro e Leste do pa\u00eds na fronteira com a China. Nos \u00faltimos 25 anos a taxa de sucesso \u00e9 de 100% pelo conhecimento dos guias locais. <\/p><\/div>\n\t\t\t\t<\/div>\n\t\t\t\t<\/div>\n\t\t\t\t\t\t<\/div>\n\t\t\t\t\t<\/div>\n\t\t<\/div>\n\t\t\t\t\t\t\t\t<\/div>\n\t\t\t\t\t<\/div>\n\t\t<\/section>\n\t\t\t\t<section class=\"elementor-section elementor-top-section elementor-element elementor-element-747444f elementor-section-boxed elementor-section-height-default elementor-section-height-default\" data-id=\"747444f\" data-element_type=\"section\">\n\t\t\t\t\t\t<div class=\"elementor-container elementor-column-gap-default\">\n\t\t\t\t\t\t\t<div class=\"elementor-row\">\n\t\t\t\t\t<div class=\"elementor-column elementor-col-33 elementor-top-column elementor-element elementor-element-6abe98d\" data-id=\"6abe98d\" data-element_type=\"column\">\n\t\t\t<div class=\"elementor-column-wrap elementor-element-populated\">\n\t\t\t\t\t\t\t<div class=\"elementor-widget-wrap\">\n\t\t\t\t\t\t<div class=\"elementor-element elementor-element-6db3402 elementor-widget elementor-widget-text-editor\" data-id=\"6db3402\" data-element_type=\"widget\" data-widget_type=\"text-editor.default\">\n\t\t\t\t<div class=\"elementor-widget-container\">\n\t\t\t\t\t<div class=\"elementor-text-editor elementor-clearfix\"><p>A mesma taxa de sucesso \u00e9 obtida para o Ibex da \u00c1sia Central. Se procura a excel\u00eancia deve marcar a sua viagem para este destino. Todos os dias s\u00e3o avistados numerosos exemplares, permitindo a melhor escolha.<\/p><\/div>\n\t\t\t\t<\/div>\n\t\t\t\t<\/div>\n\t\t\t\t\t\t<\/div>\n\t\t\t\t\t<\/div>\n\t\t<\/div>\n\t\t\t\t<div class=\"elementor-column elementor-col-66 elementor-top-column elementor-element elementor-element-67f7c8f\" data-id=\"67f7c8f\" data-element_type=\"column\">\n\t\t\t<div class=\"elementor-column-wrap elementor-element-populated\">\n\t\t\t\t\t\t\t<div class=\"elementor-widget-wrap\">\n\t\t\t\t\t\t<div class=\"elementor-element elementor-element-8758ffc elementor-widget elementor-widget-image-gallery\" data-id=\"8758ffc\" data-element_type=\"widget\" data-widget_type=\"image-gallery.default\">\n\t\t\t\t<div class=\"elementor-widget-container\">\n\t\t\t\t\t<div class=\"elementor-image-gallery\">\n\t\t\t\n\t\t<style type=\"text\/css\">\n\t\t\t#gallery-2 {\n\t\t\t\tmargin: auto;\n\t\t\t}\n\t\t\t#gallery-2 .gallery-item {\n\t\t\t\tfloat: left;\n\t\t\t\tmargin-top: 10px;\n\t\t\t\ttext-align: center;\n\t\t\t\twidth: 50%;\n\t\t\t}\n\t\t\t#gallery-2 img {\n\t\t\t\tborder: 2px solid #cfcfcf;\n\t\t\t}\n\t\t\t#gallery-2 .gallery-caption {\n\t\t\t\tmargin-left: 0;\n\t\t\t}\n\t\t\t\/* see gallery_shortcode() in wp-includes\/media.php *\/\n\t\t<\/style>\n\t\t<div id='gallery-2' class='gallery galleryid-7053 gallery-columns-2 gallery-size-medium_large'><dl class='gallery-item'>\n\t\t\t<dt class='gallery-icon landscape'>\n\t\t\t\t<a data-elementor-open-lightbox=\"yes\" data-elementor-lightbox-slideshow=\"8758ffc\" data-elementor-lightbox-title=\"ibex_kazakhstan_01\" href=\"https:\/\/portugalhunting.com\/wp-content\/uploads\/2021\/01\/ibex_kazakhstan_01-1.jpg\" rel=\"prettyPhoto[gallery-bgfD]\"><img width=\"768\" height=\"576\" src=\"https:\/\/portugalhunting.com\/wp-content\/uploads\/2021\/01\/ibex_kazakhstan_01-1-768x576.jpg\" class=\"attachment-medium_large size-medium_large\" alt=\"\" loading=\"lazy\" aria-describedby=\"gallery-2-7301\" srcset=\"https:\/\/portugalhunting.com\/wp-content\/uploads\/2021\/01\/ibex_kazakhstan_01-1-768x576.jpg 768w, https:\/\/portugalhunting.com\/wp-content\/uploads\/2021\/01\/ibex_kazakhstan_01-1-300x225.jpg 300w, https:\/\/portugalhunting.com\/wp-content\/uploads\/2021\/01\/ibex_kazakhstan_01-1.jpg 800w\" sizes=\"(max-width: 768px) 100vw, 768px\" \/><\/a>\n\t\t\t<\/dt>\n\t\t\t\t<dd class='wp-caption-text gallery-caption' id='gallery-2-7301'>\n\t\t\t\tIbex da \u00c1sia Central\n\t\t\t\t<\/dd><\/dl><dl class='gallery-item'>\n\t\t\t<dt class='gallery-icon landscape'>\n\t\t\t\t<a data-elementor-open-lightbox=\"yes\" data-elementor-lightbox-slideshow=\"8758ffc\" data-elementor-lightbox-title=\"ibex_kazakhstan_04\" href=\"https:\/\/portugalhunting.com\/wp-content\/uploads\/2021\/01\/ibex_kazakhstan_04-1.jpg\" rel=\"prettyPhoto[gallery-bgfD]\"><img width=\"768\" height=\"576\" src=\"https:\/\/portugalhunting.com\/wp-content\/uploads\/2021\/01\/ibex_kazakhstan_04-1-768x576.jpg\" class=\"attachment-medium_large size-medium_large\" alt=\"\" loading=\"lazy\" aria-describedby=\"gallery-2-7304\" srcset=\"https:\/\/portugalhunting.com\/wp-content\/uploads\/2021\/01\/ibex_kazakhstan_04-1-768x576.jpg 768w, https:\/\/portugalhunting.com\/wp-content\/uploads\/2021\/01\/ibex_kazakhstan_04-1-300x225.jpg 300w, https:\/\/portugalhunting.com\/wp-content\/uploads\/2021\/01\/ibex_kazakhstan_04-1.jpg 800w\" sizes=\"(max-width: 768px) 100vw, 768px\" \/><\/a>\n\t\t\t<\/dt>\n\t\t\t\t<dd class='wp-caption-text gallery-caption' id='gallery-2-7304'>\n\t\t\t\tIbex da \u00c1sia Central\n\t\t\t\t<\/dd><\/dl><br style=\"clear: both\" \/>\n\t\t<\/div>\n\t\t<\/div>\n\t\t\t\t<\/div>\n\t\t\t\t<\/div>\n\t\t\t\t\t\t<\/div>\n\t\t\t\t\t<\/div>\n\t\t<\/div>\n\t\t\t\t\t\t\t\t<\/div>\n\t\t\t\t\t<\/div>\n\t\t<\/section>\n\t\t\t\t<section class=\"elementor-section elementor-top-section elementor-element elementor-element-14dc1e3 elementor-section-boxed elementor-section-height-default elementor-section-height-default\" data-id=\"14dc1e3\" data-element_type=\"section\">\n\t\t\t\t\t\t<div class=\"elementor-container elementor-column-gap-default\">\n\t\t\t\t\t\t\t<div class=\"elementor-row\">\n\t\t\t\t\t<div class=\"elementor-column elementor-col-100 elementor-top-column elementor-element elementor-element-d8fc06c\" data-id=\"d8fc06c\" data-element_type=\"column\">\n\t\t\t<div class=\"elementor-column-wrap elementor-element-populated\">\n\t\t\t\t\t\t\t<div class=\"elementor-widget-wrap\">\n\t\t\t\t\t\t<div class=\"elementor-element elementor-element-db6fc76 elementor-widget elementor-widget-spacer\" data-id=\"db6fc76\" data-element_type=\"widget\" data-widget_type=\"spacer.default\">\n\t\t\t\t<div class=\"elementor-widget-container\">\n\t\t\t\t\t<div class=\"elementor-spacer\">\n\t\t\t<div class=\"elementor-spacer-inner\"><\/div>\n\t\t<\/div>\n\t\t\t\t<\/div>\n\t\t\t\t<\/div>\n\t\t\t\t\t\t<\/div>\n\t\t\t\t\t<\/div>\n\t\t<\/div>\n\t\t\t\t\t\t\t\t<\/div>\n\t\t\t\t\t<\/div>\n\t\t<\/section>\n\t\t\t\t<section class=\"elementor-section elementor-top-section elementor-element elementor-element-446e86f elementor-section-boxed elementor-section-height-default elementor-section-height-default\" data-id=\"446e86f\" data-element_type=\"section\">\n\t\t\t\t\t\t<div class=\"elementor-container elementor-column-gap-default\">\n\t\t\t\t\t\t\t<div class=\"elementor-row\">\n\t\t\t\t\t<div class=\"elementor-column elementor-col-100 elementor-top-column elementor-element elementor-element-220c820\" data-id=\"220c820\" data-element_type=\"column\">\n\t\t\t<div class=\"elementor-column-wrap elementor-element-populated\">\n\t\t\t\t\t\t\t<div class=\"elementor-widget-wrap\">\n\t\t\t\t\t\t<div class=\"elementor-element elementor-element-54f2d29 elementor-arrows-position-inside elementor-pagination-position-outside elementor-widget elementor-widget-image-carousel\" data-id=\"54f2d29\" data-element_type=\"widget\" data-settings=\"{&quot;navigation&quot;:&quot;both&quot;,&quot;autoplay&quot;:&quot;yes&quot;,&quot;pause_on_hover&quot;:&quot;yes&quot;,&quot;pause_on_interaction&quot;:&quot;yes&quot;,&quot;autoplay_speed&quot;:5000,&quot;infinite&quot;:&quot;yes&quot;,&quot;speed&quot;:500}\" data-widget_type=\"image-carousel.default\">\n\t\t\t\t<div class=\"elementor-widget-container\">\n\t\t\t\t\t<div class=\"elementor-image-carousel-wrapper swiper-container\" dir=\"ltr\">\n\t\t\t<div class=\"elementor-image-carousel swiper-wrapper swiper-image-stretch\">\n\t\t\t\t<div class=\"swiper-slide\"><figure class=\"swiper-slide-inner\"><img class=\"swiper-slide-image\" src=\"https:\/\/portugalhunting.com\/wp-content\/uploads\/2021\/01\/maral_kazakhstan_06-300x225.jpg\" alt=\"maral_kazakhstan_06\" \/><\/figure><\/div><div class=\"swiper-slide\"><figure class=\"swiper-slide-inner\"><img class=\"swiper-slide-image\" src=\"https:\/\/portugalhunting.com\/wp-content\/uploads\/2021\/01\/ibex_kazakhstan_06-1-300x225.jpg\" alt=\"ibex_kazakhstan_06\" \/><\/figure><\/div><div class=\"swiper-slide\"><figure class=\"swiper-slide-inner\"><img class=\"swiper-slide-image\" src=\"https:\/\/portugalhunting.com\/wp-content\/uploads\/2021\/01\/maral_kazakhstan_05-300x225.jpg\" alt=\"maral_kazakhstan_05\" \/><\/figure><\/div><div class=\"swiper-slide\"><figure class=\"swiper-slide-inner\"><img class=\"swiper-slide-image\" src=\"https:\/\/portugalhunting.com\/wp-content\/uploads\/2021\/01\/ibex_kazakhstan_05-300x225.jpg\" alt=\"ibex_kazakhstan_05\" \/><\/figure><\/div><div class=\"swiper-slide\"><figure class=\"swiper-slide-inner\"><img class=\"swiper-slide-image\" src=\"https:\/\/portugalhunting.com\/wp-content\/uploads\/2021\/01\/maral_kazakhstan_04-300x225.jpg\" alt=\"maral_kazakhstan_04\" \/><\/figure><\/div><div class=\"swiper-slide\"><figure class=\"swiper-slide-inner\"><img class=\"swiper-slide-image\" src=\"https:\/\/portugalhunting.com\/wp-content\/uploads\/2021\/01\/ibex_kazakhstan_04-1-300x225.jpg\" alt=\"Ibex da \u00c1sia Central\" \/><\/figure><\/div><div class=\"swiper-slide\"><figure class=\"swiper-slide-inner\"><img class=\"swiper-slide-image\" src=\"https:\/\/portugalhunting.com\/wp-content\/uploads\/2021\/01\/maral_kazakhstan_03-300x225.jpg\" alt=\"maral_kazakhstan_03\" \/><\/figure><\/div><div class=\"swiper-slide\"><figure class=\"swiper-slide-inner\"><img class=\"swiper-slide-image\" src=\"https:\/\/portugalhunting.com\/wp-content\/uploads\/2021\/01\/ibex_kazakhstan_03-300x225.jpg\" alt=\"ibex_kazakhstan_03\" \/><\/figure><\/div><div class=\"swiper-slide\"><figure class=\"swiper-slide-inner\"><img class=\"swiper-slide-image\" src=\"https:\/\/portugalhunting.com\/wp-content\/uploads\/2021\/01\/maral_kazakhstan_02-300x225.jpg\" alt=\"Maral\" \/><\/figure><\/div><div class=\"swiper-slide\"><figure class=\"swiper-slide-inner\"><img class=\"swiper-slide-image\" src=\"https:\/\/portugalhunting.com\/wp-content\/uploads\/2021\/01\/ibex_kazakhstan_02-300x225.jpg\" alt=\"ibex_kazakhstan_02\" \/><\/figure><\/div><div class=\"swiper-slide\"><figure class=\"swiper-slide-inner\"><img class=\"swiper-slide-image\" src=\"https:\/\/portugalhunting.com\/wp-content\/uploads\/2021\/01\/maral_kazakhstan_01-300x225.jpg\" alt=\"Maral\" \/><\/figure><\/div>\t\t\t<\/div>\n\t\t\t\t\t\t\t\t\t\t\t\t<div class=\"swiper-pagination\"><\/div>\n\t\t\t\t\t\t\t\t\t\t\t\t\t<div class=\"elementor-swiper-button elementor-swiper-button-prev\">\n\t\t\t\t\t\t<i class=\"eicon-chevron-left\" aria-hidden=\"true\"><\/i>\n\t\t\t\t\t\t<span class=\"elementor-screen-only\">Pr\u00e9c\u00e9dent<\/span>\n\t\t\t\t\t<\/div>\n\t\t\t\t\t<div class=\"elementor-swiper-button elementor-swiper-button-next\">\n\t\t\t\t\t\t<i class=\"eicon-chevron-right\" aria-hidden=\"true\"><\/i>\n\t\t\t\t\t\t<span class=\"elementor-screen-only\">Suivant<\/span>\n\t\t\t\t\t<\/div>\n\t\t\t\t\t\t\t\t\t<\/div>\n\t\t\t\t<\/div>\n\t\t\t\t<\/div>\n\t\t\t\t\t\t<\/div>\n\t\t\t\t\t<\/div>\n\t\t<\/div>\n\t\t\t\t\t\t\t\t<\/div>\n\t\t\t\t\t<\/div>\n\t\t<\/section>\n\t\t\t\t\t\t<\/div>\n\t\t\t\t\t\t<\/div>\n\t\t\t\t\t<\/div>\n\t\t","protected":false},"excerpt":{"rendered":"<p>Cazaquist\u00e3o Maral Maral O Cazaquist\u00e3o \u00e9 o local para encontrar o Veado Maral. Com hastes massivas \u00e9 em tudo semelhante ao Wapiti Norte Americano. As\u00a0 melhores \u00e1reas situam-se no Centro&#8230;<\/p>\n","protected":false},"author":2,"featured_media":0,"parent":0,"menu_order":0,"comment_status":"closed","ping_status":"closed","template":"","meta":[],"_links":{"self":[{"href":"https:\/\/portugalhunting.com\/fr\/wp-json\/wp\/v2\/pages\/7053"}],"collection":[{"href":"https:\/\/portugalhunting.com\/fr\/wp-json\/wp\/v2\/pages"}],"about":[{"href":"https:\/\/portugalhunting.com\/fr\/wp-json\/wp\/v2\/types\/page"}],"author":[{"embeddable":true,"href":"https:\/\/portugalhunting.com\/fr\/wp-json\/wp\/v2\/users\/2"}],"replies":[{"embeddable":true,"href":"https:\/\/portugalhunting.com\/fr\/wp-json\/wp\/v2\/comments?post=7053"}],"version-history":[{"count":4,"href":"https:\/\/portugalhunting.com\/fr\/wp-json\/wp\/v2\/pages\/7053\/revisions"}],"predecessor-version":[{"id":7315,"href":"https:\/\/portugalhunting.com\/fr\/wp-json\/wp\/v2\/pages\/7053\/revisions\/7315"}],"wp:attachment":[{"href":"https:\/\/portugalhunting.com\/fr\/wp-json\/wp\/v2\/media?parent=7053"}],"curies":[{"name":"wp","href":"https:\/\/api.w.org\/{rel}","templated":true}]}}