{"id":6473,"date":"2017-07-02T21:34:59","date_gmt":"2017-07-02T21:34:59","guid":{"rendered":"http:\/\/portugalhunting.com\/?page_id=6473"},"modified":"2026-01-02T12:27:53","modified_gmt":"2026-01-02T12:27:53","slug":"muflao","status":"publish","type":"page","link":"https:\/\/portugalhunting.com\/fr\/portugal\/muflao\/","title":{"rendered":"Mouflon"},"content":{"rendered":"[vc_row type=&#8221;full_width_background&#8221; full_screen_row_position=&#8221;middle&#8221; bg_image=&#8221;6723&#8243; bg_position=&#8221;center center&#8221; bg_repeat=&#8221;no-repeat&#8221; scene_position=&#8221;center&#8221; text_color=&#8221;light&#8221; text_align=&#8221;center&#8221; top_padding=&#8221;15%&#8221; bottom_padding=&#8221;15%&#8221; enable_gradient=&#8221;true&#8221; color_overlay=&#8221;#efb654&#8243; color_overlay_2=&#8221;#b37412&#8243; gradient_direction=&#8221;left_t_to_right_b&#8221; overlay_strength=&#8221;0.3&#8243;][vc_column column_padding=&#8221;no-extra-padding&#8221; column_padding_position=&#8221;all&#8221; background_color_opacity=&#8221;1&#8243; background_hover_color_opacity=&#8221;1&#8243; column_shadow=&#8221;none&#8221; width=&#8221;1\/1&#8243; tablet_text_alignment=&#8221;default&#8221; phone_text_alignment=&#8221;default&#8221; column_border_width=&#8221;none&#8221; column_border_style=&#8221;solid&#8221;][split_line_heading]\n<h1>Mouflon<\/h1>\n<p>(ovis ammon musimon)[\/split_line_heading][\/vc_column][\/vc_row][vc_row type=&#8221;full_width_content&#8221; full_screen_row_position=&#8221;middle&#8221; equal_height=&#8221;yes&#8221; content_placement=&#8221;middle&#8221; bg_color=&#8221;#ffffff&#8221; scene_position=&#8221;center&#8221; text_color=&#8221;dark&#8221; text_align=&#8221;left&#8221; top_padding=&#8221;4%&#8221; bottom_padding=&#8221;7%&#8221; overlay_strength=&#8221;0.3&#8243;][vc_column column_padding=&#8221;padding-5-percent&#8221; column_padding_position=&#8221;left&#8221; background_color_opacity=&#8221;1&#8243; background_hover_color_opacity=&#8221;1&#8243; column_shadow=&#8221;none&#8221; width=&#8221;1\/2&#8243; tablet_text_alignment=&#8221;default&#8221; phone_text_alignment=&#8221;default&#8221; column_border_width=&#8221;none&#8221; column_border_style=&#8221;solid&#8221;][vc_column_text css=&#8221;.vc_custom_1510316040693{margin-top: -8px !important;margin-bottom: -8px !important;}&#8221;]\n<h3>Portugal &#8211; Chasse au Mouflon<\/h3>\n[\/vc_column_text]<div class=\"divider-wrap\"><div style=\"height: 60px;\" class=\"divider\"><\/div><\/div>[vc_column_text]\n<ul>\n<li>Ordre: Artiodactyles<\/li>\n<li>Famille: Bovid\u00e9s<\/li>\n<li>Genre: Ovis<\/li>\n<li>Esp\u00e8ce: Ovis ammon<\/li>\n<li>Poids moyen: les m\u00e2les entre 150 et 200 kg, les femelles entre 75 et 125 kg.<\/li>\n<\/ul>\n<h4>BIOLOGIE DE L&#8217;ESP\u00c8CE<\/h4>\n<p>Le mouflon est un &#8220;b\u00e9lier sauvage&#8221; \u00e0 poil court; les m\u00e2les ont des cornes recourb\u00e9es (le troph\u00e9e de cette esp\u00e8ce) et les femelles, lorsqu&#8217;elles sont pr\u00e9sentes, sont tr\u00e8s peu d\u00e9velopp\u00e9es.<\/p>\n<p>Cette esp\u00e8ce pr\u00e9sente des valeurs moyennes de poids comprises entre 25 et 50 kg, une longueur totale de 1,10 \u00e0 1,30 m et sa hauteur au club peut varier entre 65 et 75 cm.<\/p>\n<p>Les origines du mouflon ne sont pas encore clarifi\u00e9es, les auteurs affirmant avoir cette origine chez les moutons domestiques introduits dans les \u00eeles m\u00e9diterran\u00e9ennes (Sardaigne et Corse).<\/p>\n<p>Actuellement, il a une large distribution europ\u00e9enne (Europe centrale et m\u00e9ridionale), bien qu&#8217;au Portugal son introduction soit tr\u00e8s r\u00e9cente et tr\u00e8s localis\u00e9e.<\/p>\n<p>Chez le mouflon, l&#8217;oestrus se produit en novembre et les paraisons se produisent g\u00e9n\u00e9ralement en avril. L&#8217;esp\u00e8ce est sociable; en \u00e9t\u00e9, les m\u00e2les adultes se rassemblent en groupes ind\u00e9pendants des autres groupes, form\u00e9s par les femelles et les jeunes.[\/vc_column_text][\/vc_column][vc_column centered_text=&#8221;true&#8221; column_padding=&#8221;padding-4-percent&#8221; column_padding_position=&#8221;all&#8221; background_color_opacity=&#8221;1&#8243; background_hover_color_opacity=&#8221;1&#8243; column_shadow=&#8221;none&#8221; width=&#8221;1\/2&#8243; tablet_text_alignment=&#8221;default&#8221; phone_text_alignment=&#8221;default&#8221; column_border_width=&#8221;none&#8221; column_border_style=&#8221;solid&#8221;][vc_gallery type=&#8221;nectarslider_style&#8221; images=&#8221;6594,6595,6718,6726&#8243; flexible_slider_height=&#8221;true&#8221; bullet_navigation=&#8221;true&#8221; bullet_navigation_style=&#8221;see_through&#8221; onclick=&#8221;link_image&#8221;][\/vc_column][\/vc_row]","protected":false},"excerpt":{"rendered":"<p>[vc_row type=&#8221;full_width_background&#8221; full_screen_row_position=&#8221;middle&#8221; bg_image=&#8221;6723&#8243; bg_position=&#8221;center center&#8221; bg_repeat=&#8221;no-repeat&#8221; scene_position=&#8221;center&#8221; text_color=&#8221;light&#8221; text_align=&#8221;center&#8221; top_padding=&#8221;15%&#8221; bottom_padding=&#8221;15%&#8221; enable_gradient=&#8221;true&#8221; color_overlay=&#8221;#efb654&#8243; color_overlay_2=&#8221;#b37412&#8243; gradient_direction=&#8221;left_t_to_right_b&#8221; overlay_strength=&#8221;0.3&#8243;][vc_column column_padding=&#8221;no-extra-padding&#8221; column_padding_position=&#8221;all&#8221; background_color_opacity=&#8221;1&#8243; background_hover_color_opacity=&#8221;1&#8243; column_shadow=&#8221;none&#8221; width=&#8221;1\/1&#8243; tablet_text_alignment=&#8221;default&#8221; phone_text_alignment=&#8221;default&#8221; column_border_width=&#8221;none&#8221; column_border_style=&#8221;solid&#8221;][split_line_heading] Mouflon (ovis ammon&#8230;<\/p>\n","protected":false},"author":1,"featured_media":0,"parent":6359,"menu_order":0,"comment_status":"closed","ping_status":"closed","template":"","meta":[],"_links":{"self":[{"href":"https:\/\/portugalhunting.com\/fr\/wp-json\/wp\/v2\/pages\/6473"}],"collection":[{"href":"https:\/\/portugalhunting.com\/fr\/wp-json\/wp\/v2\/pages"}],"about":[{"href":"https:\/\/portugalhunting.com\/fr\/wp-json\/wp\/v2\/types\/page"}],"author":[{"embeddable":true,"href":"https:\/\/portugalhunting.com\/fr\/wp-json\/wp\/v2\/users\/1"}],"replies":[{"embeddable":true,"href":"https:\/\/portugalhunting.com\/fr\/wp-json\/wp\/v2\/comments?post=6473"}],"version-history":[{"count":11,"href":"https:\/\/portugalhunting.com\/fr\/wp-json\/wp\/v2\/pages\/6473\/revisions"}],"predecessor-version":[{"id":8051,"href":"https:\/\/portugalhunting.com\/fr\/wp-json\/wp\/v2\/pages\/6473\/revisions\/8051"}],"up":[{"embeddable":true,"href":"https:\/\/portugalhunting.com\/fr\/wp-json\/wp\/v2\/pages\/6359"}],"wp:attachment":[{"href":"https:\/\/portugalhunting.com\/fr\/wp-json\/wp\/v2\/media?parent=6473"}],"curies":[{"name":"wp","href":"https:\/\/api.w.org\/{rel}","templated":true}]}}