{"id":6471,"date":"2017-07-02T21:34:26","date_gmt":"2017-07-02T21:34:26","guid":{"rendered":"http:\/\/portugalhunting.com\/?page_id=6471"},"modified":"2026-01-02T12:27:12","modified_gmt":"2026-01-02T12:27:12","slug":"corco","status":"publish","type":"page","link":"https:\/\/portugalhunting.com\/fr\/portugal\/corco\/","title":{"rendered":"Chevreuil"},"content":{"rendered":"[vc_row type=&#8221;full_width_background&#8221; full_screen_row_position=&#8221;middle&#8221; bg_image=&#8221;6705&#8243; bg_position=&#8221;center center&#8221; bg_repeat=&#8221;no-repeat&#8221; scene_position=&#8221;center&#8221; text_color=&#8221;light&#8221; text_align=&#8221;center&#8221; top_padding=&#8221;15%&#8221; bottom_padding=&#8221;15%&#8221; enable_gradient=&#8221;true&#8221; color_overlay=&#8221;#efb654&#8243; color_overlay_2=&#8221;#b37412&#8243; gradient_direction=&#8221;left_t_to_right_b&#8221; overlay_strength=&#8221;0.3&#8243;][vc_column column_padding=&#8221;no-extra-padding&#8221; column_padding_position=&#8221;all&#8221; background_color_opacity=&#8221;1&#8243; background_hover_color_opacity=&#8221;1&#8243; column_shadow=&#8221;none&#8221; width=&#8221;1\/1&#8243; tablet_text_alignment=&#8221;default&#8221; phone_text_alignment=&#8221;default&#8221; column_border_width=&#8221;none&#8221; column_border_style=&#8221;solid&#8221;][split_line_heading]\n<h1>Chevreuil (capreolous capreolous)<\/h1>\n[\/split_line_heading][\/vc_column][\/vc_row][vc_row type=&#8221;full_width_content&#8221; full_screen_row_position=&#8221;middle&#8221; equal_height=&#8221;yes&#8221; content_placement=&#8221;middle&#8221; bg_color=&#8221;#ffffff&#8221; scene_position=&#8221;center&#8221; text_color=&#8221;dark&#8221; text_align=&#8221;left&#8221; top_padding=&#8221;4%&#8221; bottom_padding=&#8221;7%&#8221; overlay_strength=&#8221;0.3&#8243;][vc_column column_padding=&#8221;padding-5-percent&#8221; column_padding_position=&#8221;left&#8221; background_color_opacity=&#8221;1&#8243; background_hover_color_opacity=&#8221;1&#8243; column_shadow=&#8221;none&#8221; width=&#8221;1\/2&#8243; tablet_text_alignment=&#8221;default&#8221; phone_text_alignment=&#8221;default&#8221; column_border_width=&#8221;none&#8221; column_border_style=&#8221;solid&#8221;][vc_column_text css=&#8221;.vc_custom_1510315212160{margin-top: -8px !important;margin-bottom: -8px !important;}&#8221;]\n<h3>Portugal &#8211;\u00a0Chasse au Chevreuil<\/h3>\n[\/vc_column_text]<div class=\"divider-wrap\"><div style=\"height: 60px;\" class=\"divider\"><\/div><\/div>[vc_column_text]\n<ul>\n<li>Ordre: Artiodactyles<\/li>\n<li>Famille: Cervidae<\/li>\n<li>Genre: Capreolus<\/li>\n<li>Esp\u00e8ces: Capreolus Capreolus (Linnaeus, 1758)<\/li>\n<li>Poids moyen: Entre 15 et 30 kg, la moyenne \u00e9tant de 20-21 kg.<\/li>\n<\/ul>\n<h4>BIOLOGIE DE L&#8217;ESP\u00c8CE<\/h4>\n<p>Les esp\u00e8ces dont la capacit\u00e9 d&#8217;adaptation est sans doute la plus notable, est la plus petite des cervid\u00e9s portugais, gracieuse mais compacte en apparence.<\/p>\n<p>Principalement actif pendant la nuit et la fin de la journ\u00e9e, la plus grande partie du temps restant est consacr\u00e9e \u00e0 la couverture, \u00e0 l&#8217;alimentation ou au repos; ce fait, ainsi que le comportement distant qui le caract\u00e9rise, ainsi que le type de terrain dans lequel il est habituellement trouv\u00e9, rend ces animaux difficiles \u00e0 voir, m\u00eame par les personnes qui vont dans les lieux habit\u00e9s par eux.<\/p>\n<p>Compar\u00e9 au cerf &#8211; parmi nos cerfs sans doute les plus connus &#8211; le chevreuil est un animal plut\u00f4t petit, variant entre 15 et 30 kg; leurs cadres sont \u00e9galement plus petits et moins ramifi\u00e9s: g\u00e9n\u00e9ralement, le cadre animal adulte n&#8217;atteint pas plus de trois points sur chaque tige, on dit alors que l&#8217;animal a une t\u00eate \u00e0 six t\u00eates. Contrairement \u00e0 ce qui peut arriver au cerf, le cadre de la biche ne nous donne pas d&#8217;indication pr\u00e9cise sur l&#8217;\u00e2ge de l&#8217;animal car le nombre de points ainsi que l&#8217;aspect g\u00e9n\u00e9ral de la t\u00eate d\u00e9pendent plus de facteurs tels que la nutrition, l&#8217;\u00e9tat de sant\u00e9, nombre d&#8217;animaux par hectare, entre autres, que l&#8217;\u00e2ge lui-m\u00eame.<\/p>\n<p>En ce qui concerne le dimorphisme sexuel, il est particuli\u00e8rement \u00e9vident que, comme chez le cerf et le nogamo, seuls les m\u00e2les ont un cadre. Cependant, pendant la p\u00e9riode de l&#8217;ann\u00e9e o\u00f9 les m\u00e2les n&#8217;ont pas de cadres ou m\u00eame dans des situations de visibilit\u00e9 difficile, il est possible de distinguer le m\u00e2le de la femelle par la forme de la coquille anale: chez le m\u00e2le il est en forme de rein et La femelle est en forme de coeur.<\/p>\n<p>\u00c9minemment insaisissable, le chevreuil est mieux trouv\u00e9 dans les zones o\u00f9 la v\u00e9g\u00e9tation est caract\u00e9ris\u00e9e par l&#8217;alternance des bois et des prairies, avec des cultures et des zones de mauvaises herbes de densit\u00e9 et de hauteur variables. Bien que timide et m\u00e9fiant, il n&#8217;est pas rare de trouver des chevreuils dans les quartiers des colonies, \u00e0 condition qu&#8217;il y ait un abri appropri\u00e9 \u00e0 proximit\u00e9. Cette approche est due \u00e0 la recherche &#8211; pour la nourriture &#8211; des cultures qui sont normalement situ\u00e9es autour des villages. En tout cas, les dommages caus\u00e9s par ces animaux ne sont pas, sauf exception rare, sensible, car en plus de pr\u00e9f\u00e9rer manger ici et l\u00e0, les chevreuils d\u00e9pendent aussi fortement de la v\u00e9g\u00e9tation arbustive, comme la gerza, la bruy\u00e8re, les ronces et autres arbustes Les fruits trouv\u00e9s au sol (ch\u00e2taigne, gland, cerisier, etc.), ainsi que certains champignons, font \u00e9galement partie de l&#8217;alimentation de ces animaux.<\/p>\n<p>Dans l&#8217;aspect comportemental et reproducteur, les diff\u00e9rences entre cette esp\u00e8ce et les autres cervid\u00e9s portugais ne sont pas grandes. Le chevreuil est un animal fondamentalement solitaire, ne formant pas &#8211; dans notre pays &#8211; des troupeaux, m\u00eame pendant l&#8217;hiver; Dans le cas des m\u00e2les, il y a une phase du cycle de vie &#8211; habituellement commenc\u00e9e en mars avec le nettoyage du velours recouvrant les tiges &#8211; qui correspond \u00e0 la d\u00e9limitation d&#8217;une zone de taille variable, \u00e0 travers la s\u00e9cr\u00e9tion de glandes sp\u00e9ciales et marques faites avec des tiges sur les arbustes et les jeunes arbres; le m\u00e2le d\u00e9fend alors cette zone, le territoire, des autres m\u00e2les adultes. Ce type de comportement se poursuit jusqu&#8217;au cio, celui au Portugal se d\u00e9roule entre juillet et ao\u00fbt. Les naissances ont g\u00e9n\u00e9ralement lieu en mai; la gestation anormalement longue du cerf (10 mois) s&#8217;explique par le ph\u00e9nom\u00e8ne d&#8217;implantation retard\u00e9e, qui se r\u00e9duit \u00e0 l&#8217;arr\u00eat du d\u00e9veloppement de l&#8217;\u0153uf peu apr\u00e8s la f\u00e9condation, ne reprenant qu&#8217;en d\u00e9cembre \/ janvier (l&#8217;embryon ne mesure que 2 cm) proc\u00e9dant normalement aux paraisons, qui se produiront ainsi dans une saison particuli\u00e8rement favorable en termes alimentaires.<\/p>\n<p>Les femelles peuvent avoir la premi\u00e8re cr\u00e9ation \u00e0 l&#8217;\u00e2ge de 2 ans. Arr\u00eatez avec quelques fois deux poussins (de sexes diff\u00e9rents), parfois seulement un b\u00e9b\u00e9 et rarement trois (les femelles plus \u00e2g\u00e9es).<\/p>\n<p>L&#8217;APPROCHE est l&#8217;un des processus de chasse les plus passionnants et les plus sportifs compar\u00e9 \u00e0 d&#8217;autres processus. Gr\u00e2ce \u00e0 elle, le chasseur a la possibilit\u00e9 de se d\u00e9placer librement \u00e0 travers les terrains de chasse, en appr\u00e9ciant tout l&#8217;environnement qui l&#8217;entoure, mais en essayant toujours d&#8217;entrevoir les mouvements les plus lointains et les d\u00e9tails qui ne font pas directement partie de l&#8217;environnement. C&#8217;est le processus de chasse par excellence pour cette esp\u00e8ce.[\/vc_column_text][\/vc_column][vc_column centered_text=&#8221;true&#8221; column_padding=&#8221;padding-4-percent&#8221; column_padding_position=&#8221;all&#8221; background_color_opacity=&#8221;1&#8243; background_hover_color_opacity=&#8221;1&#8243; column_shadow=&#8221;none&#8221; width=&#8221;1\/2&#8243; tablet_text_alignment=&#8221;default&#8221; phone_text_alignment=&#8221;default&#8221; column_border_width=&#8221;none&#8221; column_border_style=&#8221;solid&#8221;][vc_gallery type=&#8221;nectarslider_style&#8221; images=&#8221;6337,6345,6366,6557,6558,6559,6560,6561,6562,6563&#8243; flexible_slider_height=&#8221;true&#8221; bullet_navigation=&#8221;true&#8221; bullet_navigation_style=&#8221;see_through&#8221; onclick=&#8221;link_image&#8221;][\/vc_column][\/vc_row]","protected":false},"excerpt":{"rendered":"<p>[vc_row type=&#8221;full_width_background&#8221; full_screen_row_position=&#8221;middle&#8221; bg_image=&#8221;6705&#8243; bg_position=&#8221;center center&#8221; bg_repeat=&#8221;no-repeat&#8221; scene_position=&#8221;center&#8221; text_color=&#8221;light&#8221; text_align=&#8221;center&#8221; top_padding=&#8221;15%&#8221; bottom_padding=&#8221;15%&#8221; enable_gradient=&#8221;true&#8221; color_overlay=&#8221;#efb654&#8243; color_overlay_2=&#8221;#b37412&#8243; gradient_direction=&#8221;left_t_to_right_b&#8221; overlay_strength=&#8221;0.3&#8243;][vc_column column_padding=&#8221;no-extra-padding&#8221; column_padding_position=&#8221;all&#8221; background_color_opacity=&#8221;1&#8243; background_hover_color_opacity=&#8221;1&#8243; column_shadow=&#8221;none&#8221; width=&#8221;1\/1&#8243; tablet_text_alignment=&#8221;default&#8221; phone_text_alignment=&#8221;default&#8221; column_border_width=&#8221;none&#8221; column_border_style=&#8221;solid&#8221;][split_line_heading] Chevreuil (capreolous capreolous)&#8230;<\/p>\n","protected":false},"author":1,"featured_media":0,"parent":6359,"menu_order":0,"comment_status":"closed","ping_status":"closed","template":"","meta":[],"_links":{"self":[{"href":"https:\/\/portugalhunting.com\/fr\/wp-json\/wp\/v2\/pages\/6471"}],"collection":[{"href":"https:\/\/portugalhunting.com\/fr\/wp-json\/wp\/v2\/pages"}],"about":[{"href":"https:\/\/portugalhunting.com\/fr\/wp-json\/wp\/v2\/types\/page"}],"author":[{"embeddable":true,"href":"https:\/\/portugalhunting.com\/fr\/wp-json\/wp\/v2\/users\/1"}],"replies":[{"embeddable":true,"href":"https:\/\/portugalhunting.com\/fr\/wp-json\/wp\/v2\/comments?post=6471"}],"version-history":[{"count":21,"href":"https:\/\/portugalhunting.com\/fr\/wp-json\/wp\/v2\/pages\/6471\/revisions"}],"predecessor-version":[{"id":8050,"href":"https:\/\/portugalhunting.com\/fr\/wp-json\/wp\/v2\/pages\/6471\/revisions\/8050"}],"up":[{"embeddable":true,"href":"https:\/\/portugalhunting.com\/fr\/wp-json\/wp\/v2\/pages\/6359"}],"wp:attachment":[{"href":"https:\/\/portugalhunting.com\/fr\/wp-json\/wp\/v2\/media?parent=6471"}],"curies":[{"name":"wp","href":"https:\/\/api.w.org\/{rel}","templated":true}]}}