{"id":6468,"date":"2017-07-02T21:33:54","date_gmt":"2017-07-02T21:33:54","guid":{"rendered":"http:\/\/portugalhunting.com\/?page_id=6468"},"modified":"2026-01-02T12:25:41","modified_gmt":"2026-01-02T12:25:41","slug":"gamo","status":"publish","type":"page","link":"https:\/\/portugalhunting.com\/fr\/portugal\/gamo\/","title":{"rendered":"Daim"},"content":{"rendered":"[vc_row type=&#8221;full_width_background&#8221; full_screen_row_position=&#8221;middle&#8221; bg_image=&#8221;6724&#8243; bg_position=&#8221;center center&#8221; bg_repeat=&#8221;no-repeat&#8221; scene_position=&#8221;center&#8221; text_color=&#8221;light&#8221; text_align=&#8221;center&#8221; top_padding=&#8221;15%&#8221; bottom_padding=&#8221;15%&#8221; enable_gradient=&#8221;true&#8221; color_overlay=&#8221;#efb654&#8243; color_overlay_2=&#8221;#b37412&#8243; gradient_direction=&#8221;left_t_to_right_b&#8221; overlay_strength=&#8221;0.3&#8243;][vc_column column_padding=&#8221;no-extra-padding&#8221; column_padding_position=&#8221;all&#8221; background_color_opacity=&#8221;1&#8243; background_hover_color_opacity=&#8221;1&#8243; column_shadow=&#8221;none&#8221; width=&#8221;1\/1&#8243; tablet_text_alignment=&#8221;default&#8221; phone_text_alignment=&#8221;default&#8221; column_border_width=&#8221;none&#8221; column_border_style=&#8221;solid&#8221;][split_line_heading]\n<h1>Daim<\/h1>\n<p>(dama dama)[\/split_line_heading][\/vc_column][\/vc_row][vc_row type=&#8221;full_width_content&#8221; full_screen_row_position=&#8221;middle&#8221; equal_height=&#8221;yes&#8221; content_placement=&#8221;middle&#8221; bg_color=&#8221;#ffffff&#8221; scene_position=&#8221;center&#8221; text_color=&#8221;dark&#8221; text_align=&#8221;left&#8221; top_padding=&#8221;4%&#8221; bottom_padding=&#8221;7%&#8221; overlay_strength=&#8221;0.3&#8243;][vc_column column_padding=&#8221;padding-5-percent&#8221; column_padding_position=&#8221;left&#8221; background_color_opacity=&#8221;1&#8243; background_hover_color_opacity=&#8221;1&#8243; column_shadow=&#8221;none&#8221; width=&#8221;1\/2&#8243; tablet_text_alignment=&#8221;default&#8221; phone_text_alignment=&#8221;default&#8221; column_border_width=&#8221;none&#8221; column_border_style=&#8221;solid&#8221;][vc_column_text css=&#8221;.vc_custom_1510165514729{margin-top: -8px !important;margin-bottom: -8px !important;}&#8221;]\n<h3>Portugal &#8211; Chasse au Daim<\/h3>\n[\/vc_column_text]<div class=\"divider-wrap\"><div style=\"height: 60px;\" class=\"divider\"><\/div><\/div>[vc_column_text]\n<ul>\n<li>Ordre: Artiodactyles<\/li>\n<li>Famille: Cervidae<\/li>\n<li>Genre: Lady<\/li>\n<li>Esp\u00e8ce: Lady lady (Linnaeus, 1758)<\/li>\n<li>Poids moyen: M\u00e2les entre 52 et 63 kg, femelles entre 28 et 41 kg.<\/li>\n<\/ul>\n<h3>BIOLOGIE DE L&#8217;ESP\u00c8CE<\/h3>\n<p>C&#8217;est un animal plus petit que le cerf et de t\u00eate plus courte, avec le nez mince et du corps compact; Sa longueur totale varie de 1,30 \u00e0 1,50m.<\/p>\n<p>Le manteau subit deux changements par an: le manteau d&#8217;\u00e9t\u00e9 dure environ 4 \u00e0 5 mois, de la mi-avril \u00e0 la mi-septembre, lorsque l&#8217;animal acquiert le manteau d&#8217;hiver qui est conserv\u00e9 pendant le reste de l&#8217;ann\u00e9e.<\/p>\n<p>Avec le manteau d&#8217;\u00e9t\u00e9, l&#8217;animal a une coloration brun\u00e2tre l\u00e9g\u00e8re avec une couleur l\u00e9g\u00e8rement rouge\u00e2tre, avec des taches blanches dispers\u00e9es sur le dos et la partie inf\u00e9rieure du corps clair. En hiver, les taches disparaissent compl\u00e8tement et le ton est g\u00e9n\u00e9ralement brun fonc\u00e9. les parties restantes du corps conservent les m\u00eames couleurs, avec une nuance plus fonc\u00e9e. La queue relativement longue (environ 15 cm) est blanche avec une bande centrale noire sur la face externe; le bouclier anal est \u00e9galement de couleur blanche et est flanqu\u00e9 de deux bandes noires.<\/p>\n<p>Le m\u00e2le se distingue de la femelle en pr\u00e9sentant un cadre pendant la majeure partie de l&#8217;ann\u00e9e; ceci est constitu\u00e9 chez l&#8217;animal adulte par deux tiges saillantes, arrondies \u00e0 la base. Dans la partie sup\u00e9rieure de la zone plane, plusieurs extr\u00e9mit\u00e9s sont d\u00e9velopp\u00e9es. A 7 ans, comme chez le cerf, la t\u00eate atteint sa forme caract\u00e9ristique. Les daims pr\u00e9f\u00e8rent les zones avec des arbres et des broussailles abondantes, avec des zones de p\u00e2turage. L&#8217;alimentation est tr\u00e8s similaire \u00e0 celle du cerf, variant essentiellement avec l&#8217;habitat.<\/p>\n<p>Il commence au d\u00e9but de l&#8217;automne et dure environ un mois. Pendant cette phase, les m\u00e2les forment des harems (groupes de femelles) de composition similaire au cerf. Pour la constitution de ces groupes, le m\u00e2le d\u00e9limite pr\u00e9alablement la zone dans laquelle il va s&#8217;installer avec les femelles, s&#8217;impr\u00e9gnant de ses senteurs d&#8217;arbres et d&#8217;arbustes. Aussi dans ces cerfs sont communs les combats entre les m\u00e2les, mais ils ne pr\u00e9sentent pas la violence des combats entre les cerfs. Le brawn &#8211; le cri de d\u00e9fi du m\u00e2le &#8211; est beaucoup moins fort que le cerf et plus court et intermittent; dans la phase la plus intense de la chaleur, le hamster se met \u00e0 gruger pendant toutes les heures de la journ\u00e9e.<\/p>\n<p>En dehors de la saison de l&#8217;oestrus, les m\u00e2les et les femelles se s\u00e9parent, et les jeunes restent jusqu&#8217;\u00e0 un an avec leurs m\u00e8res. La chute des tiges qui, comme d&#8217;autres cervid\u00e9s, se produit chaque ann\u00e9e, se produit en mars-avril et la croissance de nouvelles tiges commence imm\u00e9diatement.<\/p>\n<p>Les naissances commencent en mai et les femmes arr\u00eatent un b\u00e9b\u00e9, rarement deux. Avec la fin de l&#8217;\u00e9t\u00e9 commence un nouveau cycle biologique.[\/vc_column_text][\/vc_column][vc_column centered_text=&#8221;true&#8221; column_padding=&#8221;padding-4-percent&#8221; column_padding_position=&#8221;all&#8221; background_color_opacity=&#8221;1&#8243; background_hover_color_opacity=&#8221;1&#8243; column_shadow=&#8221;none&#8221; width=&#8221;1\/2&#8243; tablet_text_alignment=&#8221;default&#8221; phone_text_alignment=&#8221;default&#8221; column_border_width=&#8221;none&#8221; column_border_style=&#8221;solid&#8221;][vc_gallery type=&#8221;nectarslider_style&#8221; images=&#8221;6590,6591,6996&#8243; flexible_slider_height=&#8221;true&#8221; bullet_navigation=&#8221;true&#8221; bullet_navigation_style=&#8221;see_through&#8221; onclick=&#8221;link_image&#8221;][\/vc_column][\/vc_row]","protected":false},"excerpt":{"rendered":"<p>[vc_row type=&#8221;full_width_background&#8221; full_screen_row_position=&#8221;middle&#8221; bg_image=&#8221;6724&#8243; bg_position=&#8221;center center&#8221; bg_repeat=&#8221;no-repeat&#8221; scene_position=&#8221;center&#8221; text_color=&#8221;light&#8221; text_align=&#8221;center&#8221; top_padding=&#8221;15%&#8221; bottom_padding=&#8221;15%&#8221; enable_gradient=&#8221;true&#8221; color_overlay=&#8221;#efb654&#8243; color_overlay_2=&#8221;#b37412&#8243; gradient_direction=&#8221;left_t_to_right_b&#8221; overlay_strength=&#8221;0.3&#8243;][vc_column column_padding=&#8221;no-extra-padding&#8221; column_padding_position=&#8221;all&#8221; background_color_opacity=&#8221;1&#8243; background_hover_color_opacity=&#8221;1&#8243; column_shadow=&#8221;none&#8221; width=&#8221;1\/1&#8243; tablet_text_alignment=&#8221;default&#8221; phone_text_alignment=&#8221;default&#8221; column_border_width=&#8221;none&#8221; column_border_style=&#8221;solid&#8221;][split_line_heading] Daim (dama dama)[\/split_line_heading][\/vc_column][\/vc_row][vc_row&#8230;<\/p>\n","protected":false},"author":1,"featured_media":0,"parent":6359,"menu_order":0,"comment_status":"closed","ping_status":"closed","template":"","meta":[],"_links":{"self":[{"href":"https:\/\/portugalhunting.com\/fr\/wp-json\/wp\/v2\/pages\/6468"}],"collection":[{"href":"https:\/\/portugalhunting.com\/fr\/wp-json\/wp\/v2\/pages"}],"about":[{"href":"https:\/\/portugalhunting.com\/fr\/wp-json\/wp\/v2\/types\/page"}],"author":[{"embeddable":true,"href":"https:\/\/portugalhunting.com\/fr\/wp-json\/wp\/v2\/users\/1"}],"replies":[{"embeddable":true,"href":"https:\/\/portugalhunting.com\/fr\/wp-json\/wp\/v2\/comments?post=6468"}],"version-history":[{"count":16,"href":"https:\/\/portugalhunting.com\/fr\/wp-json\/wp\/v2\/pages\/6468\/revisions"}],"predecessor-version":[{"id":8046,"href":"https:\/\/portugalhunting.com\/fr\/wp-json\/wp\/v2\/pages\/6468\/revisions\/8046"}],"up":[{"embeddable":true,"href":"https:\/\/portugalhunting.com\/fr\/wp-json\/wp\/v2\/pages\/6359"}],"wp:attachment":[{"href":"https:\/\/portugalhunting.com\/fr\/wp-json\/wp\/v2\/media?parent=6468"}],"curies":[{"name":"wp","href":"https:\/\/api.w.org\/{rel}","templated":true}]}}