{"id":6466,"date":"2017-07-02T21:33:21","date_gmt":"2017-07-02T21:33:21","guid":{"rendered":"http:\/\/portugalhunting.com\/?page_id=6466"},"modified":"2026-01-02T12:24:59","modified_gmt":"2026-01-02T12:24:59","slug":"javali","status":"publish","type":"page","link":"https:\/\/portugalhunting.com\/fr\/portugal\/javali\/","title":{"rendered":"Sanglier"},"content":{"rendered":"[vc_row type=&#8221;full_width_background&#8221; full_screen_row_position=&#8221;middle&#8221; bg_image=&#8221;6715&#8243; bg_position=&#8221;center center&#8221; bg_repeat=&#8221;no-repeat&#8221; scene_position=&#8221;center&#8221; text_color=&#8221;light&#8221; text_align=&#8221;center&#8221; top_padding=&#8221;15%&#8221; bottom_padding=&#8221;15%&#8221; enable_gradient=&#8221;true&#8221; color_overlay=&#8221;#efb654&#8243; color_overlay_2=&#8221;#b37412&#8243; gradient_direction=&#8221;left_t_to_right_b&#8221; overlay_strength=&#8221;0.3&#8243;][vc_column column_padding=&#8221;no-extra-padding&#8221; column_padding_position=&#8221;all&#8221; background_color_opacity=&#8221;1&#8243; background_hover_color_opacity=&#8221;1&#8243; column_shadow=&#8221;none&#8221; width=&#8221;1\/1&#8243; tablet_text_alignment=&#8221;default&#8221; phone_text_alignment=&#8221;default&#8221; column_border_width=&#8221;none&#8221; column_border_style=&#8221;solid&#8221;][split_line_heading]\n<h1>Sanglier<\/h1>\n<p>(sus crofa)[\/split_line_heading][\/vc_column][\/vc_row][vc_row type=&#8221;full_width_content&#8221; full_screen_row_position=&#8221;middle&#8221; equal_height=&#8221;yes&#8221; content_placement=&#8221;middle&#8221; bg_color=&#8221;#ffffff&#8221; scene_position=&#8221;center&#8221; text_color=&#8221;dark&#8221; text_align=&#8221;left&#8221; top_padding=&#8221;4%&#8221; bottom_padding=&#8221;7%&#8221; overlay_strength=&#8221;0.3&#8243;][vc_column column_padding=&#8221;padding-5-percent&#8221; column_padding_position=&#8221;left&#8221; background_color_opacity=&#8221;1&#8243; background_hover_color_opacity=&#8221;1&#8243; column_shadow=&#8221;none&#8221; width=&#8221;1\/2&#8243; tablet_text_alignment=&#8221;default&#8221; phone_text_alignment=&#8221;default&#8221; column_border_width=&#8221;none&#8221; column_border_style=&#8221;solid&#8221;][vc_column_text css=&#8221;.vc_custom_1510072576703{margin-top: -8px !important;margin-bottom: -8px !important;}&#8221;]\n<h3>Portugal &#8211; Chasse au sanglier<\/h3>\n[\/vc_column_text]<div class=\"divider-wrap\"><div style=\"height: 60px;\" class=\"divider\"><\/div><\/div>[vc_column_text]\n<ul>\n<li>Ordre: Artiodactyles S.O. Suiformes<\/li>\n<li>Famille: suid\u00e9s<\/li>\n<li>Genre: Sus<\/li>\n<li>Esp\u00e8ce: Sus Scrofa (Thomas, 1912)<\/li>\n<li>Longueur du corps: 120 cm<\/li>\n<li>Longueur de la queue: 22 cm<\/li>\n<li>Hauteur: 65 cm<\/li>\n<li>Poids moyen: m\u00e2les adultes (p\u00e9ninsule ib\u00e9rique) &#8211; 70 \u00e0 90 kg, femelles adultes (p\u00e9ninsule ib\u00e9rique) &#8211; 40 \u00e0 65 kg.<\/li>\n<li>Parfois, les deux sexes peuvent atteindre 150 kg.<\/li>\n<\/ul>\n<h3>BIOLOGIE DE L&#8217;ESP\u00c8CE<\/h3>\n<p>En d\u00e9pit d&#8217;avoir une mauvaise vision, le sanglier, poss\u00e9dait un grand sens de l&#8217;odorat et entendu. \u00catre l&#8217;arme de d\u00e9fense contre tout ennemi, parce qu&#8217;il parvient \u00e0 capturer des sons imperceptibles \u00e0 l&#8217;homme, est le sens le plus d\u00e9velopp\u00e9, car il permet de d\u00e9tecter la nourriture et les ennemis \u00e0 plus de 100 m\u00e8tres et m\u00eame de d\u00e9couvrir certains aliments qui sont enterr\u00e9s.<\/p>\n<p>Leurs poils sont \u00e9pais et noirs mesurant environ 10 \u00e0 13 cm dans le corps. Dans la colonne, la crini\u00e8re, jusqu&#8217;\u00e0 16 cm. Face au danger, les sangliers h\u00e9rissent les \u00e9pines de leur cheval et deviennent plus grands devant leurs ennemis. La couleur de son manteau est tr\u00e8s variable, les couleurs existantes du noir presque noir, gris ou m\u00eame arrussados \u200b\u200bet rouge\u00e2tre. La mue des cheveux a lieu dans les mois de mai et juin, et les femelles avec les dieux ont tendance \u00e0 changer plus tard.<\/p>\n<p>Les oursons de Boar sont n\u00e9s avec des listes sombres le long du corps, d&#8217;o\u00f9 le nom de liste, qui, au cours des premiers mois d&#8217;existence disparaissent avec un pelage plus sombre.<\/p>\n<p>Le sanglier est un animal socialement insignifiant qui se d\u00e9place dans les groupes matriarcaux, g\u00e9n\u00e9ralement 3 \u00e0 5 femelles avec leur prog\u00e9niture. La femelle dominante est, en norme, toujours la plus grande et la plus ancienne. Les jeunes m\u00e2les, malgr\u00e9 l&#8217;accompagnement du groupe, vivent un peu \u00e0 l&#8217;\u00e9cart. Les m\u00e2les adultes ne vivent en isolement qu&#8217;\u00e0 la saison chaude. Ceux-ci adoptent parfois un jeune homme (Squire) qui les accompagne toujours.<\/p>\n<p>Le sanglier est habituellement s\u00e9dentaire pendant la journ\u00e9e, mais la nuit, il peut parcourir des distances consid\u00e9rables qui peuvent atteindre de 2 \u00e0 14 km, en utilisant presque toujours les m\u00eames routes et cols.<\/p>\n<p>La chaleur est donn\u00e9e de novembre \u00e0 janvier. A ce moment, le m\u00e2le cherche si activement des femelles r\u00e9ceptives qu&#8217;il oublie parfois de se nourrir. \u00c0 ce stade, quand ils trouvent une tige f\u00e9minine, les m\u00e2les chassent la prog\u00e9niture de l&#8217;ann\u00e9e pr\u00e9c\u00e9dente et, au besoin, se battent contre leurs rivaux pour conqu\u00e9rir les femelles. Ils se battent de 2 \u00e0 8 combats.<\/p>\n<p>Les sangliers aiment se baigner dans la boue ou la boue. Cette action a un r\u00f4le important dans l&#8217;\u00e9cologie de l&#8217;esp\u00e8ce, compte tenu des fonctions suivantes: Puisque le verrat n&#8217;\u00e9met pas de sueur, le saindoux a pour fonction la r\u00e9gulation thermique du corps; Il joue un r\u00f4le important au niveau social, y compris la s\u00e9lection sexuelle, car dans le cio, les poux ne semblent r\u00e9serv\u00e9s qu&#8217;aux m\u00e2les adultes et dominants; Il sert de d\u00e9sinfestation parasitaire; Sert de marque territoriale<\/p>\n<p>S&#8217;adaptant \u00e0 tout type d&#8217;habitat, le sanglier est pr\u00e9f\u00e9r\u00e9 dans les zones de brousse o\u00f9 l&#8217;on trouve de la nourriture et de l&#8217;eau. Il aime les for\u00eats de pins denses car en plus de la protection, ils trouvent la chaleur en hiver et la fra\u00eecheur en \u00e9t\u00e9<\/p>\n<h3>LE TROPH\u00c9E<\/h3>\n<p>Les canines (sup\u00e9rieure et inf\u00e9rieure) sont le troph\u00e9e du sanglier. Plus le sanglier est \u00e2g\u00e9, plus vos dents seront grandes. Il s&#8217;av\u00e8re qu&#8217;au fil des ans, le verrat va user les dents, les rendant fragiles et us\u00e9es. En termes d&#8217;homologation, le sanglier perd de la qualit\u00e9, mais c&#8217;est un troph\u00e9e formidable et quelque chose dont tous les chasseurs r\u00eavent \u00e0 chaque fois qu&#8217;ils vont sur le terrain. Le &#8220;vieux solitaire&#8221; existe dans les pens\u00e9es de tout chasseur![\/vc_column_text][\/vc_column][vc_column centered_text=&#8221;true&#8221; column_padding=&#8221;padding-4-percent&#8221; column_padding_position=&#8221;all&#8221; background_color_opacity=&#8221;1&#8243; background_hover_color_opacity=&#8221;1&#8243; column_shadow=&#8221;none&#8221; width=&#8221;1\/2&#8243; tablet_text_alignment=&#8221;default&#8221; phone_text_alignment=&#8221;default&#8221; column_border_width=&#8221;none&#8221; column_border_style=&#8221;solid&#8221;][vc_gallery type=&#8221;nectarslider_style&#8221; images=&#8221;6566,6568,6375,6586,6585,6584,6583,6582,6574,6575,6576,6577,6578,6579,6580,6581,6369&#8243; flexible_slider_height=&#8221;true&#8221; bullet_navigation=&#8221;true&#8221; bullet_navigation_style=&#8221;see_through&#8221; onclick=&#8221;link_image&#8221;][\/vc_column][\/vc_row]","protected":false},"excerpt":{"rendered":"<p>[vc_row type=&#8221;full_width_background&#8221; full_screen_row_position=&#8221;middle&#8221; bg_image=&#8221;6715&#8243; bg_position=&#8221;center center&#8221; bg_repeat=&#8221;no-repeat&#8221; scene_position=&#8221;center&#8221; text_color=&#8221;light&#8221; text_align=&#8221;center&#8221; top_padding=&#8221;15%&#8221; bottom_padding=&#8221;15%&#8221; enable_gradient=&#8221;true&#8221; color_overlay=&#8221;#efb654&#8243; color_overlay_2=&#8221;#b37412&#8243; gradient_direction=&#8221;left_t_to_right_b&#8221; overlay_strength=&#8221;0.3&#8243;][vc_column column_padding=&#8221;no-extra-padding&#8221; column_padding_position=&#8221;all&#8221; background_color_opacity=&#8221;1&#8243; background_hover_color_opacity=&#8221;1&#8243; column_shadow=&#8221;none&#8221; width=&#8221;1\/1&#8243; tablet_text_alignment=&#8221;default&#8221; phone_text_alignment=&#8221;default&#8221; column_border_width=&#8221;none&#8221; column_border_style=&#8221;solid&#8221;][split_line_heading] Sanglier (sus crofa)[\/split_line_heading][\/vc_column][\/vc_row][vc_row&#8230;<\/p>\n","protected":false},"author":1,"featured_media":0,"parent":6359,"menu_order":0,"comment_status":"closed","ping_status":"closed","template":"","meta":[],"_links":{"self":[{"href":"https:\/\/portugalhunting.com\/fr\/wp-json\/wp\/v2\/pages\/6466"}],"collection":[{"href":"https:\/\/portugalhunting.com\/fr\/wp-json\/wp\/v2\/pages"}],"about":[{"href":"https:\/\/portugalhunting.com\/fr\/wp-json\/wp\/v2\/types\/page"}],"author":[{"embeddable":true,"href":"https:\/\/portugalhunting.com\/fr\/wp-json\/wp\/v2\/users\/1"}],"replies":[{"embeddable":true,"href":"https:\/\/portugalhunting.com\/fr\/wp-json\/wp\/v2\/comments?post=6466"}],"version-history":[{"count":18,"href":"https:\/\/portugalhunting.com\/fr\/wp-json\/wp\/v2\/pages\/6466\/revisions"}],"predecessor-version":[{"id":8043,"href":"https:\/\/portugalhunting.com\/fr\/wp-json\/wp\/v2\/pages\/6466\/revisions\/8043"}],"up":[{"embeddable":true,"href":"https:\/\/portugalhunting.com\/fr\/wp-json\/wp\/v2\/pages\/6359"}],"wp:attachment":[{"href":"https:\/\/portugalhunting.com\/fr\/wp-json\/wp\/v2\/media?parent=6466"}],"curies":[{"name":"wp","href":"https:\/\/api.w.org\/{rel}","templated":true}]}}