{"id":6459,"date":"2017-07-02T21:29:59","date_gmt":"2017-07-02T21:29:59","guid":{"rendered":"http:\/\/portugalhunting.com\/?page_id=6459"},"modified":"2026-01-02T12:22:29","modified_gmt":"2026-01-02T12:22:29","slug":"perdiz","status":"publish","type":"page","link":"https:\/\/portugalhunting.com\/fr\/portugal\/perdiz\/","title":{"rendered":"Perdrix \u00e0 Pattes Rouges"},"content":{"rendered":"[vc_row type=&#8221;full_width_background&#8221; full_screen_row_position=&#8221;middle&#8221; bg_image=&#8221;6672&#8243; bg_position=&#8221;center center&#8221; bg_repeat=&#8221;no-repeat&#8221; scene_position=&#8221;center&#8221; text_color=&#8221;light&#8221; text_align=&#8221;center&#8221; top_padding=&#8221;15%&#8221; bottom_padding=&#8221;15%&#8221; enable_gradient=&#8221;true&#8221; color_overlay=&#8221;#efb654&#8243; color_overlay_2=&#8221;#b37412&#8243; gradient_direction=&#8221;left_t_to_right_b&#8221; overlay_strength=&#8221;0.3&#8243;][vc_column column_padding=&#8221;no-extra-padding&#8221; column_padding_position=&#8221;all&#8221; background_color_opacity=&#8221;1&#8243; background_hover_color_opacity=&#8221;1&#8243; column_shadow=&#8221;none&#8221; width=&#8221;1\/1&#8243; tablet_text_alignment=&#8221;default&#8221; phone_text_alignment=&#8221;default&#8221; column_border_width=&#8221;none&#8221; column_border_style=&#8221;solid&#8221;][split_line_heading]\n<h1>Perdrix \u00e0 Pattes Rouges (alectoris rufa)<\/h1>\n<p id=\"tw-target-text\" class=\"tw-data-text tw-ta tw-text-small\" dir=\"ltr\" data-placeholder=\"Tradu\u00e7\u00e3o\"><span lang=\"fr\">Est un gibier \u00e0 plumes de la famille des Phasianidae de l&#8217;ordre des Galliformes. Il est parfois connu comme la perdrix fran\u00e7aise, pour le distinguer de la perdrix grise ou anglaise <\/span><\/p>\n<p class=\"tw-data-text tw-ta tw-text-small\" dir=\"ltr\" data-placeholder=\"Tradu\u00e7\u00e3o\"><span lang=\"fr\">C&#8217;est un oiseau rond, avec le dos brun clair, la poitrine grise et le ventre chamois. Le visage est blanc avec des gorges noires. Il a des flancs stri\u00e9s rousses et des pattes rouges. Lorsqu&#8217;il est d\u00e9rang\u00e9, il pr\u00e9f\u00e8re courir plut\u00f4t que voler, mais si n\u00e9cessaire, il vole rapidement sur des ailes arrondies.<\/span>[\/split_line_heading][\/vc_column][\/vc_row][vc_row type=&#8221;full_width_content&#8221; full_screen_row_position=&#8221;middle&#8221; equal_height=&#8221;yes&#8221; content_placement=&#8221;middle&#8221; bg_color=&#8221;#ffffff&#8221; scene_position=&#8221;center&#8221; text_color=&#8221;dark&#8221; text_align=&#8221;left&#8221; top_padding=&#8221;4%&#8221; bottom_padding=&#8221;7%&#8221; overlay_strength=&#8221;0.3&#8243;][vc_column column_padding=&#8221;padding-5-percent&#8221; column_padding_position=&#8221;left&#8221; background_color_opacity=&#8221;1&#8243; background_hover_color_opacity=&#8221;1&#8243; column_shadow=&#8221;none&#8221; width=&#8221;1\/2&#8243; tablet_text_alignment=&#8221;default&#8221; phone_text_alignment=&#8221;default&#8221; column_border_width=&#8221;none&#8221; column_border_style=&#8221;solid&#8221;][vc_column_text css=&#8221;.vc_custom_1499853358239{margin-top: -8px !important;margin-bottom: -8px !important;}&#8221;]\n<h3 id=\"tw-target-text\" class=\"tw-data-text tw-ta tw-text-medium\" dir=\"ltr\" data-placeholder=\"Tradu\u00e7\u00e3o\"><span lang=\"fr\">Portugal &#8211; Chasse \u00e0 la perdrix \u00e0 pattes rouges<\/span><\/h3>\n[\/vc_column_text]<div class=\"divider-wrap\"><div style=\"height: 60px;\" class=\"divider\"><\/div><\/div>[vc_column_text]Notre reine de chasse est la perdrix rouge. Nous organisons des chasses \u00e0 l&#8217;aveugle, des anc\u00eatres selon la tradition royale, ou en sautant avec l&#8217;aide de chiens de chasse.<\/p>\n<p id=\"tw-target-text\" class=\"tw-data-text tw-ta tw-text-small\" dir=\"ltr\" data-placeholder=\"Tradu\u00e7\u00e3o\"><span lang=\"fr\">Courir dans les collines et les vall\u00e9es, sentir la chaleur et le soleil qui nous accompagne pendant la majeure partie de l&#8217;ann\u00e9e, nous allons profiter du choc de l&#8217;adr\u00e9naline lorsque la perdrix se l\u00e8ve, se brisant entre les giesta ou les tiges apr\u00e8s l&#8217;arr\u00eat des chiens.<\/span><\/p>\n<p id=\"tw-target-text\" class=\"tw-data-text tw-ta tw-text-small\" dir=\"ltr\" data-placeholder=\"Tradu\u00e7\u00e3o\"><span lang=\"fr\">En attendant, pendant un battement, nous pourrons profiter de la vitesse et de la succession des offres lorsque, en troupeau, les perdrix piquent le long des pentes de nos collines et de nos montagnes. Avec l&#8217;aide de la secr\u00e9taire pour recharger les canons, les occasions se pr\u00e9sentent \u00e0 une vitesse vertigineuse, confondant le meilleur tireur.<\/span><\/p>\n<p id=\"tw-target-text\" class=\"tw-data-text tw-ta tw-text-small\" dir=\"ltr\" data-placeholder=\"Tradu\u00e7\u00e3o\"><span lang=\"fr\">\u00c0 la fin du voyage, nous trouverons la table garnie de la meilleure viande, du poisson frais, des savoureux fruits de mer, du pain irr\u00e9sistible, du fromage traditionnel, accompagn\u00e9s de vins uniques de classe mondiale. Pour mettre fin aux bonbons r\u00e9gionaux sensationnels, des mets sans pareil. Tout cela dans le confort de nos installations et en compagnie des meilleurs amis et compagnons de chasse, en regardant le coucher de soleil imm\u00e9morial.<\/span><\/p>\n<p id=\"tw-target-text\" class=\"tw-data-text tw-ta tw-text-medium\" dir=\"ltr\" data-placeholder=\"Tradu\u00e7\u00e3o\"><span lang=\"fr\">Beats Perdrix<\/span><\/p>\n<div id=\"tw-target-text-container\" class=\"tw-ta-container tw-nfl\">\n<p id=\"tw-target-text\" class=\"tw-data-text tw-ta tw-text-small\" dir=\"ltr\" data-placeholder=\"Tradu\u00e7\u00e3o\"><span lang=\"fr\">Dans ce mode de chasse, nous pouvons organiser des battements pour des groupes de 8 \u00e0 10 chasseurs.<\/span><\/p>\n<\/div>\n<p id=\"tw-target-text\" class=\"tw-data-text tw-ta tw-text-small\" dir=\"ltr\" data-placeholder=\"Tradu\u00e7\u00e3o\"><span lang=\"fr\">Apr\u00e8s le petit d\u00e9jeuner, nous avons fait deux battements suivis d&#8217;une collation sur le terrain pour renouveler les forces. Jusqu&#8217;au d\u00e9jeuner tardif dans le g\u00eete, nous avons fait 3 beats de plus. Apr\u00e8s un repos reposant, nous proposons un d\u00eener r\u00e9gional accompagn\u00e9 de chants traditionnels portugais.<\/span><\/p>\n<div id=\"tw-target-text-container\" class=\"tw-ta-container tw-nfl\">\n<p id=\"tw-target-text\" class=\"tw-data-text tw-ta tw-text-medium\" dir=\"ltr\" data-placeholder=\"Tradu\u00e7\u00e3o\"><span lang=\"fr\">Saute-Perdrix<\/span><\/p>\n<\/div>\n<p id=\"tw-target-text\" class=\"tw-data-text tw-ta tw-text-small\" dir=\"ltr\" data-placeholder=\"Tradu\u00e7\u00e3o\"><span lang=\"fr\">Dans ce mode de chasse, les grands protagonistes sont les chiens. Formant la ligne, entre 5 \u00e0 8 chasseurs, nous traversons la r\u00e9gion sous la direction des guides principaux, connaissant les habitudes des nombreux troupeaux de perdrix qui peuplent notre territoire de chasse.<\/span><\/p>\n<p id=\"tw-target-text\" class=\"tw-data-text tw-ta tw-text-small\" dir=\"ltr\" data-placeholder=\"Tradu\u00e7\u00e3o\"><span lang=\"fr\">Les moments \u00e9lectriques montent pas \u00e0 pas, toujours sous la direction ferme de chiens exp\u00e9riment\u00e9s. Les chiffres finaux d\u00e9pendent fortement de la capacit\u00e9 du chasseur \u00e0 ma\u00eetriser la pouss\u00e9e d&#8217;adr\u00e9naline lorsqu&#8217;il brise la perdrix rapide sous le bruit paralysant qu&#8217;il produit en se levant.<\/span><\/p>\n<p id=\"tw-target-text\" class=\"tw-data-text tw-ta tw-text-small\" dir=\"ltr\" data-placeholder=\"Tradu\u00e7\u00e3o\"><span lang=\"fr\">\u00c0 la fin du voyage, un d\u00e9jeuner retemperador et une convivialit\u00e9 o\u00f9 le sujet de la conversation passe toujours \u00e0 travers les multiples offres rat\u00e9es.<\/span><\/p>\n<p id=\"tw-target-text\" class=\"tw-data-text tw-ta tw-text-small\" dir=\"ltr\" data-placeholder=\"Tradu\u00e7\u00e3o\"><span lang=\"fr\">Ne pas perdre!<\/span>[\/vc_column_text][\/vc_column][vc_column centered_text=&#8221;true&#8221; column_padding=&#8221;padding-4-percent&#8221; column_padding_position=&#8221;all&#8221; background_color_opacity=&#8221;1&#8243; background_hover_color_opacity=&#8221;1&#8243; column_shadow=&#8221;none&#8221; width=&#8221;1\/2&#8243; tablet_text_alignment=&#8221;default&#8221; phone_text_alignment=&#8221;default&#8221; column_border_width=&#8221;none&#8221; column_border_style=&#8221;solid&#8221;][vc_gallery type=&#8221;nectarslider_style&#8221; images=&#8221;6532,6531,6530,6529,6528,6527,6526,6525,6524,6523,6522,6521,6520,6519,6518,6517,6516,6728,6729&#8243; flexible_slider_height=&#8221;true&#8221; bullet_navigation=&#8221;true&#8221; bullet_navigation_style=&#8221;see_through&#8221; onclick=&#8221;link_image&#8221;][\/vc_column][\/vc_row]","protected":false},"excerpt":{"rendered":"<p>[vc_row type=&#8221;full_width_background&#8221; full_screen_row_position=&#8221;middle&#8221; bg_image=&#8221;6672&#8243; bg_position=&#8221;center center&#8221; bg_repeat=&#8221;no-repeat&#8221; scene_position=&#8221;center&#8221; text_color=&#8221;light&#8221; text_align=&#8221;center&#8221; top_padding=&#8221;15%&#8221; bottom_padding=&#8221;15%&#8221; enable_gradient=&#8221;true&#8221; color_overlay=&#8221;#efb654&#8243; color_overlay_2=&#8221;#b37412&#8243; gradient_direction=&#8221;left_t_to_right_b&#8221; overlay_strength=&#8221;0.3&#8243;][vc_column column_padding=&#8221;no-extra-padding&#8221; column_padding_position=&#8221;all&#8221; background_color_opacity=&#8221;1&#8243; background_hover_color_opacity=&#8221;1&#8243; column_shadow=&#8221;none&#8221; width=&#8221;1\/1&#8243; tablet_text_alignment=&#8221;default&#8221; phone_text_alignment=&#8221;default&#8221; column_border_width=&#8221;none&#8221; column_border_style=&#8221;solid&#8221;][split_line_heading] Perdrix \u00e0 Pattes&#8230;<\/p>\n","protected":false},"author":1,"featured_media":0,"parent":6359,"menu_order":0,"comment_status":"closed","ping_status":"closed","template":"","meta":[],"_links":{"self":[{"href":"https:\/\/portugalhunting.com\/fr\/wp-json\/wp\/v2\/pages\/6459"}],"collection":[{"href":"https:\/\/portugalhunting.com\/fr\/wp-json\/wp\/v2\/pages"}],"about":[{"href":"https:\/\/portugalhunting.com\/fr\/wp-json\/wp\/v2\/types\/page"}],"author":[{"embeddable":true,"href":"https:\/\/portugalhunting.com\/fr\/wp-json\/wp\/v2\/users\/1"}],"replies":[{"embeddable":true,"href":"https:\/\/portugalhunting.com\/fr\/wp-json\/wp\/v2\/comments?post=6459"}],"version-history":[{"count":24,"href":"https:\/\/portugalhunting.com\/fr\/wp-json\/wp\/v2\/pages\/6459\/revisions"}],"predecessor-version":[{"id":8037,"href":"https:\/\/portugalhunting.com\/fr\/wp-json\/wp\/v2\/pages\/6459\/revisions\/8037"}],"up":[{"embeddable":true,"href":"https:\/\/portugalhunting.com\/fr\/wp-json\/wp\/v2\/pages\/6359"}],"wp:attachment":[{"href":"https:\/\/portugalhunting.com\/fr\/wp-json\/wp\/v2\/media?parent=6459"}],"curies":[{"name":"wp","href":"https:\/\/api.w.org\/{rel}","templated":true}]}}