{"id":6411,"date":"2017-06-20T12:53:33","date_gmt":"2017-06-20T12:53:33","guid":{"rendered":"http:\/\/portugalhunting.com\/?page_id=6411"},"modified":"2017-08-02T23:09:00","modified_gmt":"2017-08-02T23:09:00","slug":"zambia","status":"publish","type":"page","link":"https:\/\/portugalhunting.com\/fr\/zambia\/","title":{"rendered":"Zambie"},"content":{"rendered":"[vc_row type=&#8221;full_width_background&#8221; full_screen_row_position=&#8221;middle&#8221; bg_image=&#8221;6260&#8243; bg_position=&#8221;center center&#8221; bg_repeat=&#8221;no-repeat&#8221; bg_color=&#8221;#333333&#8243; scene_position=&#8221;center&#8221; text_color=&#8221;light&#8221; text_align=&#8221;center&#8221; top_padding=&#8221;15%&#8221; bottom_padding=&#8221;15%&#8221; enable_gradient=&#8221;true&#8221; color_overlay=&#8221;#efb654&#8243; color_overlay_2=&#8221;#b37412&#8243; gradient_direction=&#8221;left_t_to_right_b&#8221; overlay_strength=&#8221;0.3&#8243;][vc_column column_padding=&#8221;no-extra-padding&#8221; column_padding_position=&#8221;all&#8221; background_color_opacity=&#8221;1&#8243; background_hover_color_opacity=&#8221;1&#8243; column_shadow=&#8221;none&#8221; width=&#8221;1\/1&#8243; tablet_text_alignment=&#8221;default&#8221; phone_text_alignment=&#8221;default&#8221; column_border_width=&#8221;none&#8221; column_border_style=&#8221;solid&#8221;][split_line_heading]\n<h1>Zambie<\/h1>\n[\/split_line_heading][\/vc_column][\/vc_row][vc_row type=&#8221;full_width_content&#8221; full_screen_row_position=&#8221;middle&#8221; equal_height=&#8221;yes&#8221; content_placement=&#8221;middle&#8221; bg_color=&#8221;#ffffff&#8221; scene_position=&#8221;center&#8221; text_color=&#8221;dark&#8221; text_align=&#8221;left&#8221; top_padding=&#8221;4%&#8221; bottom_padding=&#8221;7%&#8221; overlay_strength=&#8221;0.3&#8243;][vc_column column_padding=&#8221;padding-5-percent&#8221; column_padding_position=&#8221;left&#8221; background_color_opacity=&#8221;1&#8243; background_hover_color_opacity=&#8221;1&#8243; column_shadow=&#8221;none&#8221; width=&#8221;1\/2&#8243; tablet_text_alignment=&#8221;default&#8221; phone_text_alignment=&#8221;default&#8221; column_border_width=&#8221;none&#8221; column_border_style=&#8221;solid&#8221;][vc_column_text css=&#8221;.vc_custom_1496643526773{margin-top: -8px !important;margin-bottom: -8px !important;}&#8221;]\n<h3>Zambie.<\/h3>\n[\/vc_column_text]<div class=\"divider-wrap\"><div style=\"height: 60px;\" class=\"divider\"><\/div><\/div>[vc_column_text]\n<p style=\"text-align: left;\">\u00c1frica\u2026 esta palavra toca o mais profundo da alma de um ca\u00e7ador. Continente onde tudo come\u00e7ou, as origens da humanidade. Quem por l\u00e1 passa n\u00e3o esquece e o voltar \u00e9 obrigat\u00f3rio. Neste panorama a \u00c1frica do Sul, em especial a prov\u00edncia do Limpopo, \u00e9 o destino preferencial para quem se inicia na ca\u00e7a africana , com custos baixos e com toda a comodidade. Grandes propriedades fechadas ou abertas s\u00e3o op\u00e7\u00e3o. Boas liga\u00e7\u00f5es terrestres, sempre ligado ao mundo pela boa cobertura de comunica\u00e7\u00f5es, ideal para aventuras em fam\u00edlia. A nossa liga\u00e7\u00e3o a este destino \u00e9 uma refer\u00eancia para os nossos clientes. Dos pequenos ant\u00edlopes aos 5 grandes\u00a0 estamos habilitados a fornecer propostas personalizadas \u00e0 medida do cliente. N\u00e3o perca os nossos pacotes standard, os mais baixos do mercado.Sonhe,\u00a0 viaje, sinta e relembre\u2026 o prazer de viver!<\/p>\n[\/vc_column_text][\/vc_column][vc_column centered_text=&#8221;true&#8221; column_padding=&#8221;padding-4-percent&#8221; column_padding_position=&#8221;all&#8221; background_color_opacity=&#8221;1&#8243; background_hover_color_opacity=&#8221;1&#8243; column_shadow=&#8221;none&#8221; width=&#8221;1\/2&#8243; tablet_text_alignment=&#8221;default&#8221; phone_text_alignment=&#8221;default&#8221; column_border_width=&#8221;none&#8221; column_border_style=&#8221;solid&#8221;][vc_gallery type=&#8221;nectarslider_style&#8221; images=&#8221;6838,6839,6840,6841,6842&#8243; flexible_slider_height=&#8221;true&#8221; bullet_navigation=&#8221;true&#8221; bullet_navigation_style=&#8221;see_through&#8221; onclick=&#8221;link_image&#8221;][\/vc_column][\/vc_row]","protected":false},"excerpt":{"rendered":"<p>[vc_row type=&#8221;full_width_background&#8221; full_screen_row_position=&#8221;middle&#8221; bg_image=&#8221;6260&#8243; bg_position=&#8221;center center&#8221; bg_repeat=&#8221;no-repeat&#8221; bg_color=&#8221;#333333&#8243; scene_position=&#8221;center&#8221; text_color=&#8221;light&#8221; text_align=&#8221;center&#8221; top_padding=&#8221;15%&#8221; bottom_padding=&#8221;15%&#8221; enable_gradient=&#8221;true&#8221; color_overlay=&#8221;#efb654&#8243; color_overlay_2=&#8221;#b37412&#8243; gradient_direction=&#8221;left_t_to_right_b&#8221; overlay_strength=&#8221;0.3&#8243;][vc_column column_padding=&#8221;no-extra-padding&#8221; column_padding_position=&#8221;all&#8221; background_color_opacity=&#8221;1&#8243; background_hover_color_opacity=&#8221;1&#8243; column_shadow=&#8221;none&#8221; width=&#8221;1\/1&#8243; tablet_text_alignment=&#8221;default&#8221; phone_text_alignment=&#8221;default&#8221; column_border_width=&#8221;none&#8221; column_border_style=&#8221;solid&#8221;][split_line_heading] Zambie [\/split_line_heading][\/vc_column][\/vc_row][vc_row&#8230;<\/p>\n","protected":false},"author":1,"featured_media":0,"parent":0,"menu_order":0,"comment_status":"closed","ping_status":"closed","template":"","meta":[],"_links":{"self":[{"href":"https:\/\/portugalhunting.com\/fr\/wp-json\/wp\/v2\/pages\/6411"}],"collection":[{"href":"https:\/\/portugalhunting.com\/fr\/wp-json\/wp\/v2\/pages"}],"about":[{"href":"https:\/\/portugalhunting.com\/fr\/wp-json\/wp\/v2\/types\/page"}],"author":[{"embeddable":true,"href":"https:\/\/portugalhunting.com\/fr\/wp-json\/wp\/v2\/users\/1"}],"replies":[{"embeddable":true,"href":"https:\/\/portugalhunting.com\/fr\/wp-json\/wp\/v2\/comments?post=6411"}],"version-history":[{"count":2,"href":"https:\/\/portugalhunting.com\/fr\/wp-json\/wp\/v2\/pages\/6411\/revisions"}],"predecessor-version":[{"id":6843,"href":"https:\/\/portugalhunting.com\/fr\/wp-json\/wp\/v2\/pages\/6411\/revisions\/6843"}],"wp:attachment":[{"href":"https:\/\/portugalhunting.com\/fr\/wp-json\/wp\/v2\/media?parent=6411"}],"curies":[{"name":"wp","href":"https:\/\/api.w.org\/{rel}","templated":true}]}}