{"id":6399,"date":"2017-06-20T12:51:52","date_gmt":"2017-06-20T12:51:52","guid":{"rendered":"http:\/\/portugalhunting.com\/?page_id=6399"},"modified":"2018-03-04T19:31:19","modified_gmt":"2018-03-04T19:31:19","slug":"mauritania","status":"publish","type":"page","link":"https:\/\/portugalhunting.com\/fr\/mauritania\/","title":{"rendered":"Mauritanie"},"content":{"rendered":"[vc_row type=&#8221;full_width_background&#8221; full_screen_row_position=&#8221;middle&#8221; bg_image=&#8221;6260&#8243; bg_position=&#8221;center center&#8221; bg_repeat=&#8221;no-repeat&#8221; bg_color=&#8221;#333333&#8243; scene_position=&#8221;center&#8221; text_color=&#8221;light&#8221; text_align=&#8221;center&#8221; top_padding=&#8221;15%&#8221; bottom_padding=&#8221;15%&#8221; enable_gradient=&#8221;true&#8221; color_overlay=&#8221;#efb654&#8243; color_overlay_2=&#8221;#b37412&#8243; gradient_direction=&#8221;left_t_to_right_b&#8221; overlay_strength=&#8221;0.3&#8243;][vc_column column_padding=&#8221;no-extra-padding&#8221; column_padding_position=&#8221;all&#8221; background_color_opacity=&#8221;1&#8243; background_hover_color_opacity=&#8221;1&#8243; column_shadow=&#8221;none&#8221; width=&#8221;1\/1&#8243; tablet_text_alignment=&#8221;default&#8221; phone_text_alignment=&#8221;default&#8221; column_border_width=&#8221;none&#8221; column_border_style=&#8221;solid&#8221;][split_line_heading]\n<h1>Mauritanie<\/h1>\n[\/split_line_heading][\/vc_column][\/vc_row][vc_row type=&#8221;full_width_content&#8221; full_screen_row_position=&#8221;middle&#8221; equal_height=&#8221;yes&#8221; content_placement=&#8221;middle&#8221; bg_color=&#8221;#ffffff&#8221; scene_position=&#8221;center&#8221; text_color=&#8221;dark&#8221; text_align=&#8221;left&#8221; top_padding=&#8221;4%&#8221; bottom_padding=&#8221;7%&#8221; overlay_strength=&#8221;0.3&#8243;][vc_column column_padding=&#8221;padding-5-percent&#8221; column_padding_position=&#8221;left&#8221; background_color_opacity=&#8221;1&#8243; background_hover_color_opacity=&#8221;1&#8243; column_shadow=&#8221;none&#8221; width=&#8221;1\/2&#8243; tablet_text_alignment=&#8221;default&#8221; phone_text_alignment=&#8221;default&#8221; column_border_width=&#8221;none&#8221; column_border_style=&#8221;solid&#8221;][vc_column_text css=&#8221;.vc_custom_1501671252276{margin-top: -8px !important;margin-bottom: -8px !important;}&#8221;]\n<h3>Mauritanie.<\/h3>\n[\/vc_column_text]<div class=\"divider-wrap\"><div style=\"height: 60px;\" class=\"divider\"><\/div><\/div>[vc_column_text]Saison de chasse: Du 1er octobre au 31 mars<br \/>\nZone de chasse: Au sud de la Mauritanie<br \/>\nLes facocheros, dans cette r\u00e9gion, sont abondants et avec des troph\u00e9es de taille impressionnante. La zone de chasse est situ\u00e9e \u00e0 250 km au sud de la capitale, Nouakchott et l&#8217;acc\u00e8s est facile. Ils vivent dans des zones ouvertes, donc la chasse est loyale et authentique. Zone id\u00e9ale pour ceux qui recherchent des troph\u00e9es facocheros en quantit\u00e9 et qualit\u00e9 \u00e0 des prix tr\u00e8s abordables.<br \/>\nM\u00e9thodes de chasse: approche des berges, des zones humides et des zones humides, des zones d&#8217;alimentation ou des petits battements. Vous devriez utiliser une carabine ou un fusil avec une balle.<br \/>\nVous pouvez \u00e9galement compl\u00e9ter la sc\u00e8ne de chasse en fin de journ\u00e9e avec des li\u00e8vres, des pintades, des dindes, des pigeons et des canards.<\/p>\n<p>&nbsp;<\/p>\n<p>Forfait week-end<\/p>\n<p>Comprend 3 jours et demi de chasse, 4 s\u00e9jour avec abattage de 5 couteaux + petit gibier (optionnel)<\/p>\n<p>&nbsp;<\/p>\n<p>&nbsp;<\/p>\n<p>Forfait 1 semaine<\/p>\n<p>Comprend 5 jours et demi de chasse, 6 s\u00e9jour avec abattage de 7 couteaux + chasse mineure (facultatif)[\/vc_column_text][\/vc_column][vc_column centered_text=&#8221;true&#8221; column_padding=&#8221;padding-4-percent&#8221; column_padding_position=&#8221;all&#8221; background_color_opacity=&#8221;1&#8243; background_hover_color_opacity=&#8221;1&#8243; column_shadow=&#8221;none&#8221; width=&#8221;1\/2&#8243; tablet_text_alignment=&#8221;default&#8221; phone_text_alignment=&#8221;default&#8221; column_border_width=&#8221;none&#8221; column_border_style=&#8221;solid&#8221;][vc_gallery type=&#8221;nectarslider_style&#8221; images=&#8221;6782,6783,6784,6785,6786,6787,6788&#8243; flexible_slider_height=&#8221;true&#8221; bullet_navigation=&#8221;true&#8221; bullet_navigation_style=&#8221;see_through&#8221; onclick=&#8221;link_image&#8221;][\/vc_column][\/vc_row]","protected":false},"excerpt":{"rendered":"<p>[vc_row type=&#8221;full_width_background&#8221; full_screen_row_position=&#8221;middle&#8221; bg_image=&#8221;6260&#8243; bg_position=&#8221;center center&#8221; bg_repeat=&#8221;no-repeat&#8221; bg_color=&#8221;#333333&#8243; scene_position=&#8221;center&#8221; text_color=&#8221;light&#8221; text_align=&#8221;center&#8221; top_padding=&#8221;15%&#8221; bottom_padding=&#8221;15%&#8221; enable_gradient=&#8221;true&#8221; color_overlay=&#8221;#efb654&#8243; color_overlay_2=&#8221;#b37412&#8243; gradient_direction=&#8221;left_t_to_right_b&#8221; overlay_strength=&#8221;0.3&#8243;][vc_column column_padding=&#8221;no-extra-padding&#8221; column_padding_position=&#8221;all&#8221; background_color_opacity=&#8221;1&#8243; background_hover_color_opacity=&#8221;1&#8243; column_shadow=&#8221;none&#8221; width=&#8221;1\/1&#8243; tablet_text_alignment=&#8221;default&#8221; phone_text_alignment=&#8221;default&#8221; column_border_width=&#8221;none&#8221; column_border_style=&#8221;solid&#8221;][split_line_heading] Mauritanie [\/split_line_heading][\/vc_column][\/vc_row][vc_row&#8230;<\/p>\n","protected":false},"author":1,"featured_media":0,"parent":0,"menu_order":0,"comment_status":"closed","ping_status":"closed","template":"","meta":[],"_links":{"self":[{"href":"https:\/\/portugalhunting.com\/fr\/wp-json\/wp\/v2\/pages\/6399"}],"collection":[{"href":"https:\/\/portugalhunting.com\/fr\/wp-json\/wp\/v2\/pages"}],"about":[{"href":"https:\/\/portugalhunting.com\/fr\/wp-json\/wp\/v2\/types\/page"}],"author":[{"embeddable":true,"href":"https:\/\/portugalhunting.com\/fr\/wp-json\/wp\/v2\/users\/1"}],"replies":[{"embeddable":true,"href":"https:\/\/portugalhunting.com\/fr\/wp-json\/wp\/v2\/comments?post=6399"}],"version-history":[{"count":7,"href":"https:\/\/portugalhunting.com\/fr\/wp-json\/wp\/v2\/pages\/6399\/revisions"}],"predecessor-version":[{"id":6990,"href":"https:\/\/portugalhunting.com\/fr\/wp-json\/wp\/v2\/pages\/6399\/revisions\/6990"}],"wp:attachment":[{"href":"https:\/\/portugalhunting.com\/fr\/wp-json\/wp\/v2\/media?parent=6399"}],"curies":[{"name":"wp","href":"https:\/\/api.w.org\/{rel}","templated":true}]}}