{"id":6254,"date":"2017-06-05T06:09:16","date_gmt":"2017-06-05T06:09:16","guid":{"rendered":"http:\/\/portugalhunting.com\/?page_id=6254"},"modified":"2021-03-24T15:37:14","modified_gmt":"2021-03-24T15:37:14","slug":"africa-do-sul","status":"publish","type":"page","link":"https:\/\/portugalhunting.com\/fr\/africa-do-sul\/","title":{"rendered":"Afrique du Sud"},"content":{"rendered":"\t\t<div data-elementor-type=\"wp-page\" data-elementor-id=\"6254\" class=\"elementor elementor-6254\" data-elementor-settings=\"[]\">\n\t\t\t\t\t\t<div class=\"elementor-inner\">\n\t\t\t\t\t\t\t<div class=\"elementor-section-wrap\">\n\t\t\t\t\t\t\t<section class=\"elementor-section elementor-top-section elementor-element elementor-element-7de77682 elementor-section-boxed elementor-section-height-default elementor-section-height-default\" data-id=\"7de77682\" data-element_type=\"section\">\n\t\t\t\t\t\t<div class=\"elementor-container elementor-column-gap-default\">\n\t\t\t\t\t\t\t<div class=\"elementor-row\">\n\t\t\t\t\t<div class=\"elementor-column elementor-col-100 elementor-top-column elementor-element elementor-element-4dd86134\" data-id=\"4dd86134\" data-element_type=\"column\">\n\t\t\t<div class=\"elementor-column-wrap elementor-element-populated\">\n\t\t\t\t\t\t\t<div class=\"elementor-widget-wrap\">\n\t\t\t\t\t\t<div class=\"elementor-element elementor-element-57d2db99 elementor-widget elementor-widget-text-editor\" data-id=\"57d2db99\" data-element_type=\"widget\" data-widget_type=\"text-editor.default\">\n\t\t\t\t<div class=\"elementor-widget-container\">\n\t\t\t\t\t<div class=\"elementor-text-editor elementor-clearfix\">[vc_row type=&#8221;full_width_background&#8221; full_screen_row_position=&#8221;middle&#8221; bg_image=&#8221;6260&#8243; bg_position=&#8221;center center&#8221; bg_repeat=&#8221;no-repeat&#8221; bg_color=&#8221;#333333&#8243; scene_position=&#8221;center&#8221; text_color=&#8221;light&#8221; text_align=&#8221;center&#8221; top_padding=&#8221;15%&#8221; bottom_padding=&#8221;15%&#8221; enable_gradient=&#8221;true&#8221; color_overlay=&#8221;#efb654&#8243; color_overlay_2=&#8221;#b37412&#8243; gradient_direction=&#8221;left_t_to_right_b&#8221; overlay_strength=&#8221;0.3&#8243;][vc_column column_padding=&#8221;no-extra-padding&#8221; column_padding_position=&#8221;all&#8221; background_color_opacity=&#8221;1&#8243; background_hover_color_opacity=&#8221;1&#8243; column_shadow=&#8221;none&#8221; width=&#8221;1\/1&#8243; tablet_text_alignment=&#8221;default&#8221; phone_text_alignment=&#8221;default&#8221; column_border_width=&#8221;none&#8221; column_border_style=&#8221;solid&#8221;][split_line_heading]<h1>Afrique du Sud<\/h1>[\/split_line_heading][\/vc_column][\/vc_row][vc_row type=&#8221;full_width_content&#8221; full_screen_row_position=&#8221;middle&#8221; equal_height=&#8221;yes&#8221; content_placement=&#8221;middle&#8221; bg_color=&#8221;#ffffff&#8221; scene_position=&#8221;center&#8221; text_color=&#8221;dark&#8221; text_align=&#8221;left&#8221; top_padding=&#8221;4%&#8221; bottom_padding=&#8221;7%&#8221; overlay_strength=&#8221;0.3&#8243;][vc_column column_padding=&#8221;padding-5-percent&#8221; column_padding_position=&#8221;left&#8221; background_color_opacity=&#8221;1&#8243; background_hover_color_opacity=&#8221;1&#8243; column_shadow=&#8221;none&#8221; width=&#8221;1\/2&#8243; tablet_text_alignment=&#8221;default&#8221; phone_text_alignment=&#8221;default&#8221; column_border_width=&#8221;none&#8221; column_border_style=&#8221;solid&#8221;][vc_column_text css=&#8221;.vc_custom_1496643526773{margin-top: -8px !important;margin-bottom: -8px !important;}&#8221;]<h3>Afrique du Sud. Un paradis \u00e0 d\u00e9couvrir.<\/h3>[\/vc_column_text]<div class=\"divider-wrap\"><div style=\"height: 60px;\" class=\"divider\"><\/div><\/div>[vc_column_text]<p style=\"text-align: left;\">Afrique &#8230; ce mot touche au plus profond \u00e2me d&#8217;un chasseur. Continent o\u00f9 tout a commenc\u00e9, les origines de l&#8217;humanit\u00e9. Qui y rester ne pas oublier et le retour est n\u00e9cessaire. Dans ce panorama Afrique du Sud, en particulier la province de Limpopo, est la destination pr\u00e9f\u00e9r\u00e9e pour ceux qui d\u00e9butent dans la chasse africaine, \u00e0 faible co\u00fbt et avec tout le confort. Les grandes propri\u00e9t\u00e9s sont ferm\u00e9es ou une option ouverte. De bonnes connexions terrestres, toujours connect\u00e9s au monde par une bonne couverture de communication, id\u00e9al pour les aventures de la famille. Notre connexion \u00e0 cette destination est une r\u00e9f\u00e9rence \u00e0 nos clients. Les petites Antilopes \u00e0 5 grandes, nous sommes en mesure de fournir des propositions personnalis\u00e9es au client. Ne manquez pas nos forfaits standards, le plus bas du mercado.Sonhe, Voyage, sentez-vous et rappelez-vous &#8230; le plaisir de vivre!<\/p>[\/vc_column_text][\/vc_column][vc_column centered_text=&#8221;true&#8221; column_padding=&#8221;padding-4-percent&#8221; column_padding_position=&#8221;all&#8221; background_color_opacity=&#8221;1&#8243; background_hover_color_opacity=&#8221;1&#8243; column_shadow=&#8221;none&#8221; width=&#8221;1\/2&#8243; tablet_text_alignment=&#8221;default&#8221; phone_text_alignment=&#8221;default&#8221; column_border_width=&#8221;none&#8221; column_border_style=&#8221;solid&#8221;][vc_gallery type=&#8221;nectarslider_style&#8221; images=&#8221;6271,6272,6273,6274,6275&#8243; flexible_slider_height=&#8221;true&#8221; bullet_navigation=&#8221;true&#8221; bullet_navigation_style=&#8221;see_through&#8221; onclick=&#8221;link_image&#8221;][\/vc_column][\/vc_row]<\/div>\n\t\t\t\t<\/div>\n\t\t\t\t<\/div>\n\t\t\t\t\t\t<\/div>\n\t\t\t\t\t<\/div>\n\t\t<\/div>\n\t\t\t\t\t\t\t\t<\/div>\n\t\t\t\t\t<\/div>\n\t\t<\/section>\n\t\t\t\t\t\t<\/div>\n\t\t\t\t\t\t<\/div>\n\t\t\t\t\t<\/div>\n\t\t","protected":false},"excerpt":{"rendered":"<p>[vc_row type=&#8221;full_width_background&#8221; full_screen_row_position=&#8221;middle&#8221; bg_image=&#8221;6260&#8243; bg_position=&#8221;center center&#8221; bg_repeat=&#8221;no-repeat&#8221; bg_color=&#8221;#333333&#8243; scene_position=&#8221;center&#8221; text_color=&#8221;light&#8221; text_align=&#8221;center&#8221; top_padding=&#8221;15%&#8221; bottom_padding=&#8221;15%&#8221; enable_gradient=&#8221;true&#8221; color_overlay=&#8221;#efb654&#8243; color_overlay_2=&#8221;#b37412&#8243; gradient_direction=&#8221;left_t_to_right_b&#8221; overlay_strength=&#8221;0.3&#8243;][vc_column column_padding=&#8221;no-extra-padding&#8221; column_padding_position=&#8221;all&#8221; background_color_opacity=&#8221;1&#8243; background_hover_color_opacity=&#8221;1&#8243; column_shadow=&#8221;none&#8221; width=&#8221;1\/1&#8243; tablet_text_alignment=&#8221;default&#8221; phone_text_alignment=&#8221;default&#8221; column_border_width=&#8221;none&#8221; column_border_style=&#8221;solid&#8221;][split_line_heading] Afrique du&#8230;<\/p>\n","protected":false},"author":1,"featured_media":0,"parent":0,"menu_order":0,"comment_status":"closed","ping_status":"closed","template":"","meta":[],"_links":{"self":[{"href":"https:\/\/portugalhunting.com\/fr\/wp-json\/wp\/v2\/pages\/6254"}],"collection":[{"href":"https:\/\/portugalhunting.com\/fr\/wp-json\/wp\/v2\/pages"}],"about":[{"href":"https:\/\/portugalhunting.com\/fr\/wp-json\/wp\/v2\/types\/page"}],"author":[{"embeddable":true,"href":"https:\/\/portugalhunting.com\/fr\/wp-json\/wp\/v2\/users\/1"}],"replies":[{"embeddable":true,"href":"https:\/\/portugalhunting.com\/fr\/wp-json\/wp\/v2\/comments?post=6254"}],"version-history":[{"count":41,"href":"https:\/\/portugalhunting.com\/fr\/wp-json\/wp\/v2\/pages\/6254\/revisions"}],"predecessor-version":[{"id":7337,"href":"https:\/\/portugalhunting.com\/fr\/wp-json\/wp\/v2\/pages\/6254\/revisions\/7337"}],"wp:attachment":[{"href":"https:\/\/portugalhunting.com\/fr\/wp-json\/wp\/v2\/media?parent=6254"}],"curies":[{"name":"wp","href":"https:\/\/api.w.org\/{rel}","templated":true}]}}