{"id":5,"date":"2015-12-30T15:17:20","date_gmt":"2015-12-30T15:17:20","guid":{"rendered":"http:\/\/themenectar.com\/demo\/salient-corporate\/?page_id=4"},"modified":"2026-01-02T12:18:19","modified_gmt":"2026-01-02T12:18:19","slug":"inicio","status":"publish","type":"page","link":"https:\/\/portugalhunting.com\/fr\/","title":{"rendered":"D\u00e9but"},"content":{"rendered":"Votre adresse email\r\n\" required \/>\r\n<\/p>\r\n\r\n<p>\r\n\t<input type=\"submit\" value=\"Souscrire\" \/>\r\n<\/p><\/div><label style=\"display: none !important;\">Leave this field empty if you're human: <input type=\"text\" name=\"_mc4wp_honeypot\" value=\"\" tabindex=\"-1\" autocomplete=\"off\" \/><\/label><input type=\"hidden\" name=\"_mc4wp_timestamp\" value=\"1776869144\" \/><input type=\"hidden\" name=\"_mc4wp_form_id\" value=\"6226\" \/><input type=\"hidden\" name=\"_mc4wp_form_element_id\" value=\"mc4wp-form-1\" \/><div class=\"mc4wp-response\"><\/div><\/form><!-- \/ MailChimp for WordPress Plugin -->[\/vc_column_text][\/vc_column][\/vc_row]Votre adresse email\r\n\" required \/>\r\n<\/p>\r\n\r\n<p>\r\n\t<input type=\"submit\" value=\"Souscrire\" \/>\r\n<\/p><\/div><label style=\"display: none !important;\">Leave this field empty if you're human: <input type=\"text\" name=\"_mc4wp_honeypot\" value=\"\" tabindex=\"-1\" autocomplete=\"off\" \/><\/label><input type=\"hidden\" name=\"_mc4wp_timestamp\" value=\"1776869144\" \/><input type=\"hidden\" name=\"_mc4wp_form_id\" value=\"6226\" \/><input type=\"hidden\" name=\"_mc4wp_form_element_id\" value=\"mc4wp-form-2\" \/><div class=\"mc4wp-response\"><\/div><\/form><!-- \/ MailChimp for WordPress Plugin -->[\/vc_column_text][\/vc_column][\/vc_row][vc_row type=&#8221;full_width_content&#8221; full_screen_row_position=&#8221;middle&#8221; bg_image=&#8221;6436&#8243; bg_position=&#8221;left center&#8221; bg_repeat=&#8221;no-repeat&#8221; full_height=&#8221;yes&#8221; scene_position=&#8221;center&#8221; text_color=&#8221;light&#8221; text_align=&#8221;left&#8221; enable_gradient=&#8221;true&#8221; color_overlay=&#8221;#efb654&#8243; color_overlay_2=&#8221;#b37412&#8243; gradient_direction=&#8221;left_t_to_right_b&#8221; overlay_strength=&#8221;0.5&#8243;][vc_column centered_text=&#8221;true&#8221; column_padding=&#8221;padding-3-percent&#8221; column_padding_position=&#8221;left-right&#8221; background_color_opacity=&#8221;1&#8243; background_hover_color_opacity=&#8221;1&#8243; column_shadow=&#8221;none&#8221; width=&#8221;1\/1&#8243; tablet_text_alignment=&#8221;default&#8221; phone_text_alignment=&#8221;default&#8221; column_border_width=&#8221;none&#8221; column_border_style=&#8221;solid&#8221;][vc_row_inner column_margin=&#8221;default&#8221; text_align=&#8221;left&#8221;][vc_column_inner enable_animation=&#8221;true&#8221; animation=&#8221;fade-in-from-bottom&#8221; column_padding=&#8221;padding-1-percent&#8221; column_padding_position=&#8221;bottom&#8221; background_color_opacity=&#8221;1&#8243; width=&#8221;1\/1&#8243; column_border_width=&#8221;none&#8221; column_border_style=&#8221;solid&#8221; delay=&#8221;200&#8243;][vc_column_text]\n<h3 style=\"margin-right: 50%; margin-bottom: 20%;\">Chasse au Portugal&#8230;<\/h3>\n<h1>Portugal Hunting<\/h1>\n[\/vc_column_text][\/vc_column_inner][\/vc_row_inner][vc_row_inner column_margin=&#8221;default&#8221; text_align=&#8221;left&#8221;][vc_column_inner enable_animation=&#8221;true&#8221; animation=&#8221;fade-in-from-bottom&#8221; column_padding=&#8221;padding-6-percent&#8221; column_padding_position=&#8221;all&#8221; background_color_opacity=&#8221;1&#8243; width=&#8221;1\/1&#8243; column_border_width=&#8221;none&#8221; column_border_style=&#8221;solid&#8221; delay=&#8221;300&#8243;][vc_column_text]\n<h3><\/h3>\n<h3>\u00a0 \u00a0 \u00a0 \u00a0 \u00a0&#8230;L&#8217;exp\u00e9rience pour une vie!<\/h3>\n[\/vc_column_text][vc_column_text][\/vc_column_text][\/vc_column_inner][\/vc_row_inner][\/vc_column][\/vc_row][vc_row type=&#8221;full_width_background&#8221; full_screen_row_position=&#8221;middle&#8221; equal_height=&#8221;yes&#8221; content_placement=&#8221;middle&#8221; scene_position=&#8221;center&#8221; text_color=&#8221;dark&#8221; text_align=&#8221;left&#8221; top_padding=&#8221;7%&#8221; bottom_padding=&#8221;7%&#8221; overlay_strength=&#8221;0.3&#8243;][vc_column column_padding=&#8221;padding-3-percent&#8221; column_padding_position=&#8221;all&#8221; background_color_opacity=&#8221;1&#8243; background_hover_color_opacity=&#8221;1&#8243; column_shadow=&#8221;none&#8221; width=&#8221;1\/2&#8243; tablet_text_alignment=&#8221;default&#8221; phone_text_alignment=&#8221;default&#8221; column_border_width=&#8221;none&#8221; column_border_style=&#8221;solid&#8221;][nectar_cascading_images image_1_url=&#8221;6207&#8243; image_1_offset_x_sign=&#8221;+&#8221; image_1_offset_x=&#8221;0%&#8221; image_1_offset_y_sign=&#8221;-&#8221; image_1_offset_y=&#8221;55%&#8221; image_1_rotate_sign=&#8221;+&#8221; image_1_rotate=&#8221;none&#8221; image_1_animation=&#8221;Grow In&#8221; image_1_box_shadow=&#8221;none&#8221; image_2_url=&#8221;6208&#8243; image_2_offset_x_sign=&#8221;+&#8221; image_2_offset_x=&#8221;50%&#8221; image_2_offset_y_sign=&#8221;+&#8221; image_2_offset_y=&#8221;35%&#8221; image_2_rotate_sign=&#8221;+&#8221; image_2_rotate=&#8221;none&#8221; image_2_animation=&#8221;Grow In&#8221; image_2_box_shadow=&#8221;none&#8221; image_3_url=&#8221;6210&#8243; image_3_offset_x_sign=&#8221;-&#8221; image_3_offset_x=&#8221;35%&#8221; image_3_offset_y_sign=&#8221;+&#8221; image_3_offset_y=&#8221;30%&#8221; image_3_rotate_sign=&#8221;+&#8221; image_3_rotate=&#8221;none&#8221; image_3_animation=&#8221;Grow In&#8221; image_3_box_shadow=&#8221;x_large_depth&#8221; image_4_offset_x_sign=&#8221;+&#8221; image_4_offset_x=&#8221;0%&#8221; image_4_offset_y_sign=&#8221;+&#8221; image_4_offset_y=&#8221;0%&#8221; image_4_rotate_sign=&#8221;+&#8221; image_4_rotate=&#8221;none&#8221; image_4_animation=&#8221;Fade In&#8221; image_4_box_shadow=&#8221;none&#8221;][\/vc_column][vc_column column_padding=&#8221;padding-6-percent&#8221; column_padding_position=&#8221;left&#8221; background_color_opacity=&#8221;1&#8243; background_hover_color_opacity=&#8221;1&#8243; column_shadow=&#8221;none&#8221; width=&#8221;1\/2&#8243; tablet_text_alignment=&#8221;default&#8221; phone_text_alignment=&#8221;default&#8221; column_border_width=&#8221;none&#8221; column_border_style=&#8221;solid&#8221;][vc_column_text css=&#8221;.vc_custom_1501081099192{margin-top: 50px !important;margin-bottom: 20px !important;}&#8221;]\n<h5><span style=\"color: #999999;\">Il sait que quelques-uns d&#8217;entre nous<\/span><\/h5>\n[\/vc_column_text][vc_column_text]Il est une \u00e9quipe qui travaille pour vous<\/p>\n<p>Nous sommes situ\u00e9s \u00e0 Ovar, dans le nord depuis 2008, la collecte de l&#8217;exp\u00e9rience dans le tourisme, qui a d\u00e9but\u00e9 en 1923, avec un cours de chasse de 40 ans.<\/p>\n<p>Nous obtenons nos clients les meilleures destinations au Portugal. Nos professionnels sont reconnus pour leur r\u00e9putation. la qualit\u00e9 et l&#8217;int\u00e9grit\u00e9.<\/p>\n<p>Nous avons personnalis\u00e9 des programmes et o\u00f9 nous offrons \u00e0 nos clients l&#8217;exp\u00e9rience d&#8217;une vie.[\/vc_column_text][\/vc_column][\/vc_row][vc_row type=&#8221;full_width_background&#8221; full_screen_row_position=&#8221;middle&#8221; bg_color=&#8221;#ffffff&#8221; scene_position=&#8221;center&#8221; text_color=&#8221;dark&#8221; text_align=&#8221;left&#8221; top_padding=&#8221;7%&#8221; bottom_padding=&#8221;4%&#8221; overlay_strength=&#8221;0.3&#8243;][vc_column centered_text=&#8221;true&#8221; column_padding=&#8221;no-extra-padding&#8221; column_padding_position=&#8221;all&#8221; background_color_opacity=&#8221;1&#8243; background_hover_color_opacity=&#8221;1&#8243; column_shadow=&#8221;none&#8221; width=&#8221;1\/1&#8243; tablet_text_alignment=&#8221;default&#8221; phone_text_alignment=&#8221;default&#8221; column_border_width=&#8221;none&#8221; column_border_style=&#8221;solid&#8221;][vc_column_text]\n<h5><span style=\"color: #bbbbbb;\">Rencontrer responsable de la chasse au Portugal<\/span><\/h5>\n[\/vc_column_text][\/vc_column][\/vc_row][vc_row type=&#8221;full_width_content&#8221; full_screen_row_position=&#8221;middle&#8221; bg_color=&#8221;#ffffff&#8221; scene_position=&#8221;center&#8221; text_color=&#8221;dark&#8221; text_align=&#8221;left&#8221; overlay_strength=&#8221;0.3&#8243;][vc_column column_padding=&#8221;no-extra-padding&#8221; column_padding_position=&#8221;all&#8221; background_color_opacity=&#8221;1&#8243; background_hover_color_opacity=&#8221;1&#8243; column_shadow=&#8221;none&#8221; width=&#8221;1\/4&#8243; tablet_text_alignment=&#8221;default&#8221; phone_text_alignment=&#8221;default&#8221; column_border_width=&#8221;none&#8221; column_border_style=&#8221;solid&#8221;][\/vc_column][vc_column column_padding=&#8221;no-extra-padding&#8221; column_padding_position=&#8221;all&#8221; background_color_opacity=&#8221;1&#8243; background_hover_color_opacity=&#8221;1&#8243; column_shadow=&#8221;none&#8221; width=&#8221;1\/2&#8243; tablet_text_alignment=&#8221;default&#8221; phone_text_alignment=&#8221;default&#8221; column_border_width=&#8221;none&#8221; column_border_style=&#8221;solid&#8221;]<div class=\"img-with-aniamtion-wrap center\" data-max-width=\"100%\"><div class=\"inner\"><img data-shadow=\"medium_depth\" data-shadow-direction=\"middle\" class=\"img-with-animation \" data-delay=\"0\" height=\"1002\" width=\"1002\" data-animation=\"fade-in\" src=\"https:\/\/portugalhunting.com\/wp-content\/uploads\/2015\/12\/team2.png\" srcset=\"https:\/\/portugalhunting.com\/wp-content\/uploads\/2015\/12\/team2.png 1002w, https:\/\/portugalhunting.com\/wp-content\/uploads\/2015\/12\/team2-150x150.png 150w, https:\/\/portugalhunting.com\/wp-content\/uploads\/2015\/12\/team2-300x300.png 300w, https:\/\/portugalhunting.com\/wp-content\/uploads\/2015\/12\/team2-768x768.png 768w, https:\/\/portugalhunting.com\/wp-content\/uploads\/2015\/12\/team2-100x100.png 100w, https:\/\/portugalhunting.com\/wp-content\/uploads\/2015\/12\/team2-500x500.png 500w, https:\/\/portugalhunting.com\/wp-content\/uploads\/2015\/12\/team2-350x350.png 350w, https:\/\/portugalhunting.com\/wp-content\/uploads\/2015\/12\/team2-1000x1000.png 1000w\" alt=\"\" \/><\/div><\/div><div class=\"divider-wrap\"><div style=\"height: 50px;\" class=\"divider\"><\/div><\/div>\r\n    <div class=\"col span_12 section-title text-align-center extra-padding\">\r\n\t\t<h2>Paulo Oliveira<\/h2><\/div><div class=\"clear\"><\/div>[\/vc_column][vc_column column_padding=&#8221;no-extra-padding&#8221; column_padding_position=&#8221;all&#8221; background_color_opacity=&#8221;1&#8243; background_hover_color_opacity=&#8221;1&#8243; column_shadow=&#8221;none&#8221; width=&#8221;1\/4&#8243; tablet_text_alignment=&#8221;default&#8221; phone_text_alignment=&#8221;default&#8221; column_border_width=&#8221;none&#8221; column_border_style=&#8221;solid&#8221;][\/vc_column][\/vc_row][vc_row type=&#8221;full_width_content&#8221; full_screen_row_position=&#8221;middle&#8221; equal_height=&#8221;yes&#8221; content_placement=&#8221;top&#8221; bg_color=&#8221;#ffffff&#8221; scene_position=&#8221;center&#8221; text_color=&#8221;dark&#8221; text_align=&#8221;center&#8221; top_padding=&#8221;7%&#8221; bottom_padding=&#8221;7%&#8221; overlay_strength=&#8221;0.3&#8243;][vc_column centered_text=&#8221;true&#8221; column_padding=&#8221;padding-3-percent&#8221; column_padding_position=&#8221;left-right&#8221; background_color_opacity=&#8221;1&#8243; background_hover_color_opacity=&#8221;1&#8243; column_shadow=&#8221;none&#8221; width=&#8221;2\/3&#8243; tablet_text_alignment=&#8221;default&#8221; phone_text_alignment=&#8221;default&#8221; column_border_width=&#8221;none&#8221; column_border_style=&#8221;solid&#8221;][vc_column_text]\n<h5 style=\"text-align: center;\">T\u00e9moignages<\/h5>\n[\/vc_column_text]<div class=\"divider-wrap\"><div style=\"margin-top: 25px; width: 80px; height: 2px; margin-bottom: 25px;\" data-width=\"80\" data-animate=\"yes\" data-animation-delay=\"\" data-color=\"accent-color\" class=\"divider-small-border\"><\/div><\/div>[testimonial_slider style=&#8221;minimal&#8221; star_rating_color=&#8221;accent-color&#8221; disable_height_animation=&#8221;true&#8221;][testimonial star_rating=&#8221;none&#8221; title=&#8221;Testimonial&#8221; id=&#8221;1496640580837-0-2&#8243; tab_id=&#8221;1496640562353-5&#8243; name=&#8221;Joseph Vorro&#8221; subtitle=&#8221;Cliente&#8221; quote=&#8221;It has been a pleasure to hunt with Paulo Oliveira of Portugal Hunting. I have hunted with Paulo on three occasions. They have been thoroughly enjoyable and complete successes.<br \/>\nPaulo customizes each hunt after thorough discussions. He understands the hunter\u2019s requests, and is able to provide everything that is agreed upon.<br \/>\nI highly recommend Paulo Oliveira of Portugal Hunting for thorough, enjoyable and successful hunts.&#8221;][\/testimonial][testimonial star_rating=&#8221;none&#8221; title=&#8221;Testimonial&#8221; id=&#8221;1496640630079-0-4&#8243; tab_id=&#8221;1496640562353-5&#8243; name=&#8221;Ron and Bernadine Paiz&#8221; subtitle=&#8221;Cliente&#8221; quote=&#8221;We had a very good time hunting with Paulo in Portugal. Someday hoping to go back to hunt and visit. We enjoyed our stay there and our hunt! Good place to hunt and visit with good people.&#8221;][\/testimonial][testimonial star_rating=&#8221;none&#8221; title=&#8221;Testimonial&#8221; id=&#8221;1496640630449-0-9&#8243; tab_id=&#8221;1496640562353-5&#8243; name=&#8221;Tom and Maureen Hewlett&#8221; subtitle=&#8221;Cliente&#8221; quote=&#8221;We met at Safari Club International liked Paulo booked Red Stag and Roe Deer hunt! We had an Excellent Hunt and Successful Hunt!<br \/>\nPaulo also arranged Outstanding Tourism after hunt.<br \/>\nOur hunt and tourism were Fabulous we will Definitely book with Paulo Again.&#8221;][\/testimonial][testimonial star_rating=&#8221;none&#8221; title=&#8221;Testimonial&#8221; id=&#8221;1500817521751-0-10&#8243; tab_id=&#8221;1500817521772-9&#8243; name=&#8221;Donald and Deborah&#8221; quote=&#8221;Hunting with Paul was awesome. Excellent outfitter&#8221;][\/testimonial][\/testimonial_slider][\/vc_column][vc_column centered_text=&#8221;true&#8221; column_padding=&#8221;padding-3-percent&#8221; column_padding_position=&#8221;left-right&#8221; background_color_opacity=&#8221;1&#8243; background_hover_color_opacity=&#8221;1&#8243; column_shadow=&#8221;none&#8221; width=&#8221;1\/3&#8243; tablet_text_alignment=&#8221;default&#8221; phone_text_alignment=&#8221;default&#8221; column_border_width=&#8221;none&#8221; column_border_style=&#8221;solid&#8221;][vc_column_text]\n<h5 style=\"text-align: center;\">Bulletin<\/h5>\n[\/vc_column_text]<div class=\"divider-wrap\"><div style=\"margin-top: 25px; width: 80px; height: 2px; margin-bottom: 25px;\" data-width=\"80\" data-animate=\"yes\" data-animation-delay=\"\" data-color=\"accent-color\" class=\"divider-small-border\"><\/div><\/div>[vc_column_text]<!-- MailChimp for WordPress v4.3.1 - https:\/\/wordpress.org\/plugins\/mailchimp-for-wp\/ --><form id=\"mc4wp-form-3\" class=\"mc4wp-form mc4wp-form-6226\" method=\"post\" data-id=\"6226\" data-name=\"\" ><div class=\"mc4wp-form-fields\"><p>\r\n\t<input type=\"email\" name=\"EMAIL\" placeholder=\"Votre adresse email\r\n\" required \/>\r\n<\/p>\r\n\r\n<p>\r\n\t<input type=\"submit\" value=\"Souscrire\" \/>\r\n<\/p><\/div><label style=\"display: none !important;\">Leave this field empty if you're human: <input type=\"text\" name=\"_mc4wp_honeypot\" value=\"\" tabindex=\"-1\" autocomplete=\"off\" \/><\/label><input type=\"hidden\" name=\"_mc4wp_timestamp\" value=\"1776869144\" \/><input type=\"hidden\" name=\"_mc4wp_form_id\" value=\"6226\" \/><input type=\"hidden\" name=\"_mc4wp_form_element_id\" value=\"mc4wp-form-3\" \/><div class=\"mc4wp-response\"><\/div><\/form><!-- \/ MailChimp for WordPress Plugin -->[\/vc_column_text][\/vc_column][\/vc_row]","protected":false},"excerpt":{"rendered":"<p>[vc_row type=&#8221;full_width_content&#8221; full_screen_row_position=&#8221;middle&#8221; bg_image=&#8221;6436&#8243; bg_position=&#8221;left center&#8221; bg_repeat=&#8221;no-repeat&#8221; full_height=&#8221;yes&#8221; scene_position=&#8221;center&#8221; text_color=&#8221;light&#8221; text_align=&#8221;left&#8221; enable_gradient=&#8221;true&#8221; color_overlay=&#8221;#efb654&#8243; color_overlay_2=&#8221;#b37412&#8243; gradient_direction=&#8221;left_t_to_right_b&#8221; overlay_strength=&#8221;0.5&#8243;][vc_column centered_text=&#8221;true&#8221; column_padding=&#8221;padding-3-percent&#8221; column_padding_position=&#8221;left-right&#8221; background_color_opacity=&#8221;1&#8243; background_hover_color_opacity=&#8221;1&#8243; column_shadow=&#8221;none&#8221; width=&#8221;1\/1&#8243; tablet_text_alignment=&#8221;default&#8221; phone_text_alignment=&#8221;default&#8221; column_border_width=&#8221;none&#8221; column_border_style=&#8221;solid&#8221;][vc_row_inner column_margin=&#8221;default&#8221; text_align=&#8221;left&#8221;][vc_column_inner enable_animation=&#8221;true&#8221;&#8230;<\/p>\n","protected":false},"author":1,"featured_media":0,"parent":0,"menu_order":0,"comment_status":"closed","ping_status":"closed","template":"","meta":[],"_links":{"self":[{"href":"https:\/\/portugalhunting.com\/fr\/wp-json\/wp\/v2\/pages\/5"}],"collection":[{"href":"https:\/\/portugalhunting.com\/fr\/wp-json\/wp\/v2\/pages"}],"about":[{"href":"https:\/\/portugalhunting.com\/fr\/wp-json\/wp\/v2\/types\/page"}],"author":[{"embeddable":true,"href":"https:\/\/portugalhunting.com\/fr\/wp-json\/wp\/v2\/users\/1"}],"replies":[{"embeddable":true,"href":"https:\/\/portugalhunting.com\/fr\/wp-json\/wp\/v2\/comments?post=5"}],"version-history":[{"count":131,"href":"https:\/\/portugalhunting.com\/fr\/wp-json\/wp\/v2\/pages\/5\/revisions"}],"predecessor-version":[{"id":8029,"href":"https:\/\/portugalhunting.com\/fr\/wp-json\/wp\/v2\/pages\/5\/revisions\/8029"}],"wp:attachment":[{"href":"https:\/\/portugalhunting.com\/fr\/wp-json\/wp\/v2\/media?parent=5"}],"curies":[{"name":"wp","href":"https:\/\/api.w.org\/{rel}","templated":true}]}}