{"id":7079,"date":"2021-01-08T10:36:17","date_gmt":"2021-01-08T10:36:17","guid":{"rendered":"https:\/\/portugalhunting.com\/?page_id=7079"},"modified":"2021-01-16T16:33:05","modified_gmt":"2021-01-16T16:33:05","slug":"tajiquistao","status":"publish","type":"page","link":"https:\/\/portugalhunting.com\/en\/tajiquistao\/","title":{"rendered":"Tajiquist\u00e3o"},"content":{"rendered":"\t\t<div data-elementor-type=\"wp-post\" data-elementor-id=\"7079\" class=\"elementor elementor-7079\" data-elementor-settings=\"[]\">\n\t\t\t\t\t\t<div class=\"elementor-inner\">\n\t\t\t\t\t\t\t<div class=\"elementor-section-wrap\">\n\t\t\t\t\t\t\t<section class=\"elementor-section elementor-top-section elementor-element elementor-element-4f0961a elementor-section-full_width elementor-section-stretched elementor-section-height-default elementor-section-height-default\" data-id=\"4f0961a\" data-element_type=\"section\" data-settings=\"{&quot;stretch_section&quot;:&quot;section-stretched&quot;,&quot;background_background&quot;:&quot;classic&quot;}\">\n\t\t\t\t\t\t<div class=\"elementor-container elementor-column-gap-default\">\n\t\t\t\t\t\t\t<div class=\"elementor-row\">\n\t\t\t\t\t<div class=\"elementor-column elementor-col-100 elementor-top-column elementor-element elementor-element-627267d\" data-id=\"627267d\" data-element_type=\"column\">\n\t\t\t<div class=\"elementor-column-wrap elementor-element-populated\">\n\t\t\t\t\t\t\t<div class=\"elementor-widget-wrap\">\n\t\t\t\t\t\t<div class=\"elementor-element elementor-element-00dd9e7 elementor-widget elementor-widget-heading\" data-id=\"00dd9e7\" data-element_type=\"widget\" data-widget_type=\"heading.default\">\n\t\t\t\t<div class=\"elementor-widget-container\">\n\t\t\t<h1 class=\"elementor-heading-title elementor-size-default\">Tajiquist\u00e3o<\/h1>\t\t<\/div>\n\t\t\t\t<\/div>\n\t\t\t\t\t\t<\/div>\n\t\t\t\t\t<\/div>\n\t\t<\/div>\n\t\t\t\t\t\t\t\t<\/div>\n\t\t\t\t\t<\/div>\n\t\t<\/section>\n\t\t\t\t<section class=\"elementor-section elementor-top-section elementor-element elementor-element-6418f02 elementor-section-full_width elementor-section-stretched elementor-section-height-default elementor-section-height-default\" data-id=\"6418f02\" data-element_type=\"section\" data-settings=\"{&quot;stretch_section&quot;:&quot;section-stretched&quot;}\">\n\t\t\t\t\t\t<div class=\"elementor-container elementor-column-gap-default\">\n\t\t\t\t\t\t\t<div class=\"elementor-row\">\n\t\t\t\t\t<div class=\"elementor-column elementor-col-100 elementor-top-column elementor-element elementor-element-c6ef7fd\" data-id=\"c6ef7fd\" data-element_type=\"column\">\n\t\t\t<div class=\"elementor-column-wrap elementor-element-populated\">\n\t\t\t\t\t\t\t<div class=\"elementor-widget-wrap\">\n\t\t\t\t\t\t<div class=\"elementor-element elementor-element-73fac30 elementor-widget elementor-widget-spacer\" data-id=\"73fac30\" data-element_type=\"widget\" data-widget_type=\"spacer.default\">\n\t\t\t\t<div class=\"elementor-widget-container\">\n\t\t\t\t\t<div class=\"elementor-spacer\">\n\t\t\t<div class=\"elementor-spacer-inner\"><\/div>\n\t\t<\/div>\n\t\t\t\t<\/div>\n\t\t\t\t<\/div>\n\t\t\t\t\t\t<\/div>\n\t\t\t\t\t<\/div>\n\t\t<\/div>\n\t\t\t\t\t\t\t\t<\/div>\n\t\t\t\t\t<\/div>\n\t\t<\/section>\n\t\t\t\t<section class=\"elementor-section elementor-top-section elementor-element elementor-element-6a26374 elementor-section-full_width elementor-section-height-default elementor-section-height-default\" data-id=\"6a26374\" data-element_type=\"section\">\n\t\t\t\t\t\t<div class=\"elementor-container elementor-column-gap-default\">\n\t\t\t\t\t\t\t<div class=\"elementor-row\">\n\t\t\t\t\t<div class=\"elementor-column elementor-col-100 elementor-top-column elementor-element elementor-element-a4adb52\" data-id=\"a4adb52\" data-element_type=\"column\">\n\t\t\t<div class=\"elementor-column-wrap elementor-element-populated\">\n\t\t\t\t\t\t\t<div class=\"elementor-widget-wrap\">\n\t\t\t\t\t\t<div class=\"elementor-element elementor-element-9c2edc2 elementor-widget elementor-widget-heading\" data-id=\"9c2edc2\" data-element_type=\"widget\" data-widget_type=\"heading.default\">\n\t\t\t\t<div class=\"elementor-widget-container\">\n\t\t\t<h2 class=\"elementor-heading-title elementor-size-default\">Conhe\u00e7a os nossos programas<\/h2>\t\t<\/div>\n\t\t\t\t<\/div>\n\t\t\t\t\t\t<\/div>\n\t\t\t\t\t<\/div>\n\t\t<\/div>\n\t\t\t\t\t\t\t\t<\/div>\n\t\t\t\t\t<\/div>\n\t\t<\/section>\n\t\t\t\t<section class=\"elementor-section elementor-top-section elementor-element elementor-element-298c485 elementor-section-full_width elementor-section-height-min-height elementor-section-height-default elementor-section-items-middle\" data-id=\"298c485\" data-element_type=\"section\">\n\t\t\t\t\t\t<div class=\"elementor-container elementor-column-gap-default\">\n\t\t\t\t\t\t\t<div class=\"elementor-row\">\n\t\t\t\t\t<div class=\"elementor-column elementor-col-50 elementor-top-column elementor-element elementor-element-c279cb8\" data-id=\"c279cb8\" data-element_type=\"column\">\n\t\t\t<div class=\"elementor-column-wrap elementor-element-populated\">\n\t\t\t\t\t\t\t<div class=\"elementor-widget-wrap\">\n\t\t\t\t\t\t<div class=\"elementor-element elementor-element-198fbbf elementor-widget elementor-widget-image-gallery\" data-id=\"198fbbf\" data-element_type=\"widget\" data-widget_type=\"image-gallery.default\">\n\t\t\t\t<div class=\"elementor-widget-container\">\n\t\t\t\t\t<div class=\"elementor-image-gallery\">\n\t\t\t\n\t\t<style type=\"text\/css\">\n\t\t\t#gallery-1 {\n\t\t\t\tmargin: auto;\n\t\t\t}\n\t\t\t#gallery-1 .gallery-item {\n\t\t\t\tfloat: left;\n\t\t\t\tmargin-top: 10px;\n\t\t\t\ttext-align: center;\n\t\t\t\twidth: 50%;\n\t\t\t}\n\t\t\t#gallery-1 img {\n\t\t\t\tborder: 2px solid #cfcfcf;\n\t\t\t}\n\t\t\t#gallery-1 .gallery-caption {\n\t\t\t\tmargin-left: 0;\n\t\t\t}\n\t\t\t\/* see gallery_shortcode() in wp-includes\/media.php *\/\n\t\t<\/style>\n\t\t<div id='gallery-1' class='gallery galleryid-7079 gallery-columns-2 gallery-size-thumbnail'><dl class='gallery-item'>\n\t\t\t<dt class='gallery-icon landscape'>\n\t\t\t\t<a data-elementor-open-lightbox=\"yes\" data-elementor-lightbox-slideshow=\"198fbbf\" data-elementor-lightbox-title=\"peaks-Pamirs-Tajikistan\" href=\"https:\/\/portugalhunting.com\/wp-content\/uploads\/2021\/01\/peaks-Pamirs-Tajikistan.jpg\" rel=\"prettyPhoto[gallery-xnnF]\"><img width=\"150\" height=\"150\" src=\"https:\/\/portugalhunting.com\/wp-content\/uploads\/2021\/01\/peaks-Pamirs-Tajikistan-150x150.jpg\" class=\"attachment-thumbnail size-thumbnail\" alt=\"\" loading=\"lazy\" aria-describedby=\"gallery-1-7157\" srcset=\"https:\/\/portugalhunting.com\/wp-content\/uploads\/2021\/01\/peaks-Pamirs-Tajikistan-150x150.jpg 150w, https:\/\/portugalhunting.com\/wp-content\/uploads\/2021\/01\/peaks-Pamirs-Tajikistan-100x100.jpg 100w, https:\/\/portugalhunting.com\/wp-content\/uploads\/2021\/01\/peaks-Pamirs-Tajikistan-350x350.jpg 350w\" sizes=\"(max-width: 150px) 100vw, 150px\" \/><\/a>\n\t\t\t<\/dt>\n\t\t\t\t<dd class='wp-caption-text gallery-caption' id='gallery-1-7157'>\n\t\t\t\tIbex area\n\t\t\t\t<\/dd><\/dl><dl class='gallery-item'>\n\t\t\t<dt class='gallery-icon landscape'>\n\t\t\t\t<a data-elementor-open-lightbox=\"yes\" data-elementor-lightbox-slideshow=\"198fbbf\" data-elementor-lightbox-title=\"bukharan_marhor_tajikistan_02\" href=\"https:\/\/portugalhunting.com\/wp-content\/uploads\/2021\/01\/bukharan_marhor_tajikistan_02.jpg\" rel=\"prettyPhoto[gallery-xnnF]\"><img width=\"150\" height=\"150\" src=\"https:\/\/portugalhunting.com\/wp-content\/uploads\/2021\/01\/bukharan_marhor_tajikistan_02-150x150.jpg\" class=\"attachment-thumbnail size-thumbnail\" alt=\"\" loading=\"lazy\" aria-describedby=\"gallery-1-7176\" srcset=\"https:\/\/portugalhunting.com\/wp-content\/uploads\/2021\/01\/bukharan_marhor_tajikistan_02-150x150.jpg 150w, https:\/\/portugalhunting.com\/wp-content\/uploads\/2021\/01\/bukharan_marhor_tajikistan_02-100x100.jpg 100w, https:\/\/portugalhunting.com\/wp-content\/uploads\/2021\/01\/bukharan_marhor_tajikistan_02-500x500.jpg 500w, https:\/\/portugalhunting.com\/wp-content\/uploads\/2021\/01\/bukharan_marhor_tajikistan_02-350x350.jpg 350w\" sizes=\"(max-width: 150px) 100vw, 150px\" \/><\/a>\n\t\t\t<\/dt>\n\t\t\t\t<dd class='wp-caption-text gallery-caption' id='gallery-1-7176'>\n\t\t\t\tMarkor area\n\t\t\t\t<\/dd><\/dl><br style=\"clear: both\" \/><dl class='gallery-item'>\n\t\t\t<dt class='gallery-icon landscape'>\n\t\t\t\t<a data-elementor-open-lightbox=\"yes\" data-elementor-lightbox-slideshow=\"198fbbf\" data-elementor-lightbox-title=\"bukharan_marhor_tajikistan_03\" href=\"https:\/\/portugalhunting.com\/wp-content\/uploads\/2021\/01\/bukharan_marhor_tajikistan_03-1.jpg\" rel=\"prettyPhoto[gallery-xnnF]\"><img width=\"150\" height=\"150\" src=\"https:\/\/portugalhunting.com\/wp-content\/uploads\/2021\/01\/bukharan_marhor_tajikistan_03-1-150x150.jpg\" class=\"attachment-thumbnail size-thumbnail\" alt=\"\" loading=\"lazy\" aria-describedby=\"gallery-1-7183\" srcset=\"https:\/\/portugalhunting.com\/wp-content\/uploads\/2021\/01\/bukharan_marhor_tajikistan_03-1-150x150.jpg 150w, https:\/\/portugalhunting.com\/wp-content\/uploads\/2021\/01\/bukharan_marhor_tajikistan_03-1-100x100.jpg 100w, https:\/\/portugalhunting.com\/wp-content\/uploads\/2021\/01\/bukharan_marhor_tajikistan_03-1-500x500.jpg 500w, https:\/\/portugalhunting.com\/wp-content\/uploads\/2021\/01\/bukharan_marhor_tajikistan_03-1-350x350.jpg 350w\" sizes=\"(max-width: 150px) 100vw, 150px\" \/><\/a>\n\t\t\t<\/dt>\n\t\t\t\t<dd class='wp-caption-text gallery-caption' id='gallery-1-7183'>\n\t\t\t\tMarkor area\n\t\t\t\t<\/dd><\/dl><dl class='gallery-item'>\n\t\t\t<dt class='gallery-icon landscape'>\n\t\t\t\t<a data-elementor-open-lightbox=\"yes\" data-elementor-lightbox-slideshow=\"198fbbf\" data-elementor-lightbox-title=\"2019_tajikistan_05\" href=\"https:\/\/portugalhunting.com\/wp-content\/uploads\/2021\/01\/2019_tajikistan_05.jpg\" rel=\"prettyPhoto[gallery-xnnF]\"><img width=\"150\" height=\"150\" src=\"https:\/\/portugalhunting.com\/wp-content\/uploads\/2021\/01\/2019_tajikistan_05-150x150.jpg\" class=\"attachment-thumbnail size-thumbnail\" alt=\"\" loading=\"lazy\" aria-describedby=\"gallery-1-7172\" srcset=\"https:\/\/portugalhunting.com\/wp-content\/uploads\/2021\/01\/2019_tajikistan_05-150x150.jpg 150w, https:\/\/portugalhunting.com\/wp-content\/uploads\/2021\/01\/2019_tajikistan_05-300x300.jpg 300w, https:\/\/portugalhunting.com\/wp-content\/uploads\/2021\/01\/2019_tajikistan_05-100x100.jpg 100w, https:\/\/portugalhunting.com\/wp-content\/uploads\/2021\/01\/2019_tajikistan_05-500x500.jpg 500w, https:\/\/portugalhunting.com\/wp-content\/uploads\/2021\/01\/2019_tajikistan_05-350x350.jpg 350w, https:\/\/portugalhunting.com\/wp-content\/uploads\/2021\/01\/2019_tajikistan_05.jpg 550w\" sizes=\"(max-width: 150px) 100vw, 150px\" \/><\/a>\n\t\t\t<\/dt>\n\t\t\t\t<dd class='wp-caption-text gallery-caption' id='gallery-1-7172'>\n\t\t\t\tMarco Polo Argali\n\t\t\t\t<\/dd><\/dl><br style=\"clear: both\" \/><dl class='gallery-item'>\n\t\t\t<dt class='gallery-icon landscape'>\n\t\t\t\t<a data-elementor-open-lightbox=\"yes\" data-elementor-lightbox-slideshow=\"198fbbf\" data-elementor-lightbox-title=\"argali_matisoni_01\" href=\"https:\/\/portugalhunting.com\/wp-content\/uploads\/2021\/01\/argali_matisoni_01.jpg\" rel=\"prettyPhoto[gallery-xnnF]\"><img width=\"150\" height=\"150\" src=\"https:\/\/portugalhunting.com\/wp-content\/uploads\/2021\/01\/argali_matisoni_01-150x150.jpg\" class=\"attachment-thumbnail size-thumbnail\" alt=\"\" loading=\"lazy\" aria-describedby=\"gallery-1-7173\" srcset=\"https:\/\/portugalhunting.com\/wp-content\/uploads\/2021\/01\/argali_matisoni_01-150x150.jpg 150w, https:\/\/portugalhunting.com\/wp-content\/uploads\/2021\/01\/argali_matisoni_01-100x100.jpg 100w, https:\/\/portugalhunting.com\/wp-content\/uploads\/2021\/01\/argali_matisoni_01-500x500.jpg 500w, https:\/\/portugalhunting.com\/wp-content\/uploads\/2021\/01\/argali_matisoni_01-350x350.jpg 350w\" sizes=\"(max-width: 150px) 100vw, 150px\" \/><\/a>\n\t\t\t<\/dt>\n\t\t\t\t<dd class='wp-caption-text gallery-caption' id='gallery-1-7173'>\n\t\t\t\tMatison Argali\n\t\t\t\t<\/dd><\/dl><dl class='gallery-item'>\n\t\t\t<dt class='gallery-icon landscape'>\n\t\t\t\t<a data-elementor-open-lightbox=\"yes\" data-elementor-lightbox-slideshow=\"198fbbf\" data-elementor-lightbox-title=\"argali_matisoni_02\" href=\"https:\/\/portugalhunting.com\/wp-content\/uploads\/2021\/01\/argali_matisoni_02.jpg\" rel=\"prettyPhoto[gallery-xnnF]\"><img width=\"150\" height=\"150\" src=\"https:\/\/portugalhunting.com\/wp-content\/uploads\/2021\/01\/argali_matisoni_02-150x150.jpg\" class=\"attachment-thumbnail size-thumbnail\" alt=\"\" loading=\"lazy\" aria-describedby=\"gallery-1-7174\" srcset=\"https:\/\/portugalhunting.com\/wp-content\/uploads\/2021\/01\/argali_matisoni_02-150x150.jpg 150w, https:\/\/portugalhunting.com\/wp-content\/uploads\/2021\/01\/argali_matisoni_02-100x100.jpg 100w, https:\/\/portugalhunting.com\/wp-content\/uploads\/2021\/01\/argali_matisoni_02-500x500.jpg 500w, https:\/\/portugalhunting.com\/wp-content\/uploads\/2021\/01\/argali_matisoni_02-350x350.jpg 350w\" sizes=\"(max-width: 150px) 100vw, 150px\" \/><\/a>\n\t\t\t<\/dt>\n\t\t\t\t<dd class='wp-caption-text gallery-caption' id='gallery-1-7174'>\n\t\t\t\tMatison Argali\n\t\t\t\t<\/dd><\/dl><br style=\"clear: both\" \/><dl class='gallery-item'>\n\t\t\t<dt class='gallery-icon landscape'>\n\t\t\t\t<a data-elementor-open-lightbox=\"yes\" data-elementor-lightbox-slideshow=\"198fbbf\" data-elementor-lightbox-title=\"bukharan_marhor_tajikistan_01\" href=\"https:\/\/portugalhunting.com\/wp-content\/uploads\/2021\/01\/bukharan_marhor_tajikistan_01.jpg\" rel=\"prettyPhoto[gallery-xnnF]\"><img width=\"150\" height=\"150\" src=\"https:\/\/portugalhunting.com\/wp-content\/uploads\/2021\/01\/bukharan_marhor_tajikistan_01-150x150.jpg\" class=\"attachment-thumbnail size-thumbnail\" alt=\"\" loading=\"lazy\" aria-describedby=\"gallery-1-7175\" srcset=\"https:\/\/portugalhunting.com\/wp-content\/uploads\/2021\/01\/bukharan_marhor_tajikistan_01-150x150.jpg 150w, https:\/\/portugalhunting.com\/wp-content\/uploads\/2021\/01\/bukharan_marhor_tajikistan_01-100x100.jpg 100w, https:\/\/portugalhunting.com\/wp-content\/uploads\/2021\/01\/bukharan_marhor_tajikistan_01-500x500.jpg 500w, https:\/\/portugalhunting.com\/wp-content\/uploads\/2021\/01\/bukharan_marhor_tajikistan_01-350x350.jpg 350w\" sizes=\"(max-width: 150px) 100vw, 150px\" \/><\/a>\n\t\t\t<\/dt>\n\t\t\t\t<dd class='wp-caption-text gallery-caption' id='gallery-1-7175'>\n\t\t\t\tBukharan Markor\n\t\t\t\t<\/dd><\/dl><dl class='gallery-item'>\n\t\t\t<dt class='gallery-icon landscape'>\n\t\t\t\t<a data-elementor-open-lightbox=\"yes\" data-elementor-lightbox-slideshow=\"198fbbf\" data-elementor-lightbox-title=\"schwarzwild_tadschikistan_02\" href=\"https:\/\/portugalhunting.com\/wp-content\/uploads\/2021\/01\/schwarzwild_tadschikistan_02.jpg\" rel=\"prettyPhoto[gallery-xnnF]\"><img width=\"150\" height=\"150\" src=\"https:\/\/portugalhunting.com\/wp-content\/uploads\/2021\/01\/schwarzwild_tadschikistan_02-150x150.jpg\" class=\"attachment-thumbnail size-thumbnail\" alt=\"\" loading=\"lazy\" aria-describedby=\"gallery-1-7034\" srcset=\"https:\/\/portugalhunting.com\/wp-content\/uploads\/2021\/01\/schwarzwild_tadschikistan_02-150x150.jpg 150w, https:\/\/portugalhunting.com\/wp-content\/uploads\/2021\/01\/schwarzwild_tadschikistan_02-100x100.jpg 100w, https:\/\/portugalhunting.com\/wp-content\/uploads\/2021\/01\/schwarzwild_tadschikistan_02-350x350.jpg 350w\" sizes=\"(max-width: 150px) 100vw, 150px\" \/><\/a>\n\t\t\t<\/dt>\n\t\t\t\t<dd class='wp-caption-text gallery-caption' id='gallery-1-7034'>\n\t\t\t\tWild Boar\n\t\t\t\t<\/dd><\/dl><br style=\"clear: both\" \/>\n\t\t<\/div>\n\t\t<\/div>\n\t\t\t\t<\/div>\n\t\t\t\t<\/div>\n\t\t\t\t\t\t<\/div>\n\t\t\t\t\t<\/div>\n\t\t<\/div>\n\t\t\t\t<div class=\"elementor-column elementor-col-50 elementor-top-column elementor-element elementor-element-c5e5b95\" data-id=\"c5e5b95\" data-element_type=\"column\">\n\t\t\t<div class=\"elementor-column-wrap elementor-element-populated\">\n\t\t\t\t\t\t\t<div class=\"elementor-widget-wrap\">\n\t\t\t\t\t\t<div class=\"elementor-element elementor-element-a6a7316 elementor-widget elementor-widget-text-editor\" data-id=\"a6a7316\" data-element_type=\"widget\" data-widget_type=\"text-editor.default\">\n\t\t\t\t<div class=\"elementor-widget-container\">\n\t\t\t\t\t<div class=\"elementor-text-editor elementor-clearfix\"><p><strong>O Tajiquist\u00e3o oferece uma vasta variedade esp\u00e9cies a ca\u00e7ar.\u00a0<\/strong><\/p><p><strong>\u00c9 famoso pelo carneiro Marco Polo, provavelmente o maior sonho de um ca\u00e7ador de montanha. Mas n\u00e3o \u00e9 a \u00fanica raz\u00e3o para visitar este belo pa\u00eds. O Tajikist\u00e3o come\u00e7ou a emitir licen\u00e7as para o Bukharan Markor, Afghan Urial e o Carneiro Matison. <\/strong><\/p><p><strong>Tamb\u00e9m \u00e9 um bom destino para ca\u00e7adores que buscam o Ibex M\u00e9dio- Asi\u00e1tico. A m\u00e9dia ronda os 100 a 110 cm, com alguns trof\u00e9us a chegarem aos 115-120 cm<\/strong><\/p><p><strong>Como chegar: <\/strong><\/p><p>O melhor percurso para chegar a Dushanbe \u00e9 via Istambul com a Turkish Airlines. No aeroporto estar\u00e1 o guia local para ajudar com as formalidades e transportar no mesmo dia para a \u00e1rea de ca\u00e7a. O transporte ser\u00e1 organizado com ve\u00edculos 4&#215;4<\/p><p><strong>\u00c1rea de ca\u00e7a:<\/strong><\/p><p>Darvaz<\/p><p><strong>M\u00e9todos de ca\u00e7a:<\/strong><\/p><p>Aproxima\u00e7\u00f5es a p\u00e9 entre Setembro e Fevereiro<\/p><p><strong>Grupos:<\/strong><\/p><p>2 a 3 ca\u00e7adores por acampamento<\/p><p><strong>Alojamento:<\/strong><\/p><p>Casas de madeira ou yurts. S\u00e3o climatizados com \u00e1reas distintas para refei\u00e7\u00f5es, banhos e dormidas, com energia el\u00e9ctrica. Podem ser necess\u00e1rios campos de tendas secund\u00e1rios. Boa qualidade de servi\u00e7o e de refei\u00e7\u00f5es.<\/p><\/div>\n\t\t\t\t<\/div>\n\t\t\t\t<\/div>\n\t\t\t\t\t\t<\/div>\n\t\t\t\t\t<\/div>\n\t\t<\/div>\n\t\t\t\t\t\t\t\t<\/div>\n\t\t\t\t\t<\/div>\n\t\t<\/section>\n\t\t\t\t<section class=\"elementor-section elementor-top-section elementor-element elementor-element-a0a3376 elementor-section-full_width elementor-section-height-default elementor-section-height-default\" data-id=\"a0a3376\" data-element_type=\"section\">\n\t\t\t\t\t\t<div class=\"elementor-container elementor-column-gap-default\">\n\t\t\t\t\t\t\t<div class=\"elementor-row\">\n\t\t\t\t\t<div class=\"elementor-column elementor-col-100 elementor-top-column elementor-element elementor-element-5388423\" data-id=\"5388423\" data-element_type=\"column\">\n\t\t\t<div class=\"elementor-column-wrap elementor-element-populated\">\n\t\t\t\t\t\t\t<div class=\"elementor-widget-wrap\">\n\t\t\t\t\t\t<div class=\"elementor-element elementor-element-78970d3 elementor-arrows-position-inside elementor-pagination-position-outside elementor-widget elementor-widget-image-carousel\" data-id=\"78970d3\" data-element_type=\"widget\" data-settings=\"{&quot;navigation&quot;:&quot;both&quot;,&quot;autoplay&quot;:&quot;yes&quot;,&quot;pause_on_hover&quot;:&quot;yes&quot;,&quot;pause_on_interaction&quot;:&quot;yes&quot;,&quot;autoplay_speed&quot;:5000,&quot;infinite&quot;:&quot;yes&quot;,&quot;speed&quot;:500}\" data-widget_type=\"image-carousel.default\">\n\t\t\t\t<div class=\"elementor-widget-container\">\n\t\t\t\t\t<div class=\"elementor-image-carousel-wrapper swiper-container\" dir=\"ltr\">\n\t\t\t<div class=\"elementor-image-carousel swiper-wrapper swiper-image-stretch\">\n\t\t\t\t<div class=\"swiper-slide\"><figure class=\"swiper-slide-inner\"><img class=\"swiper-slide-image\" src=\"https:\/\/portugalhunting.com\/wp-content\/uploads\/2021\/01\/ibex_tajikistan_02-2-300x225.jpg\" alt=\"Mid Asian Ibex\" \/><\/figure><\/div><div class=\"swiper-slide\"><figure class=\"swiper-slide-inner\"><img class=\"swiper-slide-image\" src=\"https:\/\/portugalhunting.com\/wp-content\/uploads\/2021\/01\/ibex_tajikistan_04-2-300x225.jpg\" alt=\"Mid Asian Ibex\" \/><\/figure><\/div><div class=\"swiper-slide\"><figure class=\"swiper-slide-inner\"><img class=\"swiper-slide-image\" src=\"https:\/\/portugalhunting.com\/wp-content\/uploads\/2021\/01\/ibex_tajikistan_05-2-300x225.jpg\" alt=\"Mid Asian Ibex\" \/><\/figure><\/div><div class=\"swiper-slide\"><figure class=\"swiper-slide-inner\"><img class=\"swiper-slide-image\" src=\"https:\/\/portugalhunting.com\/wp-content\/uploads\/2021\/01\/schwarzwild_tadschikistan_04-1-300x141.jpg\" alt=\"Javali\" \/><\/figure><\/div><div class=\"swiper-slide\"><figure class=\"swiper-slide-inner\"><img class=\"swiper-slide-image\" src=\"https:\/\/portugalhunting.com\/wp-content\/uploads\/2021\/01\/schwarzwild_tadschikistan_02-1-300x142.jpg\" alt=\"Javali\" \/><\/figure><\/div><div class=\"swiper-slide\"><figure class=\"swiper-slide-inner\"><img class=\"swiper-slide-image\" src=\"https:\/\/portugalhunting.com\/wp-content\/uploads\/2021\/01\/schwarzwild_tadschikistan_01-1-300x178.jpg\" alt=\"Javali\" \/><\/figure><\/div>\t\t\t<\/div>\n\t\t\t\t\t\t\t\t\t\t\t\t<div class=\"swiper-pagination\"><\/div>\n\t\t\t\t\t\t\t\t\t\t\t\t\t<div class=\"elementor-swiper-button elementor-swiper-button-prev\">\n\t\t\t\t\t\t<i class=\"eicon-chevron-left\" aria-hidden=\"true\"><\/i>\n\t\t\t\t\t\t<span class=\"elementor-screen-only\">Previous<\/span>\n\t\t\t\t\t<\/div>\n\t\t\t\t\t<div class=\"elementor-swiper-button elementor-swiper-button-next\">\n\t\t\t\t\t\t<i class=\"eicon-chevron-right\" aria-hidden=\"true\"><\/i>\n\t\t\t\t\t\t<span class=\"elementor-screen-only\">Next<\/span>\n\t\t\t\t\t<\/div>\n\t\t\t\t\t\t\t\t\t<\/div>\n\t\t\t\t<\/div>\n\t\t\t\t<\/div>\n\t\t\t\t\t\t<\/div>\n\t\t\t\t\t<\/div>\n\t\t<\/div>\n\t\t\t\t\t\t\t\t<\/div>\n\t\t\t\t\t<\/div>\n\t\t<\/section>\n\t\t\t\t<section class=\"elementor-section elementor-top-section elementor-element elementor-element-d601b90 elementor-section-boxed elementor-section-height-default elementor-section-height-default\" data-id=\"d601b90\" data-element_type=\"section\">\n\t\t\t\t\t\t<div class=\"elementor-container elementor-column-gap-default\">\n\t\t\t\t\t\t\t<div class=\"elementor-row\">\n\t\t\t\t\t<div class=\"elementor-column elementor-col-100 elementor-top-column elementor-element elementor-element-71b16a5\" data-id=\"71b16a5\" data-element_type=\"column\">\n\t\t\t<div class=\"elementor-column-wrap elementor-element-populated\">\n\t\t\t\t\t\t\t<div class=\"elementor-widget-wrap\">\n\t\t\t\t\t\t<div class=\"elementor-element elementor-element-f44ad0d elementor-align-center elementor-widget elementor-widget-button\" data-id=\"f44ad0d\" data-element_type=\"widget\" data-widget_type=\"button.default\">\n\t\t\t\t<div class=\"elementor-widget-container\">\n\t\t\t\t\t<div class=\"elementor-button-wrapper\">\n\t\t\t<a href=\"#\" class=\"elementor-button-link elementor-button elementor-size-sm\" role=\"button\">\n\t\t\t\t\t\t<span class=\"elementor-button-content-wrapper\">\n\t\t\t\t\t\t<span class=\"elementor-button-text\">Quero saber mais<\/span>\n\t\t<\/span>\n\t\t\t\t\t<\/a>\n\t\t<\/div>\n\t\t\t\t<\/div>\n\t\t\t\t<\/div>\n\t\t\t\t\t\t<\/div>\n\t\t\t\t\t<\/div>\n\t\t<\/div>\n\t\t\t\t\t\t\t\t<\/div>\n\t\t\t\t\t<\/div>\n\t\t<\/section>\n\t\t\t\t\t\t<\/div>\n\t\t\t\t\t\t<\/div>\n\t\t\t\t\t<\/div>\n\t\t","protected":false},"excerpt":{"rendered":"<p>Tajiquist\u00e3o Conhe\u00e7a os nossos programas Ibex area Markor area Markor area Marco Polo Argali Matison Argali Matison Argali Bukharan Markor Wild Boar O Tajiquist\u00e3o oferece uma vasta variedade esp\u00e9cies a&#8230;<\/p>\n","protected":false},"author":2,"featured_media":0,"parent":0,"menu_order":0,"comment_status":"closed","ping_status":"closed","template":"elementor_theme","meta":[],"_links":{"self":[{"href":"https:\/\/portugalhunting.com\/en\/wp-json\/wp\/v2\/pages\/7079"}],"collection":[{"href":"https:\/\/portugalhunting.com\/en\/wp-json\/wp\/v2\/pages"}],"about":[{"href":"https:\/\/portugalhunting.com\/en\/wp-json\/wp\/v2\/types\/page"}],"author":[{"embeddable":true,"href":"https:\/\/portugalhunting.com\/en\/wp-json\/wp\/v2\/users\/2"}],"replies":[{"embeddable":true,"href":"https:\/\/portugalhunting.com\/en\/wp-json\/wp\/v2\/comments?post=7079"}],"version-history":[{"count":63,"href":"https:\/\/portugalhunting.com\/en\/wp-json\/wp\/v2\/pages\/7079\/revisions"}],"predecessor-version":[{"id":7191,"href":"https:\/\/portugalhunting.com\/en\/wp-json\/wp\/v2\/pages\/7079\/revisions\/7191"}],"wp:attachment":[{"href":"https:\/\/portugalhunting.com\/en\/wp-json\/wp\/v2\/media?parent=7079"}],"curies":[{"name":"wp","href":"https:\/\/api.w.org\/{rel}","templated":true}]}}