{"id":7055,"date":"2021-01-08T10:21:19","date_gmt":"2021-01-08T10:21:19","guid":{"rendered":"https:\/\/portugalhunting.com\/?page_id=7055"},"modified":"2021-01-20T12:23:34","modified_gmt":"2021-01-20T12:23:34","slug":"kirov","status":"publish","type":"page","link":"https:\/\/portugalhunting.com\/en\/kirov\/","title":{"rendered":"Kirov"},"content":{"rendered":"\t\t<div data-elementor-type=\"wp-page\" data-elementor-id=\"7055\" class=\"elementor elementor-7055\" data-elementor-settings=\"[]\">\n\t\t\t\t\t\t<div class=\"elementor-inner\">\n\t\t\t\t\t\t\t<div class=\"elementor-section-wrap\">\n\t\t\t\t\t\t\t<section class=\"elementor-section elementor-top-section elementor-element elementor-element-895e17d elementor-section-boxed elementor-section-height-default elementor-section-height-default\" data-id=\"895e17d\" data-element_type=\"section\">\n\t\t\t\t\t\t<div class=\"elementor-container elementor-column-gap-default\">\n\t\t\t\t\t\t\t<div class=\"elementor-row\">\n\t\t\t\t\t<div class=\"elementor-column elementor-col-100 elementor-top-column elementor-element elementor-element-ceaadcf\" data-id=\"ceaadcf\" data-element_type=\"column\">\n\t\t\t<div class=\"elementor-column-wrap elementor-element-populated\">\n\t\t\t\t\t\t\t<div class=\"elementor-widget-wrap\">\n\t\t\t\t\t\t<div class=\"elementor-element elementor-element-1812f63 elementor-widget elementor-widget-heading\" data-id=\"1812f63\" data-element_type=\"widget\" data-widget_type=\"heading.default\">\n\t\t\t\t<div class=\"elementor-widget-container\">\n\t\t\t<h2 class=\"elementor-heading-title elementor-size-default\">Kirov<\/h2>\t\t<\/div>\n\t\t\t\t<\/div>\n\t\t\t\t\t\t<\/div>\n\t\t\t\t\t<\/div>\n\t\t<\/div>\n\t\t\t\t\t\t\t\t<\/div>\n\t\t\t\t\t<\/div>\n\t\t<\/section>\n\t\t\t\t<section class=\"elementor-section elementor-top-section elementor-element elementor-element-c9acab6 elementor-section-boxed elementor-section-height-default elementor-section-height-default\" data-id=\"c9acab6\" data-element_type=\"section\">\n\t\t\t\t\t\t<div class=\"elementor-container elementor-column-gap-default\">\n\t\t\t\t\t\t\t<div class=\"elementor-row\">\n\t\t\t\t\t<div class=\"elementor-column elementor-col-100 elementor-top-column elementor-element elementor-element-117d235\" data-id=\"117d235\" data-element_type=\"column\">\n\t\t\t<div class=\"elementor-column-wrap elementor-element-populated\">\n\t\t\t\t\t\t\t<div class=\"elementor-widget-wrap\">\n\t\t\t\t\t\t<div class=\"elementor-element elementor-element-b8e60df elementor-widget elementor-widget-text-editor\" data-id=\"b8e60df\" data-element_type=\"widget\" data-widget_type=\"text-editor.default\">\n\t\t\t\t<div class=\"elementor-widget-container\">\n\t\t\t\t\t<div class=\"elementor-text-editor elementor-clearfix\"><p>Esta regi\u00e3o situa-se a 800km de Moskovo, bem no centro da R\u00fassia Europeia, a oeste dos Urais. Tem o habitat ideal para o Galo Silvestre, o Galo Negro, o\u00a0 Urso Europeu e\u00a0 0 Lobo. Sendo um centro religioso ortodoxo permite aliar a cultura a este destino cineg\u00e9tico.<\/p><\/div>\n\t\t\t\t<\/div>\n\t\t\t\t<\/div>\n\t\t\t\t\t\t<\/div>\n\t\t\t\t\t<\/div>\n\t\t<\/div>\n\t\t\t\t\t\t\t\t<\/div>\n\t\t\t\t\t<\/div>\n\t\t<\/section>\n\t\t\t\t<section class=\"elementor-section elementor-top-section elementor-element elementor-element-d108d4b elementor-section-boxed elementor-section-height-default elementor-section-height-default\" data-id=\"d108d4b\" data-element_type=\"section\">\n\t\t\t\t\t\t<div class=\"elementor-container elementor-column-gap-default\">\n\t\t\t\t\t\t\t<div class=\"elementor-row\">\n\t\t\t\t\t<div class=\"elementor-column elementor-col-100 elementor-top-column elementor-element elementor-element-1b6073e\" data-id=\"1b6073e\" data-element_type=\"column\">\n\t\t\t<div class=\"elementor-column-wrap elementor-element-populated\">\n\t\t\t\t\t\t\t<div class=\"elementor-widget-wrap\">\n\t\t\t\t\t\t<div class=\"elementor-element elementor-element-b65ae12 elementor-widget elementor-widget-spacer\" data-id=\"b65ae12\" data-element_type=\"widget\" data-widget_type=\"spacer.default\">\n\t\t\t\t<div class=\"elementor-widget-container\">\n\t\t\t\t\t<div class=\"elementor-spacer\">\n\t\t\t<div class=\"elementor-spacer-inner\"><\/div>\n\t\t<\/div>\n\t\t\t\t<\/div>\n\t\t\t\t<\/div>\n\t\t\t\t\t\t<\/div>\n\t\t\t\t\t<\/div>\n\t\t<\/div>\n\t\t\t\t\t\t\t\t<\/div>\n\t\t\t\t\t<\/div>\n\t\t<\/section>\n\t\t\t\t<section class=\"elementor-section elementor-top-section elementor-element elementor-element-47a71b5 elementor-section-boxed elementor-section-height-default elementor-section-height-default\" data-id=\"47a71b5\" data-element_type=\"section\">\n\t\t\t\t\t\t<div class=\"elementor-container elementor-column-gap-default\">\n\t\t\t\t\t\t\t<div class=\"elementor-row\">\n\t\t\t\t\t<div class=\"elementor-column elementor-col-66 elementor-top-column elementor-element elementor-element-07f48c3\" data-id=\"07f48c3\" data-element_type=\"column\">\n\t\t\t<div class=\"elementor-column-wrap elementor-element-populated\">\n\t\t\t\t\t\t\t<div class=\"elementor-widget-wrap\">\n\t\t\t\t\t\t<div class=\"elementor-element elementor-element-78a4505 elementor-widget elementor-widget-image-gallery\" data-id=\"78a4505\" data-element_type=\"widget\" data-widget_type=\"image-gallery.default\">\n\t\t\t\t<div class=\"elementor-widget-container\">\n\t\t\t\t\t<div class=\"elementor-image-gallery\">\n\t\t\t\n\t\t<style type=\"text\/css\">\n\t\t\t#gallery-1 {\n\t\t\t\tmargin: auto;\n\t\t\t}\n\t\t\t#gallery-1 .gallery-item {\n\t\t\t\tfloat: left;\n\t\t\t\tmargin-top: 10px;\n\t\t\t\ttext-align: center;\n\t\t\t\twidth: 50%;\n\t\t\t}\n\t\t\t#gallery-1 img {\n\t\t\t\tborder: 2px solid #cfcfcf;\n\t\t\t}\n\t\t\t#gallery-1 .gallery-caption {\n\t\t\t\tmargin-left: 0;\n\t\t\t}\n\t\t\t\/* see gallery_shortcode() in wp-includes\/media.php *\/\n\t\t<\/style>\n\t\t<div id='gallery-1' class='gallery galleryid-7055 gallery-columns-2 gallery-size-medium'><dl class='gallery-item'>\n\t\t\t<dt class='gallery-icon landscape'>\n\t\t\t\t<a data-elementor-open-lightbox=\"yes\" data-elementor-lightbox-slideshow=\"78a4505\" data-elementor-lightbox-title=\"auerhahn_birkhahn_03\" href=\"https:\/\/portugalhunting.com\/wp-content\/uploads\/2021\/01\/auerhahn_birkhahn_03.jpg\" rel=\"prettyPhoto[gallery-VBtH]\"><img width=\"300\" height=\"225\" src=\"https:\/\/portugalhunting.com\/wp-content\/uploads\/2021\/01\/auerhahn_birkhahn_03-300x225.jpg\" class=\"attachment-medium size-medium\" alt=\"\" loading=\"lazy\" aria-describedby=\"gallery-1-7317\" srcset=\"https:\/\/portugalhunting.com\/wp-content\/uploads\/2021\/01\/auerhahn_birkhahn_03-300x225.jpg 300w, https:\/\/portugalhunting.com\/wp-content\/uploads\/2021\/01\/auerhahn_birkhahn_03-768x576.jpg 768w, https:\/\/portugalhunting.com\/wp-content\/uploads\/2021\/01\/auerhahn_birkhahn_03.jpg 800w\" sizes=\"(max-width: 300px) 100vw, 300px\" \/><\/a>\n\t\t\t<\/dt>\n\t\t\t\t<dd class='wp-caption-text gallery-caption' id='gallery-1-7317'>\n\t\t\t\tGalo Silvestre\n\t\t\t\t<\/dd><\/dl><dl class='gallery-item'>\n\t\t\t<dt class='gallery-icon landscape'>\n\t\t\t\t<a data-elementor-open-lightbox=\"yes\" data-elementor-lightbox-slideshow=\"78a4505\" data-elementor-lightbox-title=\"auerhahn_birkhahn_04\" href=\"https:\/\/portugalhunting.com\/wp-content\/uploads\/2021\/01\/auerhahn_birkhahn_04.jpg\" rel=\"prettyPhoto[gallery-VBtH]\"><img width=\"300\" height=\"225\" src=\"https:\/\/portugalhunting.com\/wp-content\/uploads\/2021\/01\/auerhahn_birkhahn_04-300x225.jpg\" class=\"attachment-medium size-medium\" alt=\"\" loading=\"lazy\" aria-describedby=\"gallery-1-7318\" srcset=\"https:\/\/portugalhunting.com\/wp-content\/uploads\/2021\/01\/auerhahn_birkhahn_04-300x225.jpg 300w, https:\/\/portugalhunting.com\/wp-content\/uploads\/2021\/01\/auerhahn_birkhahn_04-768x576.jpg 768w, https:\/\/portugalhunting.com\/wp-content\/uploads\/2021\/01\/auerhahn_birkhahn_04.jpg 800w\" sizes=\"(max-width: 300px) 100vw, 300px\" \/><\/a>\n\t\t\t<\/dt>\n\t\t\t\t<dd class='wp-caption-text gallery-caption' id='gallery-1-7318'>\n\t\t\t\tGalo Negro\n\t\t\t\t<\/dd><\/dl><br style=\"clear: both\" \/>\n\t\t<\/div>\n\t\t<\/div>\n\t\t\t\t<\/div>\n\t\t\t\t<\/div>\n\t\t\t\t\t\t<\/div>\n\t\t\t\t\t<\/div>\n\t\t<\/div>\n\t\t\t\t<div class=\"elementor-column elementor-col-33 elementor-top-column elementor-element elementor-element-1247f44\" data-id=\"1247f44\" data-element_type=\"column\">\n\t\t\t<div class=\"elementor-column-wrap elementor-element-populated\">\n\t\t\t\t\t\t\t<div class=\"elementor-widget-wrap\">\n\t\t\t\t\t\t<div class=\"elementor-element elementor-element-a60c234 elementor-widget elementor-widget-text-editor\" data-id=\"a60c234\" data-element_type=\"widget\" data-widget_type=\"text-editor.default\">\n\t\t\t\t<div class=\"elementor-widget-container\">\n\t\t\t\t\t<div class=\"elementor-text-editor elementor-clearfix\"><p>O Galo Silvestre, uma das aves mais antigas na Terra,\u00a0 quase desapareceu na Europa por perda do seu habitat. Nesta regi\u00e3o tem uma alta popula\u00e7\u00e3o o que permite a sua gest\u00e3o. O Galo Preto tamb\u00e9m pode ser avistado na Primavera, per\u00edodo ideal para este destino<\/p><\/div>\n\t\t\t\t<\/div>\n\t\t\t\t<\/div>\n\t\t\t\t\t\t<\/div>\n\t\t\t\t\t<\/div>\n\t\t<\/div>\n\t\t\t\t\t\t\t\t<\/div>\n\t\t\t\t\t<\/div>\n\t\t<\/section>\n\t\t\t\t<section class=\"elementor-section elementor-top-section elementor-element elementor-element-2bc8711 elementor-section-boxed elementor-section-height-default elementor-section-height-default\" data-id=\"2bc8711\" data-element_type=\"section\">\n\t\t\t\t\t\t<div class=\"elementor-container elementor-column-gap-default\">\n\t\t\t\t\t\t\t<div class=\"elementor-row\">\n\t\t\t\t\t<div class=\"elementor-column elementor-col-33 elementor-top-column elementor-element elementor-element-7c41310\" data-id=\"7c41310\" data-element_type=\"column\">\n\t\t\t<div class=\"elementor-column-wrap elementor-element-populated\">\n\t\t\t\t\t\t\t<div class=\"elementor-widget-wrap\">\n\t\t\t\t\t\t<div class=\"elementor-element elementor-element-deb52c2 elementor-widget elementor-widget-text-editor\" data-id=\"deb52c2\" data-element_type=\"widget\" data-widget_type=\"text-editor.default\">\n\t\t\t\t<div class=\"elementor-widget-container\">\n\t\t\t\t\t<div class=\"elementor-text-editor elementor-clearfix\"><p>N\u00e3o atingindo o tamanho dos Ursos de Kamchatka, esta sub esp\u00e9cie tem como caracter\u00edsticas uma pelagem mais escura, cr\u00e2nio largo e dentes curvos. No Inverno o Lobo \u00e9 abundante.<\/p><\/div>\n\t\t\t\t<\/div>\n\t\t\t\t<\/div>\n\t\t\t\t\t\t<\/div>\n\t\t\t\t\t<\/div>\n\t\t<\/div>\n\t\t\t\t<div class=\"elementor-column elementor-col-66 elementor-top-column elementor-element elementor-element-dec4adb\" data-id=\"dec4adb\" data-element_type=\"column\">\n\t\t\t<div class=\"elementor-column-wrap elementor-element-populated\">\n\t\t\t\t\t\t\t<div class=\"elementor-widget-wrap\">\n\t\t\t\t\t\t<div class=\"elementor-element elementor-element-1b6f099 elementor-widget elementor-widget-image-gallery\" data-id=\"1b6f099\" data-element_type=\"widget\" data-widget_type=\"image-gallery.default\">\n\t\t\t\t<div class=\"elementor-widget-container\">\n\t\t\t\t\t<div class=\"elementor-image-gallery\">\n\t\t\t\n\t\t<style type=\"text\/css\">\n\t\t\t#gallery-2 {\n\t\t\t\tmargin: auto;\n\t\t\t}\n\t\t\t#gallery-2 .gallery-item {\n\t\t\t\tfloat: left;\n\t\t\t\tmargin-top: 10px;\n\t\t\t\ttext-align: center;\n\t\t\t\twidth: 50%;\n\t\t\t}\n\t\t\t#gallery-2 img {\n\t\t\t\tborder: 2px solid #cfcfcf;\n\t\t\t}\n\t\t\t#gallery-2 .gallery-caption {\n\t\t\t\tmargin-left: 0;\n\t\t\t}\n\t\t\t\/* see gallery_shortcode() in wp-includes\/media.php *\/\n\t\t<\/style>\n\t\t<div id='gallery-2' class='gallery galleryid-7055 gallery-columns-2 gallery-size-medium'><dl class='gallery-item'>\n\t\t\t<dt class='gallery-icon landscape'>\n\t\t\t\t<a data-elementor-open-lightbox=\"yes\" data-elementor-lightbox-slideshow=\"1b6f099\" data-elementor-lightbox-title=\"amur_brown_bear_02\" href=\"https:\/\/portugalhunting.com\/wp-content\/uploads\/2021\/01\/amur_brown_bear_02.jpg\" rel=\"prettyPhoto[gallery-VBtH]\"><img width=\"300\" height=\"225\" src=\"https:\/\/portugalhunting.com\/wp-content\/uploads\/2021\/01\/amur_brown_bear_02-300x225.jpg\" class=\"attachment-medium size-medium\" alt=\"\" loading=\"lazy\" aria-describedby=\"gallery-2-7319\" srcset=\"https:\/\/portugalhunting.com\/wp-content\/uploads\/2021\/01\/amur_brown_bear_02-300x225.jpg 300w, https:\/\/portugalhunting.com\/wp-content\/uploads\/2021\/01\/amur_brown_bear_02-768x576.jpg 768w, https:\/\/portugalhunting.com\/wp-content\/uploads\/2021\/01\/amur_brown_bear_02.jpg 800w\" sizes=\"(max-width: 300px) 100vw, 300px\" \/><\/a>\n\t\t\t<\/dt>\n\t\t\t\t<dd class='wp-caption-text gallery-caption' id='gallery-2-7319'>\n\t\t\t\tUrso Europeu\n\t\t\t\t<\/dd><\/dl><dl class='gallery-item'>\n\t\t\t<dt class='gallery-icon landscape'>\n\t\t\t\t<a data-elementor-open-lightbox=\"yes\" data-elementor-lightbox-slideshow=\"1b6f099\" data-elementor-lightbox-title=\"amur_brown_bear_03\" href=\"https:\/\/portugalhunting.com\/wp-content\/uploads\/2021\/01\/amur_brown_bear_03.jpg\" rel=\"prettyPhoto[gallery-VBtH]\"><img width=\"300\" height=\"225\" src=\"https:\/\/portugalhunting.com\/wp-content\/uploads\/2021\/01\/amur_brown_bear_03-300x225.jpg\" class=\"attachment-medium size-medium\" alt=\"\" loading=\"lazy\" aria-describedby=\"gallery-2-7320\" srcset=\"https:\/\/portugalhunting.com\/wp-content\/uploads\/2021\/01\/amur_brown_bear_03-300x225.jpg 300w, https:\/\/portugalhunting.com\/wp-content\/uploads\/2021\/01\/amur_brown_bear_03-768x576.jpg 768w, https:\/\/portugalhunting.com\/wp-content\/uploads\/2021\/01\/amur_brown_bear_03.jpg 800w\" sizes=\"(max-width: 300px) 100vw, 300px\" \/><\/a>\n\t\t\t<\/dt>\n\t\t\t\t<dd class='wp-caption-text gallery-caption' id='gallery-2-7320'>\n\t\t\t\tUrso Europeu\n\t\t\t\t<\/dd><\/dl><br style=\"clear: both\" \/>\n\t\t<\/div>\n\t\t<\/div>\n\t\t\t\t<\/div>\n\t\t\t\t<\/div>\n\t\t\t\t\t\t<\/div>\n\t\t\t\t\t<\/div>\n\t\t<\/div>\n\t\t\t\t\t\t\t\t<\/div>\n\t\t\t\t\t<\/div>\n\t\t<\/section>\n\t\t\t\t<section class=\"elementor-section elementor-top-section elementor-element elementor-element-e5c5bdf elementor-section-boxed elementor-section-height-default elementor-section-height-default\" data-id=\"e5c5bdf\" data-element_type=\"section\">\n\t\t\t\t\t\t<div class=\"elementor-container elementor-column-gap-default\">\n\t\t\t\t\t\t\t<div class=\"elementor-row\">\n\t\t\t\t\t<div class=\"elementor-column elementor-col-100 elementor-top-column elementor-element elementor-element-32f12dc\" data-id=\"32f12dc\" data-element_type=\"column\">\n\t\t\t<div class=\"elementor-column-wrap elementor-element-populated\">\n\t\t\t\t\t\t\t<div class=\"elementor-widget-wrap\">\n\t\t\t\t\t\t<div class=\"elementor-element elementor-element-46a1372 elementor-widget elementor-widget-spacer\" data-id=\"46a1372\" data-element_type=\"widget\" data-widget_type=\"spacer.default\">\n\t\t\t\t<div class=\"elementor-widget-container\">\n\t\t\t\t\t<div class=\"elementor-spacer\">\n\t\t\t<div class=\"elementor-spacer-inner\"><\/div>\n\t\t<\/div>\n\t\t\t\t<\/div>\n\t\t\t\t<\/div>\n\t\t\t\t\t\t<\/div>\n\t\t\t\t\t<\/div>\n\t\t<\/div>\n\t\t\t\t\t\t\t\t<\/div>\n\t\t\t\t\t<\/div>\n\t\t<\/section>\n\t\t\t\t<section class=\"elementor-section elementor-top-section elementor-element elementor-element-73d1823 elementor-section-boxed elementor-section-height-default elementor-section-height-default\" data-id=\"73d1823\" data-element_type=\"section\">\n\t\t\t\t\t\t<div class=\"elementor-container elementor-column-gap-default\">\n\t\t\t\t\t\t\t<div class=\"elementor-row\">\n\t\t\t\t\t<div class=\"elementor-column elementor-col-100 elementor-top-column elementor-element elementor-element-9dd4bba\" data-id=\"9dd4bba\" data-element_type=\"column\">\n\t\t\t<div class=\"elementor-column-wrap elementor-element-populated\">\n\t\t\t\t\t\t\t<div class=\"elementor-widget-wrap\">\n\t\t\t\t\t\t<div class=\"elementor-element elementor-element-c595a9d elementor-arrows-position-inside elementor-pagination-position-outside elementor-widget elementor-widget-image-carousel\" data-id=\"c595a9d\" data-element_type=\"widget\" data-settings=\"{&quot;navigation&quot;:&quot;both&quot;,&quot;autoplay&quot;:&quot;yes&quot;,&quot;pause_on_hover&quot;:&quot;yes&quot;,&quot;pause_on_interaction&quot;:&quot;yes&quot;,&quot;autoplay_speed&quot;:5000,&quot;infinite&quot;:&quot;yes&quot;,&quot;speed&quot;:500}\" data-widget_type=\"image-carousel.default\">\n\t\t\t\t<div class=\"elementor-widget-container\">\n\t\t\t\t\t<div class=\"elementor-image-carousel-wrapper swiper-container\" dir=\"ltr\">\n\t\t\t<div class=\"elementor-image-carousel swiper-wrapper swiper-image-stretch\">\n\t\t\t\t<div class=\"swiper-slide\"><figure class=\"swiper-slide-inner\"><img class=\"swiper-slide-image\" src=\"https:\/\/portugalhunting.com\/wp-content\/uploads\/2021\/01\/auerhahn_birkhahn_01-300x225.jpg\" alt=\"auerhahn_birkhahn_01\" \/><\/figure><\/div><div class=\"swiper-slide\"><figure class=\"swiper-slide-inner\"><img class=\"swiper-slide-image\" src=\"https:\/\/portugalhunting.com\/wp-content\/uploads\/2021\/01\/auerhahn_birkhahn_05-300x225.jpg\" alt=\"auerhahn_birkhahn_05\" \/><\/figure><\/div><div class=\"swiper-slide\"><figure class=\"swiper-slide-inner\"><img class=\"swiper-slide-image\" src=\"https:\/\/portugalhunting.com\/wp-content\/uploads\/2021\/01\/auerhahn_birkhahn_02-300x225.jpg\" alt=\"auerhahn_birkhahn_02\" \/><\/figure><\/div><div class=\"swiper-slide\"><figure class=\"swiper-slide-inner\"><img class=\"swiper-slide-image\" src=\"https:\/\/portugalhunting.com\/wp-content\/uploads\/2021\/01\/amur_brown_bear_02-300x225.jpg\" alt=\"Urso Europeu\" \/><\/figure><\/div><div class=\"swiper-slide\"><figure class=\"swiper-slide-inner\"><img class=\"swiper-slide-image\" src=\"https:\/\/portugalhunting.com\/wp-content\/uploads\/2021\/01\/auerhahn_birkhahn_06-300x225.jpg\" alt=\"auerhahn_birkhahn_06\" \/><\/figure><\/div><div class=\"swiper-slide\"><figure class=\"swiper-slide-inner\"><img class=\"swiper-slide-image\" src=\"https:\/\/portugalhunting.com\/wp-content\/uploads\/2021\/01\/auerhahn_birkhahn_04-300x225.jpg\" alt=\"Galo Negro\" \/><\/figure><\/div><div class=\"swiper-slide\"><figure class=\"swiper-slide-inner\"><img class=\"swiper-slide-image\" src=\"https:\/\/portugalhunting.com\/wp-content\/uploads\/2021\/01\/auerhahn_birkhahn_03-300x225.jpg\" alt=\"Galo Silvestre\" \/><\/figure><\/div><div class=\"swiper-slide\"><figure class=\"swiper-slide-inner\"><img class=\"swiper-slide-image\" src=\"https:\/\/portugalhunting.com\/wp-content\/uploads\/2021\/01\/amur_brown_bear_03-300x225.jpg\" alt=\"Urso Europeu\" \/><\/figure><\/div>\t\t\t<\/div>\n\t\t\t\t\t\t\t\t\t\t\t\t<div class=\"swiper-pagination\"><\/div>\n\t\t\t\t\t\t\t\t\t\t\t\t\t<div class=\"elementor-swiper-button elementor-swiper-button-prev\">\n\t\t\t\t\t\t<i class=\"eicon-chevron-left\" aria-hidden=\"true\"><\/i>\n\t\t\t\t\t\t<span class=\"elementor-screen-only\">Previous<\/span>\n\t\t\t\t\t<\/div>\n\t\t\t\t\t<div class=\"elementor-swiper-button elementor-swiper-button-next\">\n\t\t\t\t\t\t<i class=\"eicon-chevron-right\" aria-hidden=\"true\"><\/i>\n\t\t\t\t\t\t<span class=\"elementor-screen-only\">Next<\/span>\n\t\t\t\t\t<\/div>\n\t\t\t\t\t\t\t\t\t<\/div>\n\t\t\t\t<\/div>\n\t\t\t\t<\/div>\n\t\t\t\t\t\t<\/div>\n\t\t\t\t\t<\/div>\n\t\t<\/div>\n\t\t\t\t\t\t\t\t<\/div>\n\t\t\t\t\t<\/div>\n\t\t<\/section>\n\t\t\t\t\t\t<\/div>\n\t\t\t\t\t\t<\/div>\n\t\t\t\t\t<\/div>\n\t\t","protected":false},"excerpt":{"rendered":"<p>Kirov Esta regi\u00e3o situa-se a 800km de Moskovo, bem no centro da R\u00fassia Europeia, a oeste dos Urais. Tem o habitat ideal para o Galo Silvestre, o Galo Negro, o\u00a0&#8230;<\/p>\n","protected":false},"author":2,"featured_media":0,"parent":0,"menu_order":0,"comment_status":"closed","ping_status":"closed","template":"","meta":[],"_links":{"self":[{"href":"https:\/\/portugalhunting.com\/en\/wp-json\/wp\/v2\/pages\/7055"}],"collection":[{"href":"https:\/\/portugalhunting.com\/en\/wp-json\/wp\/v2\/pages"}],"about":[{"href":"https:\/\/portugalhunting.com\/en\/wp-json\/wp\/v2\/types\/page"}],"author":[{"embeddable":true,"href":"https:\/\/portugalhunting.com\/en\/wp-json\/wp\/v2\/users\/2"}],"replies":[{"embeddable":true,"href":"https:\/\/portugalhunting.com\/en\/wp-json\/wp\/v2\/comments?post=7055"}],"version-history":[{"count":7,"href":"https:\/\/portugalhunting.com\/en\/wp-json\/wp\/v2\/pages\/7055\/revisions"}],"predecessor-version":[{"id":7330,"href":"https:\/\/portugalhunting.com\/en\/wp-json\/wp\/v2\/pages\/7055\/revisions\/7330"}],"wp:attachment":[{"href":"https:\/\/portugalhunting.com\/en\/wp-json\/wp\/v2\/media?parent=7055"}],"curies":[{"name":"wp","href":"https:\/\/api.w.org\/{rel}","templated":true}]}}