{"id":7051,"date":"2021-01-08T10:20:34","date_gmt":"2021-01-08T10:20:34","guid":{"rendered":"https:\/\/portugalhunting.com\/?page_id=7051"},"modified":"2021-01-19T11:32:06","modified_gmt":"2021-01-19T11:32:06","slug":"dagestan","status":"publish","type":"page","link":"https:\/\/portugalhunting.com\/en\/dagestan\/","title":{"rendered":"Dagestan"},"content":{"rendered":"\t\t<div data-elementor-type=\"wp-page\" data-elementor-id=\"7051\" class=\"elementor elementor-7051\" data-elementor-settings=\"[]\">\n\t\t\t\t\t\t<div class=\"elementor-inner\">\n\t\t\t\t\t\t\t<div class=\"elementor-section-wrap\">\n\t\t\t\t\t\t\t<section class=\"elementor-section elementor-top-section elementor-element elementor-element-e9d9286 elementor-section-boxed elementor-section-height-default elementor-section-height-default\" data-id=\"e9d9286\" data-element_type=\"section\">\n\t\t\t\t\t\t<div class=\"elementor-container elementor-column-gap-default\">\n\t\t\t\t\t\t\t<div class=\"elementor-row\">\n\t\t\t\t\t<div class=\"elementor-column elementor-col-100 elementor-top-column elementor-element elementor-element-186ccd8\" data-id=\"186ccd8\" data-element_type=\"column\">\n\t\t\t<div class=\"elementor-column-wrap elementor-element-populated\">\n\t\t\t\t\t\t\t<div class=\"elementor-widget-wrap\">\n\t\t\t\t\t\t<div class=\"elementor-element elementor-element-40a7c1e elementor-widget elementor-widget-heading\" data-id=\"40a7c1e\" data-element_type=\"widget\" data-widget_type=\"heading.default\">\n\t\t\t\t<div class=\"elementor-widget-container\">\n\t\t\t<h2 class=\"elementor-heading-title elementor-size-default\">Dagestan Tur na Russia ou no Azerbeij\u00e3o<\/h2>\t\t<\/div>\n\t\t\t\t<\/div>\n\t\t\t\t\t\t<\/div>\n\t\t\t\t\t<\/div>\n\t\t<\/div>\n\t\t\t\t\t\t\t\t<\/div>\n\t\t\t\t\t<\/div>\n\t\t<\/section>\n\t\t\t\t<section class=\"elementor-section elementor-top-section elementor-element elementor-element-a86ea2b elementor-section-boxed elementor-section-height-default elementor-section-height-default\" data-id=\"a86ea2b\" data-element_type=\"section\">\n\t\t\t\t\t\t<div class=\"elementor-container elementor-column-gap-default\">\n\t\t\t\t\t\t\t<div class=\"elementor-row\">\n\t\t\t\t\t<div class=\"elementor-column elementor-col-100 elementor-top-column elementor-element elementor-element-6e48632\" data-id=\"6e48632\" data-element_type=\"column\">\n\t\t\t<div class=\"elementor-column-wrap elementor-element-populated\">\n\t\t\t\t\t\t\t<div class=\"elementor-widget-wrap\">\n\t\t\t\t\t\t<div class=\"elementor-element elementor-element-10664fa elementor-widget elementor-widget-spacer\" data-id=\"10664fa\" data-element_type=\"widget\" data-widget_type=\"spacer.default\">\n\t\t\t\t<div class=\"elementor-widget-container\">\n\t\t\t\t\t<div class=\"elementor-spacer\">\n\t\t\t<div class=\"elementor-spacer-inner\"><\/div>\n\t\t<\/div>\n\t\t\t\t<\/div>\n\t\t\t\t<\/div>\n\t\t\t\t\t\t<\/div>\n\t\t\t\t\t<\/div>\n\t\t<\/div>\n\t\t\t\t\t\t\t\t<\/div>\n\t\t\t\t\t<\/div>\n\t\t<\/section>\n\t\t\t\t<section class=\"elementor-section elementor-top-section elementor-element elementor-element-266e590 elementor-section-boxed elementor-section-height-default elementor-section-height-default\" data-id=\"266e590\" data-element_type=\"section\">\n\t\t\t\t\t\t<div class=\"elementor-container elementor-column-gap-default\">\n\t\t\t\t\t\t\t<div class=\"elementor-row\">\n\t\t\t\t\t<div class=\"elementor-column elementor-col-66 elementor-top-column elementor-element elementor-element-b320065\" data-id=\"b320065\" data-element_type=\"column\">\n\t\t\t<div class=\"elementor-column-wrap elementor-element-populated\">\n\t\t\t\t\t\t\t<div class=\"elementor-widget-wrap\">\n\t\t\t\t\t\t<div class=\"elementor-element elementor-element-838df5f elementor-widget elementor-widget-image-gallery\" data-id=\"838df5f\" data-element_type=\"widget\" data-widget_type=\"image-gallery.default\">\n\t\t\t\t<div class=\"elementor-widget-container\">\n\t\t\t\t\t<div class=\"elementor-image-gallery\">\n\t\t\t\n\t\t<style type=\"text\/css\">\n\t\t\t#gallery-1 {\n\t\t\t\tmargin: auto;\n\t\t\t}\n\t\t\t#gallery-1 .gallery-item {\n\t\t\t\tfloat: left;\n\t\t\t\tmargin-top: 10px;\n\t\t\t\ttext-align: center;\n\t\t\t\twidth: 50%;\n\t\t\t}\n\t\t\t#gallery-1 img {\n\t\t\t\tborder: 2px solid #cfcfcf;\n\t\t\t}\n\t\t\t#gallery-1 .gallery-caption {\n\t\t\t\tmargin-left: 0;\n\t\t\t}\n\t\t\t\/* see gallery_shortcode() in wp-includes\/media.php *\/\n\t\t<\/style>\n\t\t<div id='gallery-1' class='gallery galleryid-7051 gallery-columns-2 gallery-size-thumbnail'><dl class='gallery-item'>\n\t\t\t<dt class='gallery-icon landscape'>\n\t\t\t\t<a data-elementor-open-lightbox=\"yes\" data-elementor-lightbox-slideshow=\"838df5f\" data-elementor-lightbox-title=\"dagestan\" href=\"https:\/\/portugalhunting.com\/wp-content\/uploads\/2021\/01\/dagestan.jpg\" rel=\"prettyPhoto[gallery-Ekcq]\"><img width=\"150\" height=\"150\" src=\"https:\/\/portugalhunting.com\/wp-content\/uploads\/2021\/01\/dagestan-150x150.jpg\" class=\"attachment-thumbnail size-thumbnail\" alt=\"\" loading=\"lazy\" srcset=\"https:\/\/portugalhunting.com\/wp-content\/uploads\/2021\/01\/dagestan-150x150.jpg 150w, https:\/\/portugalhunting.com\/wp-content\/uploads\/2021\/01\/dagestan-100x100.jpg 100w\" sizes=\"(max-width: 150px) 100vw, 150px\" \/><\/a>\n\t\t\t<\/dt><\/dl><dl class='gallery-item'>\n\t\t\t<dt class='gallery-icon landscape'>\n\t\t\t\t<a data-elementor-open-lightbox=\"yes\" data-elementor-lightbox-slideshow=\"838df5f\" data-elementor-lightbox-title=\"dagestan mountain\" href=\"https:\/\/portugalhunting.com\/wp-content\/uploads\/2021\/01\/dagestan-mountain.jpg\" rel=\"prettyPhoto[gallery-Ekcq]\"><img width=\"150\" height=\"150\" src=\"https:\/\/portugalhunting.com\/wp-content\/uploads\/2021\/01\/dagestan-mountain-150x150.jpg\" class=\"attachment-thumbnail size-thumbnail\" alt=\"\" loading=\"lazy\" srcset=\"https:\/\/portugalhunting.com\/wp-content\/uploads\/2021\/01\/dagestan-mountain-150x150.jpg 150w, https:\/\/portugalhunting.com\/wp-content\/uploads\/2021\/01\/dagestan-mountain-100x100.jpg 100w\" sizes=\"(max-width: 150px) 100vw, 150px\" \/><\/a>\n\t\t\t<\/dt><\/dl><br style=\"clear: both\" \/><dl class='gallery-item'>\n\t\t\t<dt class='gallery-icon landscape'>\n\t\t\t\t<a data-elementor-open-lightbox=\"yes\" data-elementor-lightbox-slideshow=\"838df5f\" data-elementor-lightbox-title=\"dagestan map\" href=\"https:\/\/portugalhunting.com\/wp-content\/uploads\/2021\/01\/dagestan-map.jpg\" rel=\"prettyPhoto[gallery-Ekcq]\"><img width=\"150\" height=\"150\" src=\"https:\/\/portugalhunting.com\/wp-content\/uploads\/2021\/01\/dagestan-map-150x150.jpg\" class=\"attachment-thumbnail size-thumbnail\" alt=\"\" loading=\"lazy\" srcset=\"https:\/\/portugalhunting.com\/wp-content\/uploads\/2021\/01\/dagestan-map-150x150.jpg 150w, https:\/\/portugalhunting.com\/wp-content\/uploads\/2021\/01\/dagestan-map-100x100.jpg 100w\" sizes=\"(max-width: 150px) 100vw, 150px\" \/><\/a>\n\t\t\t<\/dt><\/dl><dl class='gallery-item'>\n\t\t\t<dt class='gallery-icon landscape'>\n\t\t\t\t<a data-elementor-open-lightbox=\"yes\" data-elementor-lightbox-slideshow=\"838df5f\" data-elementor-lightbox-title=\"dagestan_tur_azerbaijan_02\" href=\"https:\/\/portugalhunting.com\/wp-content\/uploads\/2021\/01\/dagestan_tur_azerbaijan_02.jpg\" rel=\"prettyPhoto[gallery-Ekcq]\"><img width=\"150\" height=\"150\" src=\"https:\/\/portugalhunting.com\/wp-content\/uploads\/2021\/01\/dagestan_tur_azerbaijan_02-150x150.jpg\" class=\"attachment-thumbnail size-thumbnail\" alt=\"\" loading=\"lazy\" srcset=\"https:\/\/portugalhunting.com\/wp-content\/uploads\/2021\/01\/dagestan_tur_azerbaijan_02-150x150.jpg 150w, https:\/\/portugalhunting.com\/wp-content\/uploads\/2021\/01\/dagestan_tur_azerbaijan_02-100x100.jpg 100w, https:\/\/portugalhunting.com\/wp-content\/uploads\/2021\/01\/dagestan_tur_azerbaijan_02-500x500.jpg 500w, https:\/\/portugalhunting.com\/wp-content\/uploads\/2021\/01\/dagestan_tur_azerbaijan_02-350x350.jpg 350w\" sizes=\"(max-width: 150px) 100vw, 150px\" \/><\/a>\n\t\t\t<\/dt><\/dl><br style=\"clear: both\" \/><dl class='gallery-item'>\n\t\t\t<dt class='gallery-icon landscape'>\n\t\t\t\t<a data-elementor-open-lightbox=\"yes\" data-elementor-lightbox-slideshow=\"838df5f\" data-elementor-lightbox-title=\"2019_dagestan_tur_rus_03\" href=\"https:\/\/portugalhunting.com\/wp-content\/uploads\/2021\/01\/2019_dagestan_tur_rus_03.jpg\" rel=\"prettyPhoto[gallery-Ekcq]\"><img width=\"150\" height=\"150\" src=\"https:\/\/portugalhunting.com\/wp-content\/uploads\/2021\/01\/2019_dagestan_tur_rus_03-150x150.jpg\" class=\"attachment-thumbnail size-thumbnail\" alt=\"\" loading=\"lazy\" srcset=\"https:\/\/portugalhunting.com\/wp-content\/uploads\/2021\/01\/2019_dagestan_tur_rus_03-150x150.jpg 150w, https:\/\/portugalhunting.com\/wp-content\/uploads\/2021\/01\/2019_dagestan_tur_rus_03-300x300.jpg 300w, https:\/\/portugalhunting.com\/wp-content\/uploads\/2021\/01\/2019_dagestan_tur_rus_03-100x100.jpg 100w, https:\/\/portugalhunting.com\/wp-content\/uploads\/2021\/01\/2019_dagestan_tur_rus_03-500x500.jpg 500w, https:\/\/portugalhunting.com\/wp-content\/uploads\/2021\/01\/2019_dagestan_tur_rus_03-350x350.jpg 350w, https:\/\/portugalhunting.com\/wp-content\/uploads\/2021\/01\/2019_dagestan_tur_rus_03.jpg 550w\" sizes=\"(max-width: 150px) 100vw, 150px\" \/><\/a>\n\t\t\t<\/dt><\/dl><dl class='gallery-item'>\n\t\t\t<dt class='gallery-icon landscape'>\n\t\t\t\t<a data-elementor-open-lightbox=\"yes\" data-elementor-lightbox-slideshow=\"838df5f\" data-elementor-lightbox-title=\"dagestan_tur_azerbaijan_06\" href=\"https:\/\/portugalhunting.com\/wp-content\/uploads\/2021\/01\/dagestan_tur_azerbaijan_06.jpg\" rel=\"prettyPhoto[gallery-Ekcq]\"><img width=\"150\" height=\"150\" src=\"https:\/\/portugalhunting.com\/wp-content\/uploads\/2021\/01\/dagestan_tur_azerbaijan_06-150x150.jpg\" class=\"attachment-thumbnail size-thumbnail\" alt=\"\" loading=\"lazy\" srcset=\"https:\/\/portugalhunting.com\/wp-content\/uploads\/2021\/01\/dagestan_tur_azerbaijan_06-150x150.jpg 150w, https:\/\/portugalhunting.com\/wp-content\/uploads\/2021\/01\/dagestan_tur_azerbaijan_06-100x100.jpg 100w, https:\/\/portugalhunting.com\/wp-content\/uploads\/2021\/01\/dagestan_tur_azerbaijan_06-500x500.jpg 500w, https:\/\/portugalhunting.com\/wp-content\/uploads\/2021\/01\/dagestan_tur_azerbaijan_06-350x350.jpg 350w\" sizes=\"(max-width: 150px) 100vw, 150px\" \/><\/a>\n\t\t\t<\/dt><\/dl><br style=\"clear: both\" \/>\n\t\t<\/div>\n\t\t<\/div>\n\t\t\t\t<\/div>\n\t\t\t\t<\/div>\n\t\t\t\t\t\t<\/div>\n\t\t\t\t\t<\/div>\n\t\t<\/div>\n\t\t\t\t<div class=\"elementor-column elementor-col-33 elementor-top-column elementor-element elementor-element-20e37b0\" data-id=\"20e37b0\" data-element_type=\"column\">\n\t\t\t<div class=\"elementor-column-wrap elementor-element-populated\">\n\t\t\t\t\t\t\t<div class=\"elementor-widget-wrap\">\n\t\t\t\t\t\t<div class=\"elementor-element elementor-element-de46f01 elementor-widget elementor-widget-text-editor\" data-id=\"de46f01\" data-element_type=\"widget\" data-widget_type=\"text-editor.default\">\n\t\t\t\t<div class=\"elementor-widget-container\">\n\t\t\t\t\t<div class=\"elementor-text-editor elementor-clearfix\"><p>As populares aproxima\u00e7\u00f5es ao Tur do Dagestan s\u00e3o procuradas por ca\u00e7adores que queiram realizar viagens em que possam combinar com as outras esp\u00e9cies de Tur que existem nas montanhas do C\u00e1ucaso. S\u00f3 demora 3 horas de viagem entre esta \u00e1rea e a do Tur do C\u00e1ucaso Central ou 7 horas para a do Tur de Kuban. Tamb\u00e9m se pode combinar com a Camur\u00e7a do C\u00e1ucaso . A qualidade dos trof\u00e9us nesta \u00e1rea competem com os existentes no Azerbeij\u00e3o. Todos os anos conseguem-se trof\u00e9us entre 37 e 39 polegada<\/p><\/div>\n\t\t\t\t<\/div>\n\t\t\t\t<\/div>\n\t\t\t\t\t\t<\/div>\n\t\t\t\t\t<\/div>\n\t\t<\/div>\n\t\t\t\t\t\t\t\t<\/div>\n\t\t\t\t\t<\/div>\n\t\t<\/section>\n\t\t\t\t<section class=\"elementor-section elementor-top-section elementor-element elementor-element-af29277 elementor-section-boxed elementor-section-height-default elementor-section-height-default\" data-id=\"af29277\" data-element_type=\"section\">\n\t\t\t\t\t\t<div class=\"elementor-container elementor-column-gap-default\">\n\t\t\t\t\t\t\t<div class=\"elementor-row\">\n\t\t\t\t\t<div class=\"elementor-column elementor-col-100 elementor-top-column elementor-element elementor-element-260d9cd\" data-id=\"260d9cd\" data-element_type=\"column\">\n\t\t\t<div class=\"elementor-column-wrap elementor-element-populated\">\n\t\t\t\t\t\t\t<div class=\"elementor-widget-wrap\">\n\t\t\t\t\t\t<div class=\"elementor-element elementor-element-2ef4e04 elementor-widget elementor-widget-spacer\" data-id=\"2ef4e04\" data-element_type=\"widget\" data-widget_type=\"spacer.default\">\n\t\t\t\t<div class=\"elementor-widget-container\">\n\t\t\t\t\t<div class=\"elementor-spacer\">\n\t\t\t<div class=\"elementor-spacer-inner\"><\/div>\n\t\t<\/div>\n\t\t\t\t<\/div>\n\t\t\t\t<\/div>\n\t\t\t\t\t\t<\/div>\n\t\t\t\t\t<\/div>\n\t\t<\/div>\n\t\t\t\t\t\t\t\t<\/div>\n\t\t\t\t\t<\/div>\n\t\t<\/section>\n\t\t\t\t<section class=\"elementor-section elementor-top-section elementor-element elementor-element-79e8e33 elementor-section-boxed elementor-section-height-default elementor-section-height-default\" data-id=\"79e8e33\" data-element_type=\"section\">\n\t\t\t\t\t\t<div class=\"elementor-container elementor-column-gap-default\">\n\t\t\t\t\t\t\t<div class=\"elementor-row\">\n\t\t\t\t\t<div class=\"elementor-column elementor-col-100 elementor-top-column elementor-element elementor-element-3357c1d\" data-id=\"3357c1d\" data-element_type=\"column\">\n\t\t\t<div class=\"elementor-column-wrap elementor-element-populated\">\n\t\t\t\t\t\t\t<div class=\"elementor-widget-wrap\">\n\t\t\t\t\t\t<div class=\"elementor-element elementor-element-4100cc0 elementor-arrows-position-inside elementor-pagination-position-outside elementor-widget elementor-widget-image-carousel\" data-id=\"4100cc0\" data-element_type=\"widget\" data-settings=\"{&quot;navigation&quot;:&quot;both&quot;,&quot;autoplay&quot;:&quot;yes&quot;,&quot;pause_on_hover&quot;:&quot;yes&quot;,&quot;pause_on_interaction&quot;:&quot;yes&quot;,&quot;autoplay_speed&quot;:5000,&quot;infinite&quot;:&quot;yes&quot;,&quot;speed&quot;:500}\" data-widget_type=\"image-carousel.default\">\n\t\t\t\t<div class=\"elementor-widget-container\">\n\t\t\t\t\t<div class=\"elementor-image-carousel-wrapper swiper-container\" dir=\"ltr\">\n\t\t\t<div class=\"elementor-image-carousel swiper-wrapper swiper-image-stretch\">\n\t\t\t\t<div class=\"swiper-slide\"><figure class=\"swiper-slide-inner\"><img class=\"swiper-slide-image\" src=\"https:\/\/portugalhunting.com\/wp-content\/uploads\/2021\/01\/dagestan_tur_azerbaijan_02-300x225.jpg\" alt=\"dagestan_tur_azerbaijan_02\" \/><\/figure><\/div><div class=\"swiper-slide\"><figure class=\"swiper-slide-inner\"><img class=\"swiper-slide-image\" src=\"https:\/\/portugalhunting.com\/wp-content\/uploads\/2021\/01\/dagestan_tur_azerbaijan_04-300x225.jpg\" alt=\"dagestan_tur_azerbaijan_04\" \/><\/figure><\/div><div class=\"swiper-slide\"><figure class=\"swiper-slide-inner\"><img class=\"swiper-slide-image\" src=\"https:\/\/portugalhunting.com\/wp-content\/uploads\/2021\/01\/dagestan_tur_azerbaijan_05-300x225.jpg\" alt=\"dagestan_tur_azerbaijan_05\" \/><\/figure><\/div><div class=\"swiper-slide\"><figure class=\"swiper-slide-inner\"><img class=\"swiper-slide-image\" src=\"https:\/\/portugalhunting.com\/wp-content\/uploads\/2021\/01\/dagestan_tur_azerbaijan_06-300x225.jpg\" alt=\"dagestan_tur_azerbaijan_06\" \/><\/figure><\/div><div class=\"swiper-slide\"><figure class=\"swiper-slide-inner\"><img class=\"swiper-slide-image\" src=\"https:\/\/portugalhunting.com\/wp-content\/uploads\/2021\/01\/dagestan_tur_azerbaijan_03-300x225.jpg\" alt=\"dagestan_tur_azerbaijan_03\" \/><\/figure><\/div><div class=\"swiper-slide\"><figure class=\"swiper-slide-inner\"><img class=\"swiper-slide-image\" src=\"https:\/\/portugalhunting.com\/wp-content\/uploads\/2021\/01\/2019_dagestan_tur_rus_03-300x300.jpg\" alt=\"2019_dagestan_tur_rus_03\" \/><\/figure><\/div>\t\t\t<\/div>\n\t\t\t\t\t\t\t\t\t\t\t\t<div class=\"swiper-pagination\"><\/div>\n\t\t\t\t\t\t\t\t\t\t\t\t\t<div class=\"elementor-swiper-button elementor-swiper-button-prev\">\n\t\t\t\t\t\t<i class=\"eicon-chevron-left\" aria-hidden=\"true\"><\/i>\n\t\t\t\t\t\t<span class=\"elementor-screen-only\">Previous<\/span>\n\t\t\t\t\t<\/div>\n\t\t\t\t\t<div class=\"elementor-swiper-button elementor-swiper-button-next\">\n\t\t\t\t\t\t<i class=\"eicon-chevron-right\" aria-hidden=\"true\"><\/i>\n\t\t\t\t\t\t<span class=\"elementor-screen-only\">Next<\/span>\n\t\t\t\t\t<\/div>\n\t\t\t\t\t\t\t\t\t<\/div>\n\t\t\t\t<\/div>\n\t\t\t\t<\/div>\n\t\t\t\t\t\t<\/div>\n\t\t\t\t\t<\/div>\n\t\t<\/div>\n\t\t\t\t\t\t\t\t<\/div>\n\t\t\t\t\t<\/div>\n\t\t<\/section>\n\t\t\t\t\t\t<\/div>\n\t\t\t\t\t\t<\/div>\n\t\t\t\t\t<\/div>\n\t\t","protected":false},"excerpt":{"rendered":"<p>Dagestan Tur na Russia ou no Azerbeij\u00e3o As populares aproxima\u00e7\u00f5es ao Tur do Dagestan s\u00e3o procuradas por ca\u00e7adores que queiram realizar viagens em que possam combinar com as outras esp\u00e9cies&#8230;<\/p>\n","protected":false},"author":2,"featured_media":0,"parent":0,"menu_order":0,"comment_status":"closed","ping_status":"closed","template":"","meta":[],"_links":{"self":[{"href":"https:\/\/portugalhunting.com\/en\/wp-json\/wp\/v2\/pages\/7051"}],"collection":[{"href":"https:\/\/portugalhunting.com\/en\/wp-json\/wp\/v2\/pages"}],"about":[{"href":"https:\/\/portugalhunting.com\/en\/wp-json\/wp\/v2\/types\/page"}],"author":[{"embeddable":true,"href":"https:\/\/portugalhunting.com\/en\/wp-json\/wp\/v2\/users\/2"}],"replies":[{"embeddable":true,"href":"https:\/\/portugalhunting.com\/en\/wp-json\/wp\/v2\/comments?post=7051"}],"version-history":[{"count":10,"href":"https:\/\/portugalhunting.com\/en\/wp-json\/wp\/v2\/pages\/7051\/revisions"}],"predecessor-version":[{"id":7299,"href":"https:\/\/portugalhunting.com\/en\/wp-json\/wp\/v2\/pages\/7051\/revisions\/7299"}],"wp:attachment":[{"href":"https:\/\/portugalhunting.com\/en\/wp-json\/wp\/v2\/media?parent=7051"}],"curies":[{"name":"wp","href":"https:\/\/api.w.org\/{rel}","templated":true}]}}