{"id":7047,"date":"2021-01-08T10:19:50","date_gmt":"2021-01-08T10:19:50","guid":{"rendered":"https:\/\/portugalhunting.com\/?page_id=7047"},"modified":"2021-01-19T11:28:49","modified_gmt":"2021-01-19T11:28:49","slug":"kamchatka","status":"publish","type":"page","link":"https:\/\/portugalhunting.com\/en\/kamchatka\/","title":{"rendered":"Kamchatka"},"content":{"rendered":"\t\t<div data-elementor-type=\"wp-page\" data-elementor-id=\"7047\" class=\"elementor elementor-7047\" data-elementor-settings=\"[]\">\n\t\t\t\t\t\t<div class=\"elementor-inner\">\n\t\t\t\t\t\t\t<div class=\"elementor-section-wrap\">\n\t\t\t\t\t\t\t<section class=\"elementor-section elementor-top-section elementor-element elementor-element-79ed25b elementor-section-boxed elementor-section-height-default elementor-section-height-default\" data-id=\"79ed25b\" data-element_type=\"section\">\n\t\t\t\t\t\t<div class=\"elementor-container elementor-column-gap-default\">\n\t\t\t\t\t\t\t<div class=\"elementor-row\">\n\t\t\t\t\t<div class=\"elementor-column elementor-col-100 elementor-top-column elementor-element elementor-element-6268b42\" data-id=\"6268b42\" data-element_type=\"column\">\n\t\t\t<div class=\"elementor-column-wrap elementor-element-populated\">\n\t\t\t\t\t\t\t<div class=\"elementor-widget-wrap\">\n\t\t\t\t\t\t<div class=\"elementor-element elementor-element-c48e002 elementor-widget elementor-widget-heading\" data-id=\"c48e002\" data-element_type=\"widget\" data-widget_type=\"heading.default\">\n\t\t\t\t<div class=\"elementor-widget-container\">\n\t\t\t<h2 class=\"elementor-heading-title elementor-size-default\">Kamchatka<\/h2>\t\t<\/div>\n\t\t\t\t<\/div>\n\t\t\t\t\t\t<\/div>\n\t\t\t\t\t<\/div>\n\t\t<\/div>\n\t\t\t\t\t\t\t\t<\/div>\n\t\t\t\t\t<\/div>\n\t\t<\/section>\n\t\t\t\t<section class=\"elementor-section elementor-top-section elementor-element elementor-element-570f5bf elementor-section-boxed elementor-section-height-default elementor-section-height-default\" data-id=\"570f5bf\" data-element_type=\"section\">\n\t\t\t\t\t\t<div class=\"elementor-container elementor-column-gap-default\">\n\t\t\t\t\t\t\t<div class=\"elementor-row\">\n\t\t\t\t\t<div class=\"elementor-column elementor-col-100 elementor-top-column elementor-element elementor-element-a33faa2\" data-id=\"a33faa2\" data-element_type=\"column\">\n\t\t\t<div class=\"elementor-column-wrap elementor-element-populated\">\n\t\t\t\t\t\t\t<div class=\"elementor-widget-wrap\">\n\t\t\t\t\t\t<div class=\"elementor-element elementor-element-542f50e elementor-widget elementor-widget-spacer\" data-id=\"542f50e\" data-element_type=\"widget\" data-widget_type=\"spacer.default\">\n\t\t\t\t<div class=\"elementor-widget-container\">\n\t\t\t\t\t<div class=\"elementor-spacer\">\n\t\t\t<div class=\"elementor-spacer-inner\"><\/div>\n\t\t<\/div>\n\t\t\t\t<\/div>\n\t\t\t\t<\/div>\n\t\t\t\t\t\t<\/div>\n\t\t\t\t\t<\/div>\n\t\t<\/div>\n\t\t\t\t\t\t\t\t<\/div>\n\t\t\t\t\t<\/div>\n\t\t<\/section>\n\t\t\t\t<section class=\"elementor-section elementor-top-section elementor-element elementor-element-b2626f1 elementor-section-boxed elementor-section-height-default elementor-section-height-default\" data-id=\"b2626f1\" data-element_type=\"section\">\n\t\t\t\t\t\t<div class=\"elementor-container elementor-column-gap-default\">\n\t\t\t\t\t\t\t<div class=\"elementor-row\">\n\t\t\t\t\t<div class=\"elementor-column elementor-col-100 elementor-top-column elementor-element elementor-element-ac803bd\" data-id=\"ac803bd\" data-element_type=\"column\">\n\t\t\t<div class=\"elementor-column-wrap elementor-element-populated\">\n\t\t\t\t\t\t\t<div class=\"elementor-widget-wrap\">\n\t\t\t\t\t\t<div class=\"elementor-element elementor-element-85cb137 elementor-widget elementor-widget-text-editor\" data-id=\"85cb137\" data-element_type=\"widget\" data-widget_type=\"text-editor.default\">\n\t\t\t\t<div class=\"elementor-widget-container\">\n\t\t\t\t\t<div class=\"elementor-text-editor elementor-clearfix\"><p>Este nome agita o interior de qualquer ca\u00e7ador, s\u00f3 compar\u00e1vel com o Alaska ou \u00c1frica. Nesta pen\u00ednsula de dimens\u00f5es gigantescas encontramos uma variedade de esp\u00e9cies que induz a sua visita por m\u00faltiplas vezes. Tamb\u00e9m nela encontramos as maiores esp\u00e9cies de Alce e Urso assim como uma variedade vasta de Carneiros. <\/p><\/div>\n\t\t\t\t<\/div>\n\t\t\t\t<\/div>\n\t\t\t\t\t\t<\/div>\n\t\t\t\t\t<\/div>\n\t\t<\/div>\n\t\t\t\t\t\t\t\t<\/div>\n\t\t\t\t\t<\/div>\n\t\t<\/section>\n\t\t\t\t<section class=\"elementor-section elementor-top-section elementor-element elementor-element-969cbac elementor-section-boxed elementor-section-height-default elementor-section-height-default\" data-id=\"969cbac\" data-element_type=\"section\">\n\t\t\t\t\t\t<div class=\"elementor-container elementor-column-gap-default\">\n\t\t\t\t\t\t\t<div class=\"elementor-row\">\n\t\t\t\t\t<div class=\"elementor-column elementor-col-66 elementor-top-column elementor-element elementor-element-f50d864\" data-id=\"f50d864\" data-element_type=\"column\">\n\t\t\t<div class=\"elementor-column-wrap elementor-element-populated\">\n\t\t\t\t\t\t\t<div class=\"elementor-widget-wrap\">\n\t\t\t\t\t\t<div class=\"elementor-element elementor-element-8c54f16 elementor-widget elementor-widget-image-gallery\" data-id=\"8c54f16\" data-element_type=\"widget\" data-widget_type=\"image-gallery.default\">\n\t\t\t\t<div class=\"elementor-widget-container\">\n\t\t\t\t\t<div class=\"elementor-image-gallery\">\n\t\t\t\n\t\t<style type=\"text\/css\">\n\t\t\t#gallery-1 {\n\t\t\t\tmargin: auto;\n\t\t\t}\n\t\t\t#gallery-1 .gallery-item {\n\t\t\t\tfloat: left;\n\t\t\t\tmargin-top: 10px;\n\t\t\t\ttext-align: center;\n\t\t\t\twidth: 50%;\n\t\t\t}\n\t\t\t#gallery-1 img {\n\t\t\t\tborder: 2px solid #cfcfcf;\n\t\t\t}\n\t\t\t#gallery-1 .gallery-caption {\n\t\t\t\tmargin-left: 0;\n\t\t\t}\n\t\t\t\/* see gallery_shortcode() in wp-includes\/media.php *\/\n\t\t<\/style>\n\t\t<div id='gallery-1' class='gallery galleryid-7047 gallery-columns-2 gallery-size-thumbnail'><dl class='gallery-item'>\n\t\t\t<dt class='gallery-icon portrait'>\n\t\t\t\t<a data-elementor-open-lightbox=\"yes\" data-elementor-lightbox-slideshow=\"8c54f16\" data-elementor-lightbox-title=\"Kamchatka\" href=\"https:\/\/portugalhunting.com\/wp-content\/uploads\/2021\/01\/Kamchatka.jpg\" rel=\"prettyPhoto[gallery-gYqS]\"><img width=\"150\" height=\"150\" src=\"https:\/\/portugalhunting.com\/wp-content\/uploads\/2021\/01\/Kamchatka-150x150.jpg\" class=\"attachment-thumbnail size-thumbnail\" alt=\"\" loading=\"lazy\" srcset=\"https:\/\/portugalhunting.com\/wp-content\/uploads\/2021\/01\/Kamchatka-150x150.jpg 150w, https:\/\/portugalhunting.com\/wp-content\/uploads\/2021\/01\/Kamchatka-100x100.jpg 100w\" sizes=\"(max-width: 150px) 100vw, 150px\" \/><\/a>\n\t\t\t<\/dt><\/dl><dl class='gallery-item'>\n\t\t\t<dt class='gallery-icon landscape'>\n\t\t\t\t<a data-elementor-open-lightbox=\"yes\" data-elementor-lightbox-slideshow=\"8c54f16\" data-elementor-lightbox-title=\"chukotka_moose_02\" href=\"https:\/\/portugalhunting.com\/wp-content\/uploads\/2021\/01\/chukotka_moose_02.jpg\" rel=\"prettyPhoto[gallery-gYqS]\"><img width=\"150\" height=\"150\" src=\"https:\/\/portugalhunting.com\/wp-content\/uploads\/2021\/01\/chukotka_moose_02-150x150.jpg\" class=\"attachment-thumbnail size-thumbnail\" alt=\"\" loading=\"lazy\" srcset=\"https:\/\/portugalhunting.com\/wp-content\/uploads\/2021\/01\/chukotka_moose_02-150x150.jpg 150w, https:\/\/portugalhunting.com\/wp-content\/uploads\/2021\/01\/chukotka_moose_02-100x100.jpg 100w, https:\/\/portugalhunting.com\/wp-content\/uploads\/2021\/01\/chukotka_moose_02-500x500.jpg 500w, https:\/\/portugalhunting.com\/wp-content\/uploads\/2021\/01\/chukotka_moose_02-350x350.jpg 350w\" sizes=\"(max-width: 150px) 100vw, 150px\" \/><\/a>\n\t\t\t<\/dt><\/dl><br style=\"clear: both\" \/>\n\t\t<\/div>\n\t\t<\/div>\n\t\t\t\t<\/div>\n\t\t\t\t<\/div>\n\t\t\t\t\t\t<\/div>\n\t\t\t\t\t<\/div>\n\t\t<\/div>\n\t\t\t\t<div class=\"elementor-column elementor-col-33 elementor-top-column elementor-element elementor-element-3e3dcd3\" data-id=\"3e3dcd3\" data-element_type=\"column\">\n\t\t\t<div class=\"elementor-column-wrap elementor-element-populated\">\n\t\t\t\t\t\t\t<div class=\"elementor-widget-wrap\">\n\t\t\t\t\t\t<div class=\"elementor-element elementor-element-d4996e0 elementor-widget elementor-widget-text-editor\" data-id=\"d4996e0\" data-element_type=\"widget\" data-widget_type=\"text-editor.default\">\n\t\t\t\t<div class=\"elementor-widget-container\">\n\t\t\t\t\t<div class=\"elementor-text-editor elementor-clearfix\"><p>O Alce de Kamchatka \u00e9 o maior animal do mundo com hastes, muito maior do que \u00e9 expect\u00e1vel. A m\u00e9dia de longitude \u00e9 de 60 polegadas. Habita Chukotka e a parte central da pen\u00ednsula. <\/p><\/div>\n\t\t\t\t<\/div>\n\t\t\t\t<\/div>\n\t\t\t\t\t\t<\/div>\n\t\t\t\t\t<\/div>\n\t\t<\/div>\n\t\t\t\t\t\t\t\t<\/div>\n\t\t\t\t\t<\/div>\n\t\t<\/section>\n\t\t\t\t<section class=\"elementor-section elementor-top-section elementor-element elementor-element-5e594c9 elementor-section-boxed elementor-section-height-default elementor-section-height-default\" data-id=\"5e594c9\" data-element_type=\"section\">\n\t\t\t\t\t\t<div class=\"elementor-container elementor-column-gap-default\">\n\t\t\t\t\t\t\t<div class=\"elementor-row\">\n\t\t\t\t\t<div class=\"elementor-column elementor-col-33 elementor-top-column elementor-element elementor-element-e1fcb25\" data-id=\"e1fcb25\" data-element_type=\"column\">\n\t\t\t<div class=\"elementor-column-wrap elementor-element-populated\">\n\t\t\t\t\t\t\t<div class=\"elementor-widget-wrap\">\n\t\t\t\t\t\t<div class=\"elementor-element elementor-element-6c5201a elementor-widget elementor-widget-text-editor\" data-id=\"6c5201a\" data-element_type=\"widget\" data-widget_type=\"text-editor.default\">\n\t\t\t\t<div class=\"elementor-widget-container\">\n\t\t\t\t\t<div class=\"elementor-text-editor elementor-clearfix\"><p>Nas cadeias montanhosas da pen\u00ednsula\u00a0 e regi\u00f5es lim\u00edtrofes existem\u00a0 v\u00e1rias sub esp\u00e9cies do Carneiro das Neves, com pequenas diferen\u00e7as em tamanho e pelagem, decorrentes do tipo de alimenta\u00e7\u00e3o e clima: Kamchakta, Koryak Yakutia, Okhotsk, Kolyma e Chukotka. A ca\u00e7a de cada uma tem caracter\u00edsticas \u00fanicas, intr\u00ednsecas de cada montanha . <\/p><\/div>\n\t\t\t\t<\/div>\n\t\t\t\t<\/div>\n\t\t\t\t\t\t<\/div>\n\t\t\t\t\t<\/div>\n\t\t<\/div>\n\t\t\t\t<div class=\"elementor-column elementor-col-66 elementor-top-column elementor-element elementor-element-4bfb433\" data-id=\"4bfb433\" data-element_type=\"column\">\n\t\t\t<div class=\"elementor-column-wrap elementor-element-populated\">\n\t\t\t\t\t\t\t<div class=\"elementor-widget-wrap\">\n\t\t\t\t\t\t<div class=\"elementor-element elementor-element-56ac24c elementor-widget elementor-widget-image-gallery\" data-id=\"56ac24c\" data-element_type=\"widget\" data-widget_type=\"image-gallery.default\">\n\t\t\t\t<div class=\"elementor-widget-container\">\n\t\t\t\t\t<div class=\"elementor-image-gallery\">\n\t\t\t\n\t\t<style type=\"text\/css\">\n\t\t\t#gallery-2 {\n\t\t\t\tmargin: auto;\n\t\t\t}\n\t\t\t#gallery-2 .gallery-item {\n\t\t\t\tfloat: left;\n\t\t\t\tmargin-top: 10px;\n\t\t\t\ttext-align: center;\n\t\t\t\twidth: 50%;\n\t\t\t}\n\t\t\t#gallery-2 img {\n\t\t\t\tborder: 2px solid #cfcfcf;\n\t\t\t}\n\t\t\t#gallery-2 .gallery-caption {\n\t\t\t\tmargin-left: 0;\n\t\t\t}\n\t\t\t\/* see gallery_shortcode() in wp-includes\/media.php *\/\n\t\t<\/style>\n\t\t<div id='gallery-2' class='gallery galleryid-7047 gallery-columns-2 gallery-size-thumbnail'><dl class='gallery-item'>\n\t\t\t<dt class='gallery-icon landscape'>\n\t\t\t\t<a data-elementor-open-lightbox=\"yes\" data-elementor-lightbox-slideshow=\"56ac24c\" data-elementor-lightbox-title=\"kamchatka_snow_sheep_04\" href=\"https:\/\/portugalhunting.com\/wp-content\/uploads\/2021\/01\/kamchatka_snow_sheep_04.jpg\" rel=\"prettyPhoto[gallery-gYqS]\"><img width=\"150\" height=\"150\" src=\"https:\/\/portugalhunting.com\/wp-content\/uploads\/2021\/01\/kamchatka_snow_sheep_04-150x150.jpg\" class=\"attachment-thumbnail size-thumbnail\" alt=\"\" loading=\"lazy\" srcset=\"https:\/\/portugalhunting.com\/wp-content\/uploads\/2021\/01\/kamchatka_snow_sheep_04-150x150.jpg 150w, https:\/\/portugalhunting.com\/wp-content\/uploads\/2021\/01\/kamchatka_snow_sheep_04-100x100.jpg 100w, https:\/\/portugalhunting.com\/wp-content\/uploads\/2021\/01\/kamchatka_snow_sheep_04-500x500.jpg 500w, https:\/\/portugalhunting.com\/wp-content\/uploads\/2021\/01\/kamchatka_snow_sheep_04-350x350.jpg 350w\" sizes=\"(max-width: 150px) 100vw, 150px\" \/><\/a>\n\t\t\t<\/dt><\/dl><dl class='gallery-item'>\n\t\t\t<dt class='gallery-icon landscape'>\n\t\t\t\t<a data-elementor-open-lightbox=\"yes\" data-elementor-lightbox-slideshow=\"56ac24c\" data-elementor-lightbox-title=\"kamchatka_snow_sheep_01\" href=\"https:\/\/portugalhunting.com\/wp-content\/uploads\/2021\/01\/kamchatka_snow_sheep_01.jpg\" rel=\"prettyPhoto[gallery-gYqS]\"><img width=\"150\" height=\"150\" src=\"https:\/\/portugalhunting.com\/wp-content\/uploads\/2021\/01\/kamchatka_snow_sheep_01-150x150.jpg\" class=\"attachment-thumbnail size-thumbnail\" alt=\"\" loading=\"lazy\" srcset=\"https:\/\/portugalhunting.com\/wp-content\/uploads\/2021\/01\/kamchatka_snow_sheep_01-150x150.jpg 150w, https:\/\/portugalhunting.com\/wp-content\/uploads\/2021\/01\/kamchatka_snow_sheep_01-100x100.jpg 100w, https:\/\/portugalhunting.com\/wp-content\/uploads\/2021\/01\/kamchatka_snow_sheep_01-500x500.jpg 500w, https:\/\/portugalhunting.com\/wp-content\/uploads\/2021\/01\/kamchatka_snow_sheep_01-350x350.jpg 350w\" sizes=\"(max-width: 150px) 100vw, 150px\" \/><\/a>\n\t\t\t<\/dt><\/dl><br style=\"clear: both\" \/>\n\t\t<\/div>\n\t\t<\/div>\n\t\t\t\t<\/div>\n\t\t\t\t<\/div>\n\t\t\t\t\t\t<\/div>\n\t\t\t\t\t<\/div>\n\t\t<\/div>\n\t\t\t\t\t\t\t\t<\/div>\n\t\t\t\t\t<\/div>\n\t\t<\/section>\n\t\t\t\t<section class=\"elementor-section elementor-top-section elementor-element elementor-element-14f6ec6 elementor-section-boxed elementor-section-height-default elementor-section-height-default\" data-id=\"14f6ec6\" data-element_type=\"section\">\n\t\t\t\t\t\t<div class=\"elementor-container elementor-column-gap-default\">\n\t\t\t\t\t\t\t<div class=\"elementor-row\">\n\t\t\t\t\t<div class=\"elementor-column elementor-col-66 elementor-top-column elementor-element elementor-element-6694ca3\" data-id=\"6694ca3\" data-element_type=\"column\">\n\t\t\t<div class=\"elementor-column-wrap elementor-element-populated\">\n\t\t\t\t\t\t\t<div class=\"elementor-widget-wrap\">\n\t\t\t\t\t\t<div class=\"elementor-element elementor-element-7020486 elementor-widget elementor-widget-image-gallery\" data-id=\"7020486\" data-element_type=\"widget\" data-widget_type=\"image-gallery.default\">\n\t\t\t\t<div class=\"elementor-widget-container\">\n\t\t\t\t\t<div class=\"elementor-image-gallery\">\n\t\t\t\n\t\t<style type=\"text\/css\">\n\t\t\t#gallery-3 {\n\t\t\t\tmargin: auto;\n\t\t\t}\n\t\t\t#gallery-3 .gallery-item {\n\t\t\t\tfloat: left;\n\t\t\t\tmargin-top: 10px;\n\t\t\t\ttext-align: center;\n\t\t\t\twidth: 50%;\n\t\t\t}\n\t\t\t#gallery-3 img {\n\t\t\t\tborder: 2px solid #cfcfcf;\n\t\t\t}\n\t\t\t#gallery-3 .gallery-caption {\n\t\t\t\tmargin-left: 0;\n\t\t\t}\n\t\t\t\/* see gallery_shortcode() in wp-includes\/media.php *\/\n\t\t<\/style>\n\t\t<div id='gallery-3' class='gallery galleryid-7047 gallery-columns-2 gallery-size-thumbnail'><dl class='gallery-item'>\n\t\t\t<dt class='gallery-icon landscape'>\n\t\t\t\t<a data-elementor-open-lightbox=\"yes\" data-elementor-lightbox-slideshow=\"7020486\" data-elementor-lightbox-title=\"kamchatka_brown_bear_05\" href=\"https:\/\/portugalhunting.com\/wp-content\/uploads\/2021\/01\/kamchatka_brown_bear_05.jpg\" rel=\"prettyPhoto[gallery-gYqS]\"><img width=\"150\" height=\"150\" src=\"https:\/\/portugalhunting.com\/wp-content\/uploads\/2021\/01\/kamchatka_brown_bear_05-150x150.jpg\" class=\"attachment-thumbnail size-thumbnail\" alt=\"\" loading=\"lazy\" srcset=\"https:\/\/portugalhunting.com\/wp-content\/uploads\/2021\/01\/kamchatka_brown_bear_05-150x150.jpg 150w, https:\/\/portugalhunting.com\/wp-content\/uploads\/2021\/01\/kamchatka_brown_bear_05-100x100.jpg 100w, https:\/\/portugalhunting.com\/wp-content\/uploads\/2021\/01\/kamchatka_brown_bear_05-500x500.jpg 500w, https:\/\/portugalhunting.com\/wp-content\/uploads\/2021\/01\/kamchatka_brown_bear_05-350x350.jpg 350w\" sizes=\"(max-width: 150px) 100vw, 150px\" \/><\/a>\n\t\t\t<\/dt><\/dl><dl class='gallery-item'>\n\t\t\t<dt class='gallery-icon landscape'>\n\t\t\t\t<a data-elementor-open-lightbox=\"yes\" data-elementor-lightbox-slideshow=\"7020486\" data-elementor-lightbox-title=\"kamchatka_brown_bear_03\" href=\"https:\/\/portugalhunting.com\/wp-content\/uploads\/2021\/01\/kamchatka_brown_bear_03.jpg\" rel=\"prettyPhoto[gallery-gYqS]\"><img width=\"150\" height=\"150\" src=\"https:\/\/portugalhunting.com\/wp-content\/uploads\/2021\/01\/kamchatka_brown_bear_03-150x150.jpg\" class=\"attachment-thumbnail size-thumbnail\" alt=\"\" loading=\"lazy\" srcset=\"https:\/\/portugalhunting.com\/wp-content\/uploads\/2021\/01\/kamchatka_brown_bear_03-150x150.jpg 150w, https:\/\/portugalhunting.com\/wp-content\/uploads\/2021\/01\/kamchatka_brown_bear_03-100x100.jpg 100w, https:\/\/portugalhunting.com\/wp-content\/uploads\/2021\/01\/kamchatka_brown_bear_03-500x500.jpg 500w, https:\/\/portugalhunting.com\/wp-content\/uploads\/2021\/01\/kamchatka_brown_bear_03-350x350.jpg 350w\" sizes=\"(max-width: 150px) 100vw, 150px\" \/><\/a>\n\t\t\t<\/dt><\/dl><br style=\"clear: both\" \/>\n\t\t<\/div>\n\t\t<\/div>\n\t\t\t\t<\/div>\n\t\t\t\t<\/div>\n\t\t\t\t\t\t<\/div>\n\t\t\t\t\t<\/div>\n\t\t<\/div>\n\t\t\t\t<div class=\"elementor-column elementor-col-33 elementor-top-column elementor-element elementor-element-eb1dce6\" data-id=\"eb1dce6\" data-element_type=\"column\">\n\t\t\t<div class=\"elementor-column-wrap elementor-element-populated\">\n\t\t\t\t\t\t\t<div class=\"elementor-widget-wrap\">\n\t\t\t\t\t\t<div class=\"elementor-element elementor-element-75b4f1e elementor-widget elementor-widget-text-editor\" data-id=\"75b4f1e\" data-element_type=\"widget\" data-widget_type=\"text-editor.default\">\n\t\t\t\t<div class=\"elementor-widget-container\">\n\t\t\t\t\t<div class=\"elementor-text-editor elementor-clearfix\"><p>A abund\u00e2ncia de peixe nos rios que correm na pen\u00ednsula e multiplicidade de bagas existentes permitem que os Ursos Pardos que a\u00ed habitam atinjam o m\u00e1ximo de peso e tamanho, s\u00f3 tendo como competidores os que existem na pr\u00f3xima ilha de Kodiak, no Alaska.<\/p><p>70% dos esp\u00e9cimes t\u00eam mais de 3,00 metros e 20% atingem os 3,30!<\/p><\/div>\n\t\t\t\t<\/div>\n\t\t\t\t<\/div>\n\t\t\t\t\t\t<\/div>\n\t\t\t\t\t<\/div>\n\t\t<\/div>\n\t\t\t\t\t\t\t\t<\/div>\n\t\t\t\t\t<\/div>\n\t\t<\/section>\n\t\t\t\t<section class=\"elementor-section elementor-top-section elementor-element elementor-element-223f806 elementor-section-boxed elementor-section-height-default elementor-section-height-default\" data-id=\"223f806\" data-element_type=\"section\">\n\t\t\t\t\t\t<div class=\"elementor-container elementor-column-gap-default\">\n\t\t\t\t\t\t\t<div class=\"elementor-row\">\n\t\t\t\t\t<div class=\"elementor-column elementor-col-100 elementor-top-column elementor-element elementor-element-8026262\" data-id=\"8026262\" data-element_type=\"column\">\n\t\t\t<div class=\"elementor-column-wrap elementor-element-populated\">\n\t\t\t\t\t\t\t<div class=\"elementor-widget-wrap\">\n\t\t\t\t\t\t<div class=\"elementor-element elementor-element-28efe3c elementor-widget elementor-widget-spacer\" data-id=\"28efe3c\" data-element_type=\"widget\" data-widget_type=\"spacer.default\">\n\t\t\t\t<div class=\"elementor-widget-container\">\n\t\t\t\t\t<div class=\"elementor-spacer\">\n\t\t\t<div class=\"elementor-spacer-inner\"><\/div>\n\t\t<\/div>\n\t\t\t\t<\/div>\n\t\t\t\t<\/div>\n\t\t\t\t\t\t<\/div>\n\t\t\t\t\t<\/div>\n\t\t<\/div>\n\t\t\t\t\t\t\t\t<\/div>\n\t\t\t\t\t<\/div>\n\t\t<\/section>\n\t\t\t\t<section class=\"elementor-section elementor-top-section elementor-element elementor-element-b5169b5 elementor-section-boxed elementor-section-height-default elementor-section-height-default\" data-id=\"b5169b5\" data-element_type=\"section\">\n\t\t\t\t\t\t<div class=\"elementor-container elementor-column-gap-default\">\n\t\t\t\t\t\t\t<div class=\"elementor-row\">\n\t\t\t\t\t<div class=\"elementor-column elementor-col-100 elementor-top-column elementor-element elementor-element-de113a9\" data-id=\"de113a9\" data-element_type=\"column\">\n\t\t\t<div class=\"elementor-column-wrap elementor-element-populated\">\n\t\t\t\t\t\t\t<div class=\"elementor-widget-wrap\">\n\t\t\t\t\t\t<div class=\"elementor-element elementor-element-83bc6ab elementor-arrows-position-inside elementor-pagination-position-outside elementor-widget elementor-widget-image-carousel\" data-id=\"83bc6ab\" data-element_type=\"widget\" data-settings=\"{&quot;navigation&quot;:&quot;both&quot;,&quot;autoplay&quot;:&quot;yes&quot;,&quot;pause_on_hover&quot;:&quot;yes&quot;,&quot;pause_on_interaction&quot;:&quot;yes&quot;,&quot;autoplay_speed&quot;:5000,&quot;infinite&quot;:&quot;yes&quot;,&quot;speed&quot;:500}\" data-widget_type=\"image-carousel.default\">\n\t\t\t\t<div class=\"elementor-widget-container\">\n\t\t\t\t\t<div class=\"elementor-image-carousel-wrapper swiper-container\" dir=\"ltr\">\n\t\t\t<div class=\"elementor-image-carousel swiper-wrapper swiper-image-stretch\">\n\t\t\t\t<div class=\"swiper-slide\"><figure class=\"swiper-slide-inner\"><img class=\"swiper-slide-image\" src=\"https:\/\/portugalhunting.com\/wp-content\/uploads\/2021\/01\/chukotka_moose_06-300x225.jpg\" alt=\"chukotka_moose_06\" \/><\/figure><\/div><div class=\"swiper-slide\"><figure class=\"swiper-slide-inner\"><img class=\"swiper-slide-image\" src=\"https:\/\/portugalhunting.com\/wp-content\/uploads\/2021\/01\/kamchatka_brown_bear_02-300x225.jpg\" alt=\"kamchatka_brown_bear_02\" \/><\/figure><\/div><div class=\"swiper-slide\"><figure class=\"swiper-slide-inner\"><img class=\"swiper-slide-image\" src=\"https:\/\/portugalhunting.com\/wp-content\/uploads\/2021\/01\/kamchatka_snow_sheep_06-300x225.jpg\" alt=\"kamchatka_snow_sheep_06\" \/><\/figure><\/div><div class=\"swiper-slide\"><figure class=\"swiper-slide-inner\"><img class=\"swiper-slide-image\" src=\"https:\/\/portugalhunting.com\/wp-content\/uploads\/2021\/01\/chukotka_moose_05-300x225.jpg\" alt=\"chukotka_moose_05\" \/><\/figure><\/div><div class=\"swiper-slide\"><figure class=\"swiper-slide-inner\"><img class=\"swiper-slide-image\" src=\"https:\/\/portugalhunting.com\/wp-content\/uploads\/2021\/01\/kamchatka_brown_bear_03-300x225.jpg\" alt=\"kamchatka_brown_bear_03\" \/><\/figure><\/div><div class=\"swiper-slide\"><figure class=\"swiper-slide-inner\"><img class=\"swiper-slide-image\" src=\"https:\/\/portugalhunting.com\/wp-content\/uploads\/2021\/01\/kamchatka_snow_sheep_05-300x225.jpg\" alt=\"kamchatka_snow_sheep_05\" \/><\/figure><\/div><div class=\"swiper-slide\"><figure class=\"swiper-slide-inner\"><img class=\"swiper-slide-image\" src=\"https:\/\/portugalhunting.com\/wp-content\/uploads\/2021\/01\/chukotka_moose_04-300x225.jpg\" alt=\"chukotka_moose_04\" \/><\/figure><\/div><div class=\"swiper-slide\"><figure class=\"swiper-slide-inner\"><img class=\"swiper-slide-image\" src=\"https:\/\/portugalhunting.com\/wp-content\/uploads\/2021\/01\/kamchatka_brown_bear_04-300x225.jpg\" alt=\"kamchatka_brown_bear_04\" \/><\/figure><\/div><div class=\"swiper-slide\"><figure class=\"swiper-slide-inner\"><img class=\"swiper-slide-image\" src=\"https:\/\/portugalhunting.com\/wp-content\/uploads\/2021\/01\/kamchatka_snow_sheep_04-300x225.jpg\" alt=\"kamchatka_snow_sheep_04\" \/><\/figure><\/div><div class=\"swiper-slide\"><figure class=\"swiper-slide-inner\"><img class=\"swiper-slide-image\" src=\"https:\/\/portugalhunting.com\/wp-content\/uploads\/2021\/01\/chukotka_moose_03-300x225.jpg\" alt=\"chukotka_moose_03\" \/><\/figure><\/div><div class=\"swiper-slide\"><figure class=\"swiper-slide-inner\"><img class=\"swiper-slide-image\" src=\"https:\/\/portugalhunting.com\/wp-content\/uploads\/2021\/01\/kamchatka_brown_bear_05-300x225.jpg\" alt=\"kamchatka_brown_bear_05\" \/><\/figure><\/div><div class=\"swiper-slide\"><figure class=\"swiper-slide-inner\"><img class=\"swiper-slide-image\" src=\"https:\/\/portugalhunting.com\/wp-content\/uploads\/2021\/01\/kamchatka_snow_sheep_03-300x225.jpg\" alt=\"kamchatka_snow_sheep_03\" \/><\/figure><\/div><div class=\"swiper-slide\"><figure class=\"swiper-slide-inner\"><img class=\"swiper-slide-image\" src=\"https:\/\/portugalhunting.com\/wp-content\/uploads\/2021\/01\/chukotka_moose_02-300x225.jpg\" alt=\"chukotka_moose_02\" \/><\/figure><\/div><div class=\"swiper-slide\"><figure class=\"swiper-slide-inner\"><img class=\"swiper-slide-image\" src=\"https:\/\/portugalhunting.com\/wp-content\/uploads\/2021\/01\/kamchatka_brown_bear_06-300x225.jpg\" alt=\"kamchatka_brown_bear_06\" \/><\/figure><\/div><div class=\"swiper-slide\"><figure class=\"swiper-slide-inner\"><img class=\"swiper-slide-image\" src=\"https:\/\/portugalhunting.com\/wp-content\/uploads\/2021\/01\/kamchatka_snow_sheep_02-300x225.jpg\" alt=\"kamchatka_snow_sheep_02\" \/><\/figure><\/div><div class=\"swiper-slide\"><figure class=\"swiper-slide-inner\"><img class=\"swiper-slide-image\" src=\"https:\/\/portugalhunting.com\/wp-content\/uploads\/2021\/01\/kamchatka_snow_sheep_01-300x225.jpg\" alt=\"kamchatka_snow_sheep_01\" \/><\/figure><\/div>\t\t\t<\/div>\n\t\t\t\t\t\t\t\t\t\t\t\t<div class=\"swiper-pagination\"><\/div>\n\t\t\t\t\t\t\t\t\t\t\t\t\t<div class=\"elementor-swiper-button elementor-swiper-button-prev\">\n\t\t\t\t\t\t<i class=\"eicon-chevron-left\" aria-hidden=\"true\"><\/i>\n\t\t\t\t\t\t<span class=\"elementor-screen-only\">Previous<\/span>\n\t\t\t\t\t<\/div>\n\t\t\t\t\t<div class=\"elementor-swiper-button elementor-swiper-button-next\">\n\t\t\t\t\t\t<i class=\"eicon-chevron-right\" aria-hidden=\"true\"><\/i>\n\t\t\t\t\t\t<span class=\"elementor-screen-only\">Next<\/span>\n\t\t\t\t\t<\/div>\n\t\t\t\t\t\t\t\t\t<\/div>\n\t\t\t\t<\/div>\n\t\t\t\t<\/div>\n\t\t\t\t\t\t<\/div>\n\t\t\t\t\t<\/div>\n\t\t<\/div>\n\t\t\t\t\t\t\t\t<\/div>\n\t\t\t\t\t<\/div>\n\t\t<\/section>\n\t\t\t\t\t\t<\/div>\n\t\t\t\t\t\t<\/div>\n\t\t\t\t\t<\/div>\n\t\t","protected":false},"excerpt":{"rendered":"<p>Kamchatka Este nome agita o interior de qualquer ca\u00e7ador, s\u00f3 compar\u00e1vel com o Alaska ou \u00c1frica. Nesta pen\u00ednsula de dimens\u00f5es gigantescas encontramos uma variedade de esp\u00e9cies que induz a sua&#8230;<\/p>\n","protected":false},"author":2,"featured_media":0,"parent":0,"menu_order":0,"comment_status":"closed","ping_status":"closed","template":"","meta":[],"_links":{"self":[{"href":"https:\/\/portugalhunting.com\/en\/wp-json\/wp\/v2\/pages\/7047"}],"collection":[{"href":"https:\/\/portugalhunting.com\/en\/wp-json\/wp\/v2\/pages"}],"about":[{"href":"https:\/\/portugalhunting.com\/en\/wp-json\/wp\/v2\/types\/page"}],"author":[{"embeddable":true,"href":"https:\/\/portugalhunting.com\/en\/wp-json\/wp\/v2\/users\/2"}],"replies":[{"embeddable":true,"href":"https:\/\/portugalhunting.com\/en\/wp-json\/wp\/v2\/comments?post=7047"}],"version-history":[{"count":13,"href":"https:\/\/portugalhunting.com\/en\/wp-json\/wp\/v2\/pages\/7047\/revisions"}],"predecessor-version":[{"id":7293,"href":"https:\/\/portugalhunting.com\/en\/wp-json\/wp\/v2\/pages\/7047\/revisions\/7293"}],"wp:attachment":[{"href":"https:\/\/portugalhunting.com\/en\/wp-json\/wp\/v2\/media?parent=7047"}],"curies":[{"name":"wp","href":"https:\/\/api.w.org\/{rel}","templated":true}]}}